{"id":996,"date":"2025-03-07T16:40:21","date_gmt":"2025-03-07T21:40:21","guid":{"rendered":"https:\/\/gmegatecnologia.com\/?post_type=product&#038;p=996"},"modified":"2025-05-31T14:14:29","modified_gmt":"2025-05-31T19:14:29","slug":"impresora-multifuncional-usb-epson-l3210","status":"publish","type":"product","link":"https:\/\/gmegatecnologia.com\/index.php\/producto\/impresora-multifuncional-usb-epson-l3210\/","title":{"rendered":"IMPRESORA MULTIFUNCIONAL USB EPSON L3210"},"content":{"rendered":"<p>La impresora multifuncional 3 en 1 Epson EcoTank L3210 es una opci\u00f3n ideal para familias, estudiantes y profesionales, ofreciendo un costo de impresi\u00f3n extremadamente bajo. Con la capacidad de imprimir hasta 4.500 p\u00e1ginas en negro o 7.500 p\u00e1ginas a color por juego de botellas de repuesto, garantiza una gran econom\u00eda. Adem\u00e1s, su tecnolog\u00eda Heat-Free garantiza fiabilidad, mientras que la tecnolog\u00eda EcoFitTM facilita la recarga de tinta sin derrames ni errores. Su dise\u00f1o compacto con tanque frontal permite una f\u00e1cil verificaci\u00f3n de los niveles de tinta y ocupa poco espacio. Con una garant\u00eda extendida de hasta 2 a\u00f1os, Epson respalda completamente al usuario, brindando una experiencia de impresi\u00f3n sin preocupaciones y sin cartuchos.<\/p>\n","protected":false},"excerpt":{"rendered":"<p><!--StartFragment --><\/p>\n<ul>\n<li><strong>Tipo: <\/strong>Multifuncional (impresi\u00f3n, copia, escaneo).<\/li>\n<li><strong>Conectividad:<\/strong> <strong>USB<\/strong>.<\/li>\n<li><strong>Impresi\u00f3n:<\/strong> <strong>Sin cartuchos<\/strong>, sistema EcoTank.<\/li>\n<li><strong>Resoluci\u00f3n:<\/strong> <strong>5760 x 1440 dpi<\/strong>.<\/li>\n<li><strong>Velocidad:<\/strong> <strong>10 ppm en negro, 5 ppm en color<\/strong>.<\/li>\n<li><strong>Escaneo:<\/strong> <strong>600 x 1200 dpi<\/strong>, cama plana.<\/li>\n<li><strong>Tinta:<\/strong> <strong>Negro pigmentado, color Dye<\/strong>, rendimiento <strong>4,500 p\u00e1ginas negro, 7,500 color<\/strong>.<\/li>\n<li><strong>Dimensiones:<\/strong> <strong>37.5 x 34.7 x 17.9 cm<\/strong>.<\/li>\n<li><strong>Peso:<\/strong> <strong>4 kg<\/strong>.<\/li>\n<\/ul>\n<p><!--EndFragment --><\/p>\n","protected":false},"featured_media":967,"template":"","meta":[],"product_brand":[],"product_cat":[30],"product_tag":[],"class_list":{"0":"post-996","1":"product","2":"type-product","3":"status-publish","4":"has-post-thumbnail","6":"product_cat-impresoras","8":"first","9":"instock","10":"sale","11":"shipping-taxable","12":"purchasable","13":"product-type-simple"},"_links":{"self":[{"href":"https:\/\/gmegatecnologia.com\/index.php\/wp-json\/wp\/v2\/product\/996","targetHints":{"allow":["GET"]}}],"collection":[{"href":"https:\/\/gmegatecnologia.com\/index.php\/wp-json\/wp\/v2\/product"}],"about":[{"href":"https:\/\/gmegatecnologia.com\/index.php\/wp-json\/wp\/v2\/types\/product"}],"wp:featuredmedia":[{"embeddable":true,"href":"https:\/\/gmegatecnologia.com\/index.php\/wp-json\/wp\/v2\/media\/967"}],"wp:attachment":[{"href":"https:\/\/gmegatecnologia.com\/index.php\/wp-json\/wp\/v2\/media?parent=996"}],"wp:term":[{"taxonomy":"product_brand","embeddable":true,"href":"https:\/\/gmegatecnologia.com\/index.php\/wp-json\/wp\/v2\/product_brand?post=996"},{"taxonomy":"product_cat","embeddable":true,"href":"https:\/\/gmegatecnologia.com\/index.php\/wp-json\/wp\/v2\/product_cat?post=996"},{"taxonomy":"product_tag","embeddable":true,"href":"https:\/\/gmegatecnologia.com\/index.php\/wp-json\/wp\/v2\/product_tag?post=996"}],"curies":[{"name":"wp","href":"https:\/\/api.w.org\/{rel}","templated":true}]}}