{"id":993,"date":"2025-03-07T16:50:22","date_gmt":"2025-03-07T21:50:22","guid":{"rendered":"https:\/\/gmegatecnologia.com\/?post_type=product&#038;p=993"},"modified":"2025-05-31T14:14:32","modified_gmt":"2025-05-31T19:14:32","slug":"impresora-wifi-epson-l1250","status":"publish","type":"product","link":"https:\/\/gmegatecnologia.com\/index.php\/producto\/impresora-wifi-epson-l1250\/","title":{"rendered":"IMPRESORA WIFI EPSON L1250"},"content":{"rendered":"<p>La Epson EcoTank L1250 es una impresora inal\u00e1mbrica econ\u00f3mica y pr\u00e1ctica, ideal para familias y estudiantes. Con su sistema EcoTank, ofrece impresi\u00f3n sin cartuchos y costos bajos. Su dise\u00f1o compacto, conectividad total y tecnolog\u00edas innovadoras la hacen confiable y f\u00e1cil de usar.<\/p>\n","protected":false},"excerpt":{"rendered":"<p><!--StartFragment --><\/p>\n<ul>\n<li><strong>Tipo: <\/strong>Monofuncional (impresi\u00f3n).<\/li>\n<li><strong>Conectividad:<\/strong> <strong>Wi-Fi, Wi-Fi Direct, USB<\/strong>.<\/li>\n<li><strong>Impresi\u00f3n:<\/strong> <strong>Sin cartuchos<\/strong>, sistema EcoTank.<\/li>\n<li><strong>Resoluci\u00f3n:<\/strong> <strong>5760 x 1440 dpi<\/strong>.<\/li>\n<li><strong>Velocidad:<\/strong> <strong>10 ppm en negro, 5 ppm en color<\/strong>.<\/li>\n<li><strong>Tinta:<\/strong> <strong>Negro pigmentado, color Dye<\/strong>, rendimiento <strong>4,500 p\u00e1ginas negro, 7,500 color<\/strong>.<\/li>\n<li><strong>Dimensiones:<\/strong> <strong>37.5 x 34.7 x 16.9 cm<\/strong>.<\/li>\n<li><strong>Peso:<\/strong> <strong>2.9 kg<\/strong>.<\/li>\n<\/ul>\n<p><!--EndFragment --><\/p>\n","protected":false},"featured_media":994,"template":"","meta":[],"product_brand":[],"product_cat":[30],"product_tag":[],"class_list":{"0":"post-993","1":"product","2":"type-product","3":"status-publish","4":"has-post-thumbnail","6":"product_cat-impresoras","8":"first","9":"instock","10":"sale","11":"shipping-taxable","12":"purchasable","13":"product-type-simple"},"_links":{"self":[{"href":"https:\/\/gmegatecnologia.com\/index.php\/wp-json\/wp\/v2\/product\/993","targetHints":{"allow":["GET"]}}],"collection":[{"href":"https:\/\/gmegatecnologia.com\/index.php\/wp-json\/wp\/v2\/product"}],"about":[{"href":"https:\/\/gmegatecnologia.com\/index.php\/wp-json\/wp\/v2\/types\/product"}],"wp:featuredmedia":[{"embeddable":true,"href":"https:\/\/gmegatecnologia.com\/index.php\/wp-json\/wp\/v2\/media\/994"}],"wp:attachment":[{"href":"https:\/\/gmegatecnologia.com\/index.php\/wp-json\/wp\/v2\/media?parent=993"}],"wp:term":[{"taxonomy":"product_brand","embeddable":true,"href":"https:\/\/gmegatecnologia.com\/index.php\/wp-json\/wp\/v2\/product_brand?post=993"},{"taxonomy":"product_cat","embeddable":true,"href":"https:\/\/gmegatecnologia.com\/index.php\/wp-json\/wp\/v2\/product_cat?post=993"},{"taxonomy":"product_tag","embeddable":true,"href":"https:\/\/gmegatecnologia.com\/index.php\/wp-json\/wp\/v2\/product_tag?post=993"}],"curies":[{"name":"wp","href":"https:\/\/api.w.org\/{rel}","templated":true}]}}