{"id":965,"date":"2024-04-17T14:54:02","date_gmt":"2024-04-17T19:54:02","guid":{"rendered":"https:\/\/gmegatecnologia.com\/?post_type=product&#038;p=965"},"modified":"2024-10-14T16:03:22","modified_gmt":"2024-10-14T21:03:22","slug":"impresora-multifuncional-wifi-epson-l3250","status":"publish","type":"product","link":"https:\/\/gmegatecnologia.com\/index.php\/producto\/impresora-multifuncional-wifi-epson-l3250\/","title":{"rendered":"Impresora Multifuncional WIFI Epson L3250"},"content":{"rendered":"<p>La impresora multifuncional Epson EcoTank L3250 es ideal para usuarios que requieren impresiones a color de alta calidad. Utiliza tecnolog\u00eda de inyecci\u00f3n de tinta para obtener resultados n\u00edtidos y vibrantes. Con conectividad WiFi, permite imprimir de forma inal\u00e1mbrica desde dispositivos m\u00f3viles y computadoras. Cuenta con una entrada USB para conexiones directas. Incluye accesorios como la gu\u00eda de instalaci\u00f3n, CD con controladores, cable de alimentaci\u00f3n y cable USB. Sus dimensiones son 25.3 cm de alto, 37.5 cm de ancho y 57.8 cm de profundidad, con un peso de 3.9 KG. La velocidad de impresi\u00f3n a color es de 5 p\u00e1ginas por minuto seg\u00fan la norma ISO, mientras que la velocidad en blanco y negro es de 10.5 p\u00e1ginas por minuto. El esc\u00e1ner ofrece una resoluci\u00f3n de 1.200 dpi x 2.400 dpi para resultados precisos. Cuenta con una bandeja de alimentaci\u00f3n trasera que soporta hasta 100 hojas de tama\u00f1o A4 o Carta. Adem\u00e1s, ofrece una garant\u00eda del proveedor de 2 a\u00f1os con registro del producto. En resumen, la Epson EcoTank L3250 es una impresora multifunci\u00f3n vers\u00e1til y eficiente que permite imprimir, copiar y escanear de forma inal\u00e1mbrica.<\/p>\n","protected":false},"excerpt":{"rendered":"<p>La impresora multifuncional Epson EcoTank L3250 ofrece un bajo costo de impresi\u00f3n, con hasta 4,500 p\u00e1ginas en negro o 7,500 a color por juego de botellas de tinta. Utiliza tecnolog\u00eda Heat-Free para mayor confiabilidad y EcoFit para una recarga f\u00e1cil y limpia. Conectividad total a trav\u00e9s de WiFi y WiFi Direct, as\u00ed como impresi\u00f3n m\u00f3vil con la app Epson Smart Panel. Dise\u00f1o compacto y garant\u00eda extendida de hasta 2 a\u00f1os. Impresi\u00f3n sin cartuchos, sin preocupaciones.<\/p>\n","protected":false},"featured_media":966,"template":"","meta":[],"product_brand":[],"product_cat":[30],"product_tag":[],"class_list":{"0":"post-965","1":"product","2":"type-product","3":"status-publish","4":"has-post-thumbnail","6":"product_cat-impresoras","8":"first","9":"instock","10":"sale","11":"featured","12":"shipping-taxable","13":"purchasable","14":"product-type-simple"},"_links":{"self":[{"href":"https:\/\/gmegatecnologia.com\/index.php\/wp-json\/wp\/v2\/product\/965","targetHints":{"allow":["GET"]}}],"collection":[{"href":"https:\/\/gmegatecnologia.com\/index.php\/wp-json\/wp\/v2\/product"}],"about":[{"href":"https:\/\/gmegatecnologia.com\/index.php\/wp-json\/wp\/v2\/types\/product"}],"wp:featuredmedia":[{"embeddable":true,"href":"https:\/\/gmegatecnologia.com\/index.php\/wp-json\/wp\/v2\/media\/966"}],"wp:attachment":[{"href":"https:\/\/gmegatecnologia.com\/index.php\/wp-json\/wp\/v2\/media?parent=965"}],"wp:term":[{"taxonomy":"product_brand","embeddable":true,"href":"https:\/\/gmegatecnologia.com\/index.php\/wp-json\/wp\/v2\/product_brand?post=965"},{"taxonomy":"product_cat","embeddable":true,"href":"https:\/\/gmegatecnologia.com\/index.php\/wp-json\/wp\/v2\/product_cat?post=965"},{"taxonomy":"product_tag","embeddable":true,"href":"https:\/\/gmegatecnologia.com\/index.php\/wp-json\/wp\/v2\/product_tag?post=965"}],"curies":[{"name":"wp","href":"https:\/\/api.w.org\/{rel}","templated":true}]}}