{"id":5070,"date":"2026-04-09T10:00:48","date_gmt":"2026-04-09T15:00:48","guid":{"rendered":"https:\/\/gmegatecnologia.com\/?post_type=product&#038;p=5070"},"modified":"2026-04-09T11:38:58","modified_gmt":"2026-04-09T16:38:58","slug":"monitor-lcd-samsung-odyssey-g5-s27fg530el-27-wqhd-freesync-ips-negro-ls27fg530elxpe","status":"publish","type":"product","link":"https:\/\/gmegatecnologia.com\/index.php\/producto\/monitor-lcd-samsung-odyssey-g5-s27fg530el-27-wqhd-freesync-ips-negro-ls27fg530elxpe\/","title":{"rendered":"MONITOR LCD SAMSUNG ODYSSEY G5 S27FG530EL 27&#8243; WQHD FREESYNC IPS NEGRO (LS27FG530ELXPE)"},"content":{"rendered":"<p><!--StartFragment --><\/p>\n<p><strong>El Samsung Odyssey G5 S27FG530EL es un monitor gamer de 27\u201d con resoluci\u00f3n WQHD (2560&#215;1440), panel IPS, soporte FreeSync y dise\u00f1o inmersivo, pensado para ofrecer im\u00e1genes m\u00e1s detalladas y fluidas en juegos y entretenimiento<\/strong><\/p>\n<p><!--EndFragment --><\/p>\n","protected":false},"excerpt":{"rendered":"<div>\u2022 Pantalla de 27 pulgadas (26.9\u201d visible)<\/div>\n<div>\u2022 Resoluci\u00f3n QHD (2560&#215;1440)<\/div>\n<div>\u2022 Panel IPS<\/div>\n<div>\u2022 Frecuencia de actualizaci\u00f3n 200Hz<\/div>\n<div>\u2022 Tiempo de respuesta 1ms (MPRT)<\/div>\n<div>\u2022 Relaci\u00f3n de aspecto 16:9<\/div>\n<div>\u2022 Brillo 300 nits<\/div>\n<div>\u2022 Contraste 1000:1<\/div>\n<div>\u2022 \u00c1ngulos de visi\u00f3n 178\u00b0\/178\u00b0<\/div>\n<div>\u2022 Colores 16.7 millones<\/div>\n<div>\u2022 HDR10<\/div>\n<div>\u2022 AMD FreeSync Premium (VRR)<\/div>\n<div>\u2022 Black Equalizer<\/div>\n<div>\u2022 Virtual Aim Point<\/div>\n<div>\u2022 Flicker Free (sin parpadeo)<\/div>\n<div>\u2022 Modo Eye Saver (luz azul)<\/div>\n<div>\u2022 Pantalla antirreflejo<\/div>\n<div>\u2022 Puertos:<\/div>\n<div>2 HDMI 2.0<\/div>\n<div>1 DisplayPort 1.4<\/div>\n<div>Jack de audio<\/div>\n","protected":false},"featured_media":5071,"template":"","meta":[],"product_brand":[],"product_cat":[29],"product_tag":[],"class_list":{"0":"post-5070","1":"product","2":"type-product","3":"status-publish","4":"has-post-thumbnail","6":"product_cat-monitores","8":"first","9":"instock","10":"sale","11":"shipping-taxable","12":"purchasable","13":"product-type-simple"},"_links":{"self":[{"href":"https:\/\/gmegatecnologia.com\/index.php\/wp-json\/wp\/v2\/product\/5070","targetHints":{"allow":["GET"]}}],"collection":[{"href":"https:\/\/gmegatecnologia.com\/index.php\/wp-json\/wp\/v2\/product"}],"about":[{"href":"https:\/\/gmegatecnologia.com\/index.php\/wp-json\/wp\/v2\/types\/product"}],"wp:featuredmedia":[{"embeddable":true,"href":"https:\/\/gmegatecnologia.com\/index.php\/wp-json\/wp\/v2\/media\/5071"}],"wp:attachment":[{"href":"https:\/\/gmegatecnologia.com\/index.php\/wp-json\/wp\/v2\/media?parent=5070"}],"wp:term":[{"taxonomy":"product_brand","embeddable":true,"href":"https:\/\/gmegatecnologia.com\/index.php\/wp-json\/wp\/v2\/product_brand?post=5070"},{"taxonomy":"product_cat","embeddable":true,"href":"https:\/\/gmegatecnologia.com\/index.php\/wp-json\/wp\/v2\/product_cat?post=5070"},{"taxonomy":"product_tag","embeddable":true,"href":"https:\/\/gmegatecnologia.com\/index.php\/wp-json\/wp\/v2\/product_tag?post=5070"}],"curies":[{"name":"wp","href":"https:\/\/api.w.org\/{rel}","templated":true}]}}