{"id":5067,"date":"2026-04-09T10:10:43","date_gmt":"2026-04-09T15:10:43","guid":{"rendered":"https:\/\/gmegatecnologia.com\/?post_type=product&#038;p=5067"},"modified":"2026-04-09T11:38:55","modified_gmt":"2026-04-09T16:38:55","slug":"monitor-27-lg-gaming-ultragear-27g610a-b-g6-ips-2k-qhd-200hz-1ms-pivote-negro-27g610a-b","status":"publish","type":"product","link":"https:\/\/gmegatecnologia.com\/index.php\/producto\/monitor-27-lg-gaming-ultragear-27g610a-b-g6-ips-2k-qhd-200hz-1ms-pivote-negro-27g610a-b\/","title":{"rendered":"MONITOR 27 LG GAMING ULTRAGEAR 27G610A-B G6 IPS 2K QHD 200HZ 1MS PIVOTE NEGRO (27G610A-B)"},"content":{"rendered":"<p><!--StartFragment --><\/p>\n<p>El LG UltraGear 27G610A-B es un monitor gamer de 27\u201d con resoluci\u00f3n 2K QHD (2560&#215;1440), panel IPS, frecuencia de actualizaci\u00f3n de hasta 200Hz y tiempo de respuesta de 1ms, dise\u00f1ado para ofrecer m\u00e1xima fluidez y precisi\u00f3n en juegos competitivos.<!--EndFragment --><\/p>\n","protected":false},"excerpt":{"rendered":"<div>\u2022 Pantalla de 27 pulgadas (26.9\u201d visible)<\/div>\n<div>\u2022 Resoluci\u00f3n QHD (2560&#215;1440)<\/div>\n<div>\u2022 Panel IPS<\/div>\n<div>\u2022 Frecuencia de actualizaci\u00f3n 200Hz<\/div>\n<div>\u2022 Tiempo de respuesta 1ms (GtG)<\/div>\n<div>\u2022 Relaci\u00f3n de aspecto 16:9<\/div>\n<div>\u2022 Brillo 400 nits<\/div>\n<div>\u2022 Contraste 1000:1<\/div>\n<div>\u2022 \u00c1ngulos de visi\u00f3n 178\u00b0\/178\u00b0<\/div>\n<div>\u2022 Colores 16.7 millones<\/div>\n<div>\u2022 Cobertura sRGB 99%<\/div>\n<div>\u2022 HDR10<\/div>\n<div>\u2022 VESA DisplayHDR 400<\/div>\n<div>\u2022 AMD FreeSync Premium<\/div>\n<div>\u2022 Dynamic Action Sync<\/div>\n<div>\u2022 Black Stabilizer<\/div>\n<div>\u2022 Crosshair (punto de mira)<\/div>\n<div>\u2022 Flicker Safe (sin parpadeo)<\/div>\n<div>\u2022 Modo lectura<\/div>\n<div>\u2022 Dise\u00f1o sin bordes<\/div>\n<div>\u2022 Pantalla antirreflejo<\/div>\n","protected":false},"featured_media":5068,"template":"","meta":[],"product_brand":[],"product_cat":[29],"product_tag":[],"class_list":{"0":"post-5067","1":"product","2":"type-product","3":"status-publish","4":"has-post-thumbnail","6":"product_cat-monitores","8":"first","9":"instock","10":"sale","11":"shipping-taxable","12":"purchasable","13":"product-type-simple"},"_links":{"self":[{"href":"https:\/\/gmegatecnologia.com\/index.php\/wp-json\/wp\/v2\/product\/5067","targetHints":{"allow":["GET"]}}],"collection":[{"href":"https:\/\/gmegatecnologia.com\/index.php\/wp-json\/wp\/v2\/product"}],"about":[{"href":"https:\/\/gmegatecnologia.com\/index.php\/wp-json\/wp\/v2\/types\/product"}],"wp:featuredmedia":[{"embeddable":true,"href":"https:\/\/gmegatecnologia.com\/index.php\/wp-json\/wp\/v2\/media\/5068"}],"wp:attachment":[{"href":"https:\/\/gmegatecnologia.com\/index.php\/wp-json\/wp\/v2\/media?parent=5067"}],"wp:term":[{"taxonomy":"product_brand","embeddable":true,"href":"https:\/\/gmegatecnologia.com\/index.php\/wp-json\/wp\/v2\/product_brand?post=5067"},{"taxonomy":"product_cat","embeddable":true,"href":"https:\/\/gmegatecnologia.com\/index.php\/wp-json\/wp\/v2\/product_cat?post=5067"},{"taxonomy":"product_tag","embeddable":true,"href":"https:\/\/gmegatecnologia.com\/index.php\/wp-json\/wp\/v2\/product_tag?post=5067"}],"curies":[{"name":"wp","href":"https:\/\/api.w.org\/{rel}","templated":true}]}}