{"id":5061,"date":"2026-04-09T10:30:26","date_gmt":"2026-04-09T15:30:26","guid":{"rendered":"https:\/\/gmegatecnologia.com\/?post_type=product&#038;p=5061"},"modified":"2026-04-09T11:38:51","modified_gmt":"2026-04-09T16:38:51","slug":"monitor-lcd-samsung-essential-s4-s24f430ual-24-fhd-169-ips-5ms-negro-ls24f430ualxpe","status":"publish","type":"product","link":"https:\/\/gmegatecnologia.com\/index.php\/producto\/monitor-lcd-samsung-essential-s4-s24f430ual-24-fhd-169-ips-5ms-negro-ls24f430ualxpe\/","title":{"rendered":"MONITOR LCD SAMSUNG ESSENTIAL S4 S24F430UAL 24&#8243; FHD 16:9 IPS 5MS  NEGRO (LS24F430UALXPE)"},"content":{"rendered":"<p><!--StartFragment --><\/p>\n<p>El Samsung Essential S4 S24F430UAL es un monitor de 24\u201d Full HD con panel IPS, dise\u00f1ado para ofrecer buena calidad de imagen, \u00e1ngulos de visi\u00f3n amplios y un rendimiento confiable para trabajo, estudio y entretenimiento<\/p>\n<p><!--EndFragment --><\/p>\n","protected":false},"excerpt":{"rendered":"<div>\u2022 Pantalla de 24 pulgadas (23.8\u201d visible)<\/div>\n<div>\u2022 Resoluci\u00f3n Full HD (1920&#215;1080)<\/div>\n<div>\u2022 Panel IPS<\/div>\n<div>\u2022 Frecuencia de actualizaci\u00f3n 100Hz<\/div>\n<div>\u2022 Tiempo de respuesta 5ms (GtG)<\/div>\n<div>\u2022 Relaci\u00f3n de aspecto 16:9<\/div>\n<div>\u2022 Brillo 300 nits<\/div>\n<div>\u2022 Contraste 1000:1<\/div>\n<div>\u2022 \u00c1ngulos de visi\u00f3n 178\u00b0\/178\u00b0<\/div>\n<div>\u2022 Colores 16.7 millones<\/div>\n<div>\u2022 Cobertura sRGB ~99%<\/div>\n<div>\u2022 Tecnolog\u00eda Flicker Free (sin parpadeo)<\/div>\n<div>\u2022 Modo Eye Saver (luz azul reducida)<\/div>\n","protected":false},"featured_media":5062,"template":"","meta":[],"product_brand":[],"product_cat":[29],"product_tag":[],"class_list":{"0":"post-5061","1":"product","2":"type-product","3":"status-publish","4":"has-post-thumbnail","6":"product_cat-monitores","8":"first","9":"instock","10":"sale","11":"shipping-taxable","12":"purchasable","13":"product-type-simple"},"_links":{"self":[{"href":"https:\/\/gmegatecnologia.com\/index.php\/wp-json\/wp\/v2\/product\/5061","targetHints":{"allow":["GET"]}}],"collection":[{"href":"https:\/\/gmegatecnologia.com\/index.php\/wp-json\/wp\/v2\/product"}],"about":[{"href":"https:\/\/gmegatecnologia.com\/index.php\/wp-json\/wp\/v2\/types\/product"}],"wp:featuredmedia":[{"embeddable":true,"href":"https:\/\/gmegatecnologia.com\/index.php\/wp-json\/wp\/v2\/media\/5062"}],"wp:attachment":[{"href":"https:\/\/gmegatecnologia.com\/index.php\/wp-json\/wp\/v2\/media?parent=5061"}],"wp:term":[{"taxonomy":"product_brand","embeddable":true,"href":"https:\/\/gmegatecnologia.com\/index.php\/wp-json\/wp\/v2\/product_brand?post=5061"},{"taxonomy":"product_cat","embeddable":true,"href":"https:\/\/gmegatecnologia.com\/index.php\/wp-json\/wp\/v2\/product_cat?post=5061"},{"taxonomy":"product_tag","embeddable":true,"href":"https:\/\/gmegatecnologia.com\/index.php\/wp-json\/wp\/v2\/product_tag?post=5061"}],"curies":[{"name":"wp","href":"https:\/\/api.w.org\/{rel}","templated":true}]}}