{"id":5058,"date":"2026-04-09T10:40:04","date_gmt":"2026-04-09T15:40:04","guid":{"rendered":"https:\/\/gmegatecnologia.com\/?post_type=product&#038;p=5058"},"modified":"2026-04-09T11:38:48","modified_gmt":"2026-04-09T16:38:48","slug":"monitor-24-lg-24u411a-b-ips-fhd-120hz-hdr10-negro-24u411a-b","status":"publish","type":"product","link":"https:\/\/gmegatecnologia.com\/index.php\/producto\/monitor-24-lg-24u411a-b-ips-fhd-120hz-hdr10-negro-24u411a-b\/","title":{"rendered":"MONITOR 24 LG 24U411A-B IPS FHD 120HZ HDR10 NEGRO (24U411A-B)"},"content":{"rendered":"<p><!--StartFragment --><\/p>\n<p>El LG 24U411A-B es un monitor de 23.8\u201d con panel IPS, resoluci\u00f3n Full HD, frecuencia de actualizaci\u00f3n de hasta 120Hz y soporte HDR10, dise\u00f1ado para ofrecer colores precisos, fluidez superior y mejor contraste en juegos, trabajo y entretenimiento.<\/p>\n","protected":false},"excerpt":{"rendered":"<div>\u2022 Pantalla de 24 pulgadas (23.8\u201d visible)<\/div>\n<div>\u2022 Resoluci\u00f3n Full HD (1920&#215;1080)<\/div>\n<div>\u2022 Panel IPS<\/div>\n<div>\u2022 Frecuencia de actualizaci\u00f3n 120Hz<\/div>\n<div>\u2022 Tiempo de respuesta 5ms (GtG) \/ 1ms MBR<\/div>\n<div>\u2022 Relaci\u00f3n de aspecto 16:9<\/div>\n<div>\u2022 Brillo 250 nits<\/div>\n<div>\u2022 Contraste 1500:1<\/div>\n<div>\u2022 \u00c1ngulos de visi\u00f3n 178\u00b0\/178\u00b0<\/div>\n<div>\u2022 Colores 16.7 millones (8 bits)<\/div>\n<div>\u2022 Cobertura sRGB 99%<\/div>\n<div>\u2022 HDR10<\/div>\n<div>\u2022 VRR (Variable Refresh Rate)<\/div>\n<div>\u2022 Black Stabilizer y Dynamic Action Sync<\/div>\n<div>\u2022 Tecnolog\u00eda Flicker Safe (sin parpadeo)<\/div>\n<div>\u2022 Modo lectura (protecci\u00f3n visual)<\/div>\n<div>\u2022 Dise\u00f1o sin bordes (4 lados)<\/div>\n<div>\u2022 Pantalla antirreflejo<\/div>\n<div>\u2022 Puertos: 1 HDMI, 1 VGA, salida de audio<\/div>\n<div>\u2022 Montaje VESA 100&#215;100 mm<\/div>\n<div>\u2022 Inclinaci\u00f3n ajustable (-5\u00b0 a 20\u00b0)<\/div>\n","protected":false},"featured_media":5059,"template":"","meta":[],"product_brand":[],"product_cat":[29],"product_tag":[],"class_list":{"0":"post-5058","1":"product","2":"type-product","3":"status-publish","4":"has-post-thumbnail","6":"product_cat-monitores","8":"first","9":"instock","10":"sale","11":"shipping-taxable","12":"purchasable","13":"product-type-simple"},"_links":{"self":[{"href":"https:\/\/gmegatecnologia.com\/index.php\/wp-json\/wp\/v2\/product\/5058","targetHints":{"allow":["GET"]}}],"collection":[{"href":"https:\/\/gmegatecnologia.com\/index.php\/wp-json\/wp\/v2\/product"}],"about":[{"href":"https:\/\/gmegatecnologia.com\/index.php\/wp-json\/wp\/v2\/types\/product"}],"wp:featuredmedia":[{"embeddable":true,"href":"https:\/\/gmegatecnologia.com\/index.php\/wp-json\/wp\/v2\/media\/5059"}],"wp:attachment":[{"href":"https:\/\/gmegatecnologia.com\/index.php\/wp-json\/wp\/v2\/media?parent=5058"}],"wp:term":[{"taxonomy":"product_brand","embeddable":true,"href":"https:\/\/gmegatecnologia.com\/index.php\/wp-json\/wp\/v2\/product_brand?post=5058"},{"taxonomy":"product_cat","embeddable":true,"href":"https:\/\/gmegatecnologia.com\/index.php\/wp-json\/wp\/v2\/product_cat?post=5058"},{"taxonomy":"product_tag","embeddable":true,"href":"https:\/\/gmegatecnologia.com\/index.php\/wp-json\/wp\/v2\/product_tag?post=5058"}],"curies":[{"name":"wp","href":"https:\/\/api.w.org\/{rel}","templated":true}]}}