{"id":5015,"date":"2026-03-11T18:28:29","date_gmt":"2026-03-11T23:28:29","guid":{"rendered":"https:\/\/gmegatecnologia.com\/?post_type=product&#038;p=5015"},"modified":"2026-03-11T18:28:29","modified_gmt":"2026-03-11T23:28:29","slug":"teclado-genius-tkl-luxemate-120-ai-copilot-usb-multimedia-sp-negro-31310059401","status":"publish","type":"product","link":"https:\/\/gmegatecnologia.com\/index.php\/producto\/teclado-genius-tkl-luxemate-120-ai-copilot-usb-multimedia-sp-negro-31310059401\/","title":{"rendered":"TECLADO GENIUS TKL LUXEMATE 120 AI COPILOT USB MULTIMEDIA SP NEGRO (31310059401)"},"content":{"rendered":"<p>El <strong data-start=\"3\" data-end=\"44\"><span class=\"hover:entity-accent entity-underline inline cursor-pointer align-baseline\"><span class=\"whitespace-normal\">Genius LuxeMate 120 AI Copilot USB Multimedia SP Negro (31310059401)<\/span><\/span><\/strong> es un teclado <strong data-start=\"59\" data-end=\"85\">compacto con cable USB<\/strong>, pensado para oficina o uso diario.<\/p>\n","protected":false},"excerpt":{"rendered":"<p>\ud83d\udd39 Caracter\u00edsticas principales<br \/>\n-Marca: Genius<br \/>\n-Modelo: LuxeMate 120<br \/>\n-N\u00famero de parte: 31310059401<br \/>\n-Tipo: Teclado compacto \/ reducido<br \/>\n-Conexi\u00f3n: USB (Plug &amp; Play)<br \/>\n-Color: Negro<br \/>\n-Distribuci\u00f3n: Espa\u00f1ol (incluye tecla \u00d1)<br \/>\n-Longitud del cable: ~1.5 m<br \/>\n-Peso: aprox. 412 g<br \/>\n-Dimensiones: 306 \u00d7 155 \u00d7 20 mm<\/p>\n","protected":false},"featured_media":5017,"template":"","meta":[],"product_brand":[],"product_cat":[37],"product_tag":[],"class_list":{"0":"post-5015","1":"product","2":"type-product","3":"status-publish","4":"has-post-thumbnail","6":"product_cat-perifericos","8":"first","9":"instock","10":"sale","11":"shipping-taxable","12":"purchasable","13":"product-type-simple"},"_links":{"self":[{"href":"https:\/\/gmegatecnologia.com\/index.php\/wp-json\/wp\/v2\/product\/5015","targetHints":{"allow":["GET"]}}],"collection":[{"href":"https:\/\/gmegatecnologia.com\/index.php\/wp-json\/wp\/v2\/product"}],"about":[{"href":"https:\/\/gmegatecnologia.com\/index.php\/wp-json\/wp\/v2\/types\/product"}],"wp:featuredmedia":[{"embeddable":true,"href":"https:\/\/gmegatecnologia.com\/index.php\/wp-json\/wp\/v2\/media\/5017"}],"wp:attachment":[{"href":"https:\/\/gmegatecnologia.com\/index.php\/wp-json\/wp\/v2\/media?parent=5015"}],"wp:term":[{"taxonomy":"product_brand","embeddable":true,"href":"https:\/\/gmegatecnologia.com\/index.php\/wp-json\/wp\/v2\/product_brand?post=5015"},{"taxonomy":"product_cat","embeddable":true,"href":"https:\/\/gmegatecnologia.com\/index.php\/wp-json\/wp\/v2\/product_cat?post=5015"},{"taxonomy":"product_tag","embeddable":true,"href":"https:\/\/gmegatecnologia.com\/index.php\/wp-json\/wp\/v2\/product_tag?post=5015"}],"curies":[{"name":"wp","href":"https:\/\/api.w.org\/{rel}","templated":true}]}}