{"id":4990,"date":"2026-02-19T12:20:44","date_gmt":"2026-02-19T17:20:44","guid":{"rendered":"https:\/\/gmegatecnologia.com\/?post_type=product&#038;p=4990"},"modified":"2026-02-19T14:58:06","modified_gmt":"2026-02-19T19:58:06","slug":"monitor-xiaomi-27-pulgadas-g27i-gaming-165hz-fhd-1ms-1-hdmi-1-dp-negro-p27fbb-rggl","status":"publish","type":"product","link":"https:\/\/gmegatecnologia.com\/index.php\/producto\/monitor-xiaomi-27-pulgadas-g27i-gaming-165hz-fhd-1ms-1-hdmi-1-dp-negro-p27fbb-rggl\/","title":{"rendered":"MONITOR XIAOMI 27 PULGADAS G27I GAMING 165HZ, FHD, 1MS, 1 HDMI, 1 DP NEGRO (P27FBB-RGGL)"},"content":{"rendered":"<p>el Xiaomi G27i Gaming 27&#8243; ofrece FHD, 165Hz, 1ms y conectividad b\u00e1sica (HDMI + DP) en un formato robusto y ligero, siendo una opci\u00f3n s\u00f3lida para gaming competitivo de entrada.<\/p>\n","protected":false},"excerpt":{"rendered":"<p><!--StartFragment --><\/p>\n<ul>\n<li><strong>Tama\u00f1o: <\/strong>27 pulgadas<\/li>\n<li><strong>Resoluci\u00f3n:<\/strong> Full HD (1920 \u00d7 1080 p\u00edxeles)<\/li>\n<li><strong>Tipo de panel:<\/strong> IPS<\/li>\n<li><strong>Frecuencia de actualizaci\u00f3n:<\/strong> 165Hz<\/li>\n<li><strong>Tiempo de respuesta:<\/strong> 1ms (GTG)<\/li>\n<li><strong>Contraste t\u00edpico:<\/strong> 1000:1<\/li>\n<li><strong>Brillo m\u00e1ximo:<\/strong> 250 nits<\/li>\n<li><strong>Cobertura de color:<\/strong> 99% sRGB<\/li>\n<li><strong>\u00c1ngulos de visi\u00f3n:<\/strong> 178\u00b0 (H\/V)<\/li>\n<\/ul>\n<p><!--EndFragment --><\/p>\n","protected":false},"featured_media":4991,"template":"","meta":[],"product_brand":[],"product_cat":[29],"product_tag":[],"class_list":{"0":"post-4990","1":"product","2":"type-product","3":"status-publish","4":"has-post-thumbnail","6":"product_cat-monitores","8":"first","9":"instock","10":"sale","11":"shipping-taxable","12":"purchasable","13":"product-type-simple"},"_links":{"self":[{"href":"https:\/\/gmegatecnologia.com\/index.php\/wp-json\/wp\/v2\/product\/4990","targetHints":{"allow":["GET"]}}],"collection":[{"href":"https:\/\/gmegatecnologia.com\/index.php\/wp-json\/wp\/v2\/product"}],"about":[{"href":"https:\/\/gmegatecnologia.com\/index.php\/wp-json\/wp\/v2\/types\/product"}],"wp:featuredmedia":[{"embeddable":true,"href":"https:\/\/gmegatecnologia.com\/index.php\/wp-json\/wp\/v2\/media\/4991"}],"wp:attachment":[{"href":"https:\/\/gmegatecnologia.com\/index.php\/wp-json\/wp\/v2\/media?parent=4990"}],"wp:term":[{"taxonomy":"product_brand","embeddable":true,"href":"https:\/\/gmegatecnologia.com\/index.php\/wp-json\/wp\/v2\/product_brand?post=4990"},{"taxonomy":"product_cat","embeddable":true,"href":"https:\/\/gmegatecnologia.com\/index.php\/wp-json\/wp\/v2\/product_cat?post=4990"},{"taxonomy":"product_tag","embeddable":true,"href":"https:\/\/gmegatecnologia.com\/index.php\/wp-json\/wp\/v2\/product_tag?post=4990"}],"curies":[{"name":"wp","href":"https:\/\/api.w.org\/{rel}","templated":true}]}}