{"id":4966,"date":"2026-02-19T15:00:17","date_gmt":"2026-02-19T20:00:17","guid":{"rendered":"https:\/\/gmegatecnologia.com\/?post_type=product&#038;p=4966"},"modified":"2026-02-19T15:18:12","modified_gmt":"2026-02-19T20:18:12","slug":"mouse-genius-nx-7009-inalambrico-blueeye-ergonomico-blanco-gris-31030030402","status":"publish","type":"product","link":"https:\/\/gmegatecnologia.com\/index.php\/producto\/mouse-genius-nx-7009-inalambrico-blueeye-ergonomico-blanco-gris-31030030402\/","title":{"rendered":"MOUSE GENIUS NX-7009 INALAMBRICO BLUEEYE ERGONOMICO BLANCO GRIS (31030030402)"},"content":{"rendered":"<p><!--StartFragment --><\/p>\n<p>El mouse Genius NX-7009 est\u00e1 dise\u00f1ado para ofrecer comodidad y precisi\u00f3n en el uso diario. Su tecnolog\u00eda <strong>BlueEye<\/strong> permite un control preciso en casi cualquier superficie, incluso vidrio o m\u00e1rmol. El dise\u00f1o <strong>ergon\u00f3mico<\/strong> asegura un agarre c\u00f3modo para largas jornadas de trabajo.<\/p>\n<p><!--EndFragment --><\/p>\n","protected":false},"excerpt":{"rendered":"<ul>\n<li><strong>Conexi\u00f3n: <\/strong>Inal\u00e1mbrico 2.4\u202fGHz con receptor USB nano<\/li>\n<li><strong>Sensor:<\/strong> BlueEye, funciona en casi cualquier superficie<\/li>\n<li><strong>Resoluci\u00f3n:<\/strong> 1200 DPI<\/li>\n<li><strong>Botones:<\/strong> 3 (incluye scroll)<\/li>\n<li><strong>Dise\u00f1o:<\/strong> Ergon\u00f3mico, ambidiestro, color negro<\/li>\n<li><strong>Alimentaci\u00f3n:<\/strong> 1 pila AA<\/li>\n<li><strong>Compatibilidad:<\/strong> Windows, macOS, Linux<\/li>\n<li><strong>Extras:<\/strong> Plug &amp; Play, alcance hasta 10\u202fm, tama\u00f1o compacto para portabilidad<\/li>\n<\/ul>\n","protected":false},"featured_media":4967,"template":"","meta":[],"product_brand":[],"product_cat":[37],"product_tag":[],"class_list":{"0":"post-4966","1":"product","2":"type-product","3":"status-publish","4":"has-post-thumbnail","6":"product_cat-perifericos","8":"first","9":"instock","10":"sale","11":"shipping-taxable","12":"purchasable","13":"product-type-simple"},"_links":{"self":[{"href":"https:\/\/gmegatecnologia.com\/index.php\/wp-json\/wp\/v2\/product\/4966","targetHints":{"allow":["GET"]}}],"collection":[{"href":"https:\/\/gmegatecnologia.com\/index.php\/wp-json\/wp\/v2\/product"}],"about":[{"href":"https:\/\/gmegatecnologia.com\/index.php\/wp-json\/wp\/v2\/types\/product"}],"wp:featuredmedia":[{"embeddable":true,"href":"https:\/\/gmegatecnologia.com\/index.php\/wp-json\/wp\/v2\/media\/4967"}],"wp:attachment":[{"href":"https:\/\/gmegatecnologia.com\/index.php\/wp-json\/wp\/v2\/media?parent=4966"}],"wp:term":[{"taxonomy":"product_brand","embeddable":true,"href":"https:\/\/gmegatecnologia.com\/index.php\/wp-json\/wp\/v2\/product_brand?post=4966"},{"taxonomy":"product_cat","embeddable":true,"href":"https:\/\/gmegatecnologia.com\/index.php\/wp-json\/wp\/v2\/product_cat?post=4966"},{"taxonomy":"product_tag","embeddable":true,"href":"https:\/\/gmegatecnologia.com\/index.php\/wp-json\/wp\/v2\/product_tag?post=4966"}],"curies":[{"name":"wp","href":"https:\/\/api.w.org\/{rel}","templated":true}]}}