{"id":4917,"date":"2025-10-29T12:03:35","date_gmt":"2025-10-29T17:03:35","guid":{"rendered":"https:\/\/gmegatecnologia.com\/?post_type=product&#038;p=4917"},"modified":"2026-01-05T13:21:30","modified_gmt":"2026-01-05T18:21:30","slug":"memoria-ram-kingston-fury-ddr4-16gb-beast-3200-mhz-negro-kf432c16bb-16","status":"publish","type":"product","link":"https:\/\/gmegatecnologia.com\/index.php\/producto\/memoria-ram-kingston-fury-ddr4-16gb-beast-3200-mhz-negro-kf432c16bb-16\/","title":{"rendered":"MEMORIA RAM KINGSTON FURY DDR4 16GB BEAST 3200 MHZ, NEGRO (KF432C16BB\/16)"},"content":{"rendered":"<p>M\u00f3dulo de memoria RAM DDR4 de 16 GB, frecuencia de 3200 MHz, latencia CL16, voltaje de 1.35V, formato UDIMM sin ECC, compatible con Intel XMP. Dise\u00f1o de bajo perfil con disipador t\u00e9rmico negro para mejor disipaci\u00f3n y est\u00e9tica. Ideal para gaming, edici\u00f3n y sistemas de alto rendimiento.<\/p>\n","protected":false},"excerpt":{"rendered":"<p>&#8211; Tipo: DDR4 UDIMM<br \/>\n&#8211; Capacidad: 16\u202fGB<br \/>\n&#8211; Velocidad: 3200\u202fMHz (PC4-25600)<br \/>\n&#8211; Latencia: CL16<br \/>\n&#8211; Voltaje: 1.35\u202fV<br \/>\n&#8211; Disipador: aluminio negro<br \/>\n&#8211; Compatibilidad: Intel XMP 2.0 \/ AMD Ryzen<br \/>\n&#8211; Dimensiones: 133.3\u202fmm \u00d7 34\u202fmm \u00d7 7\u202fmm<\/p>\n","protected":false},"featured_media":4915,"template":"","meta":[],"product_brand":[],"product_cat":[36],"product_tag":[],"class_list":{"0":"post-4917","1":"product","2":"type-product","3":"status-publish","4":"has-post-thumbnail","6":"product_cat-partes-de-pc","8":"first","9":"instock","10":"shipping-taxable","11":"purchasable","12":"product-type-simple"},"_links":{"self":[{"href":"https:\/\/gmegatecnologia.com\/index.php\/wp-json\/wp\/v2\/product\/4917","targetHints":{"allow":["GET"]}}],"collection":[{"href":"https:\/\/gmegatecnologia.com\/index.php\/wp-json\/wp\/v2\/product"}],"about":[{"href":"https:\/\/gmegatecnologia.com\/index.php\/wp-json\/wp\/v2\/types\/product"}],"wp:featuredmedia":[{"embeddable":true,"href":"https:\/\/gmegatecnologia.com\/index.php\/wp-json\/wp\/v2\/media\/4915"}],"wp:attachment":[{"href":"https:\/\/gmegatecnologia.com\/index.php\/wp-json\/wp\/v2\/media?parent=4917"}],"wp:term":[{"taxonomy":"product_brand","embeddable":true,"href":"https:\/\/gmegatecnologia.com\/index.php\/wp-json\/wp\/v2\/product_brand?post=4917"},{"taxonomy":"product_cat","embeddable":true,"href":"https:\/\/gmegatecnologia.com\/index.php\/wp-json\/wp\/v2\/product_cat?post=4917"},{"taxonomy":"product_tag","embeddable":true,"href":"https:\/\/gmegatecnologia.com\/index.php\/wp-json\/wp\/v2\/product_tag?post=4917"}],"curies":[{"name":"wp","href":"https:\/\/api.w.org\/{rel}","templated":true}]}}