{"id":4856,"date":"2025-10-17T12:57:27","date_gmt":"2025-10-17T17:57:27","guid":{"rendered":"https:\/\/gmegatecnologia.com\/?post_type=product&#038;p=4856"},"modified":"2025-10-17T12:57:27","modified_gmt":"2025-10-17T17:57:27","slug":"mouse-vsg-aquila-12k-dpi-negro-vg-m717","status":"publish","type":"product","link":"https:\/\/gmegatecnologia.com\/index.php\/producto\/mouse-vsg-aquila-12k-dpi-negro-vg-m717\/","title":{"rendered":"MOUSE VSG AQUILA 12K DPI NEGRO (VG-M717)"},"content":{"rendered":"<p>Mouse gamer al\u00e1mbrico con sensor \u00f3ptico PMW3360, resoluci\u00f3n ajustable hasta 12,000 DPI, tasa de sondeo configurable (125\/250\/500\/1000 Hz), tiempo de respuesta de 1 ms. Iluminaci\u00f3n RGB con 16.8 millones de colores y 5 efectos. Interruptores Omron con durabilidad de hasta 20 millones de clics. Dise\u00f1o ergon\u00f3mico, peso de 80 g, cable USB 2.0 de 1.8 m. Compatible con Windows mediante software de configuraci\u00f3n. Dimensiones: 66 \u00d7 120 \u00d7 42 mm. Ideal para gaming competitivo y precisi\u00f3n avanzada.<\/p>\n","protected":false},"excerpt":{"rendered":"<p>&#8211; DPI m\u00e1ximo: 12,000 (ajustable)<br \/>\n&#8211; Polling rate: 125\/250\/500\/1000\u202fHz<br \/>\n&#8211; Velocidad de respuesta: 1\u202fms<br \/>\n&#8211; Iluminaci\u00f3n: RGB 16.8 millones de colores (5 efectos)<br \/>\n&#8211; Conectividad: cable USB 2.0 (1.8\u202fm)<br \/>\n&#8211; Peso: 80\u202fg<br \/>\n&#8211; Dimensiones: 66\u202f\u00d7\u202f120\u202f\u00d7\u202f42\u202fmm<br \/>\n&#8211; Compatibilidad: Windows (software incluido)<br \/>\n&#8211; Color: negro<br \/>\n&#8211; IPS: 250<\/p>\n","protected":false},"featured_media":4857,"template":"","meta":[],"product_brand":[],"product_cat":[37],"product_tag":[],"class_list":{"0":"post-4856","1":"product","2":"type-product","3":"status-publish","4":"has-post-thumbnail","6":"product_cat-perifericos","8":"first","9":"instock","10":"sale","11":"shipping-taxable","12":"purchasable","13":"product-type-simple"},"_links":{"self":[{"href":"https:\/\/gmegatecnologia.com\/index.php\/wp-json\/wp\/v2\/product\/4856","targetHints":{"allow":["GET"]}}],"collection":[{"href":"https:\/\/gmegatecnologia.com\/index.php\/wp-json\/wp\/v2\/product"}],"about":[{"href":"https:\/\/gmegatecnologia.com\/index.php\/wp-json\/wp\/v2\/types\/product"}],"wp:featuredmedia":[{"embeddable":true,"href":"https:\/\/gmegatecnologia.com\/index.php\/wp-json\/wp\/v2\/media\/4857"}],"wp:attachment":[{"href":"https:\/\/gmegatecnologia.com\/index.php\/wp-json\/wp\/v2\/media?parent=4856"}],"wp:term":[{"taxonomy":"product_brand","embeddable":true,"href":"https:\/\/gmegatecnologia.com\/index.php\/wp-json\/wp\/v2\/product_brand?post=4856"},{"taxonomy":"product_cat","embeddable":true,"href":"https:\/\/gmegatecnologia.com\/index.php\/wp-json\/wp\/v2\/product_cat?post=4856"},{"taxonomy":"product_tag","embeddable":true,"href":"https:\/\/gmegatecnologia.com\/index.php\/wp-json\/wp\/v2\/product_tag?post=4856"}],"curies":[{"name":"wp","href":"https:\/\/api.w.org\/{rel}","templated":true}]}}