{"id":4800,"date":"2025-10-15T14:05:05","date_gmt":"2025-10-15T19:05:05","guid":{"rendered":"https:\/\/gmegatecnologia.com\/?post_type=product&#038;p=4800"},"modified":"2026-01-02T14:48:20","modified_gmt":"2026-01-02T19:48:20","slug":"monitor-plano-gaming-teros-te-2475g-24-5-fhd-va-180hz-1ms-hdmi-negro-mon245fte2475g","status":"publish","type":"product","link":"https:\/\/gmegatecnologia.com\/index.php\/producto\/monitor-plano-gaming-teros-te-2475g-24-5-fhd-va-180hz-1ms-hdmi-negro-mon245fte2475g\/","title":{"rendered":"MONITOR PLANO GAMING TEROS TE-2475G 24.5&#8243; FHD VA, 180HZ, 1MS, HDMI NEGRO (MON245FTE2475G)"},"content":{"rendered":"<p>El monitor plano gaming Teros TE-2475G de 24.5 pulgadas est\u00e1 dise\u00f1ado para ofrecer una experiencia visual r\u00e1pida y envolvente, ideal para jugadores competitivos. Su resoluci\u00f3n Full HD (1920&#215;1080) garantiza im\u00e1genes claras y detalladas, mientras el panel VA proporciona colores intensos y buen contraste. Con una tasa de refresco de 180Hz y tiempo de respuesta de 1ms, asegura transiciones fluidas y precisas, reduciendo el desenfoque en escenas de acci\u00f3n.<\/p>\n","protected":false},"excerpt":{"rendered":"<p>&#8211; Resoluci\u00f3n: FHD (1920 \u00d7 1080)<br \/>\n&#8211; Panel: VA plano<br \/>\n&#8211; Frecuencia: 180 Hz<br \/>\n&#8211; Tiempo de respuesta: 1 ms<br \/>\n&#8211; Conectividad: HDMI<\/p>\n","protected":false},"featured_media":4798,"template":"","meta":[],"product_brand":[],"product_cat":[29],"product_tag":[],"class_list":{"0":"post-4800","1":"product","2":"type-product","3":"status-publish","4":"has-post-thumbnail","6":"product_cat-monitores","8":"first","9":"instock","10":"sale","11":"shipping-taxable","12":"purchasable","13":"product-type-simple"},"_links":{"self":[{"href":"https:\/\/gmegatecnologia.com\/index.php\/wp-json\/wp\/v2\/product\/4800","targetHints":{"allow":["GET"]}}],"collection":[{"href":"https:\/\/gmegatecnologia.com\/index.php\/wp-json\/wp\/v2\/product"}],"about":[{"href":"https:\/\/gmegatecnologia.com\/index.php\/wp-json\/wp\/v2\/types\/product"}],"wp:featuredmedia":[{"embeddable":true,"href":"https:\/\/gmegatecnologia.com\/index.php\/wp-json\/wp\/v2\/media\/4798"}],"wp:attachment":[{"href":"https:\/\/gmegatecnologia.com\/index.php\/wp-json\/wp\/v2\/media?parent=4800"}],"wp:term":[{"taxonomy":"product_brand","embeddable":true,"href":"https:\/\/gmegatecnologia.com\/index.php\/wp-json\/wp\/v2\/product_brand?post=4800"},{"taxonomy":"product_cat","embeddable":true,"href":"https:\/\/gmegatecnologia.com\/index.php\/wp-json\/wp\/v2\/product_cat?post=4800"},{"taxonomy":"product_tag","embeddable":true,"href":"https:\/\/gmegatecnologia.com\/index.php\/wp-json\/wp\/v2\/product_tag?post=4800"}],"curies":[{"name":"wp","href":"https:\/\/api.w.org\/{rel}","templated":true}]}}