{"id":4795,"date":"2026-02-26T16:10:37","date_gmt":"2026-02-26T21:10:37","guid":{"rendered":"https:\/\/gmegatecnologia.com\/?post_type=product&#038;p=4795"},"modified":"2026-02-26T17:29:39","modified_gmt":"2026-02-26T22:29:39","slug":"monitor-curvo-gaming-teros-te-3412g-34-uwqhd-va-180hz-1ms-hdmi-negro-mon34cte3412g","status":"publish","type":"product","link":"https:\/\/gmegatecnologia.com\/index.php\/producto\/monitor-curvo-gaming-teros-te-3412g-34-uwqhd-va-180hz-1ms-hdmi-negro-mon34cte3412g\/","title":{"rendered":"MONITOR CURVO GAMING TEROS TE-3412G 34&#8243; UWQHD VA 180HZ 1MS HDMI NEGRO (MON34CTE3412G)"},"content":{"rendered":"<p>El monitor curvo gaming Teros TE-3412G de 34 pulgadas est\u00e1 dise\u00f1ado para ofrecer una experiencia ultra inmersiva y de alto rendimiento. Su resoluci\u00f3n Ultra-Wide QHD (3440&#215;1440) brinda im\u00e1genes m\u00e1s amplias y detalladas, mientras el panel VA asegura colores intensos y excelente contraste. Con una tasa de refresco de 180Hz y tiempo de respuesta de 1ms, garantiza transiciones r\u00e1pidas y precisas, reduciendo el desenfoque en escenas din\u00e1micas.<\/p>\n","protected":false},"excerpt":{"rendered":"<p>&#8211; Resoluci\u00f3n: UWQHD (3440 \u00d7 1440)<br \/>\n&#8211; Panel: VA curvo<br \/>\n&#8211; Frecuencia: 180 Hz<br \/>\n&#8211; Tiempo de respuesta: 1 ms<br \/>\n&#8211; Conectividad: HDMI, DisplayPort<br \/>\n&#8211; Extras: FreeSync, HDR, altavoces, VESA<\/p>\n","protected":false},"featured_media":4796,"template":"","meta":[],"product_brand":[],"product_cat":[29],"product_tag":[],"class_list":{"0":"post-4795","1":"product","2":"type-product","3":"status-publish","4":"has-post-thumbnail","6":"product_cat-monitores","8":"first","9":"instock","10":"sale","11":"shipping-taxable","12":"purchasable","13":"product-type-simple"},"_links":{"self":[{"href":"https:\/\/gmegatecnologia.com\/index.php\/wp-json\/wp\/v2\/product\/4795","targetHints":{"allow":["GET"]}}],"collection":[{"href":"https:\/\/gmegatecnologia.com\/index.php\/wp-json\/wp\/v2\/product"}],"about":[{"href":"https:\/\/gmegatecnologia.com\/index.php\/wp-json\/wp\/v2\/types\/product"}],"wp:featuredmedia":[{"embeddable":true,"href":"https:\/\/gmegatecnologia.com\/index.php\/wp-json\/wp\/v2\/media\/4796"}],"wp:attachment":[{"href":"https:\/\/gmegatecnologia.com\/index.php\/wp-json\/wp\/v2\/media?parent=4795"}],"wp:term":[{"taxonomy":"product_brand","embeddable":true,"href":"https:\/\/gmegatecnologia.com\/index.php\/wp-json\/wp\/v2\/product_brand?post=4795"},{"taxonomy":"product_cat","embeddable":true,"href":"https:\/\/gmegatecnologia.com\/index.php\/wp-json\/wp\/v2\/product_cat?post=4795"},{"taxonomy":"product_tag","embeddable":true,"href":"https:\/\/gmegatecnologia.com\/index.php\/wp-json\/wp\/v2\/product_tag?post=4795"}],"curies":[{"name":"wp","href":"https:\/\/api.w.org\/{rel}","templated":true}]}}