{"id":4777,"date":"2026-02-26T16:20:38","date_gmt":"2026-02-26T21:20:38","guid":{"rendered":"https:\/\/gmegatecnologia.com\/?post_type=product&#038;p=4777"},"modified":"2026-02-26T17:29:42","modified_gmt":"2026-02-26T22:29:42","slug":"monitor-curvo-gaming-teros-te-2764g-27-fhd-va-240hz-1ms-hdmi-dp-negro","status":"publish","type":"product","link":"https:\/\/gmegatecnologia.com\/index.php\/producto\/monitor-curvo-gaming-teros-te-2764g-27-fhd-va-240hz-1ms-hdmi-dp-negro\/","title":{"rendered":"MONITOR CURVO GAMING TEROS TE-2764G 27&#8243; FHD VA 240HZ 1MS HDMI DP NEGRO\u00a0"},"content":{"rendered":"<p>El monitor curvo gaming Teros TE-2764G de 27 pulgadas est\u00e1 dise\u00f1ado para ofrecer una experiencia inmersiva y de alto rendimiento, ideal para jugadores competitivos. Su resoluci\u00f3n Full HD (1920&#215;1080) garantiza im\u00e1genes claras y detalladas, mientras el panel VA proporciona colores intensos y excelente contraste. Con una tasa de refresco de 240Hz y tiempo de respuesta de 1ms, asegura transiciones ultra r\u00e1pidas y precisas, reduciendo el desenfoque y mejorando la fluidez en escenas de acci\u00f3n.<\/p>\n","protected":false},"excerpt":{"rendered":"<p>&#8211; Resoluci\u00f3n: Full HD (1920 x 1080)<br \/>\n&#8211; Tama\u00f1o: 27 pulgadas<br \/>\n&#8211; Panel: VA<br \/>\n&#8211; Frecuencia de actualizaci\u00f3n: 240Hz<br \/>\n&#8211; Tiempo de respuesta: 1ms<br \/>\n&#8211; Conectividad: HDMI, DisplayPort<br \/>\n&#8211; Color: Negro<\/p>\n","protected":false},"featured_media":4778,"template":"","meta":[],"product_brand":[],"product_cat":[29],"product_tag":[],"class_list":{"0":"post-4777","1":"product","2":"type-product","3":"status-publish","4":"has-post-thumbnail","6":"product_cat-monitores","8":"first","9":"instock","10":"sale","11":"shipping-taxable","12":"purchasable","13":"product-type-simple"},"_links":{"self":[{"href":"https:\/\/gmegatecnologia.com\/index.php\/wp-json\/wp\/v2\/product\/4777","targetHints":{"allow":["GET"]}}],"collection":[{"href":"https:\/\/gmegatecnologia.com\/index.php\/wp-json\/wp\/v2\/product"}],"about":[{"href":"https:\/\/gmegatecnologia.com\/index.php\/wp-json\/wp\/v2\/types\/product"}],"wp:featuredmedia":[{"embeddable":true,"href":"https:\/\/gmegatecnologia.com\/index.php\/wp-json\/wp\/v2\/media\/4778"}],"wp:attachment":[{"href":"https:\/\/gmegatecnologia.com\/index.php\/wp-json\/wp\/v2\/media?parent=4777"}],"wp:term":[{"taxonomy":"product_brand","embeddable":true,"href":"https:\/\/gmegatecnologia.com\/index.php\/wp-json\/wp\/v2\/product_brand?post=4777"},{"taxonomy":"product_cat","embeddable":true,"href":"https:\/\/gmegatecnologia.com\/index.php\/wp-json\/wp\/v2\/product_cat?post=4777"},{"taxonomy":"product_tag","embeddable":true,"href":"https:\/\/gmegatecnologia.com\/index.php\/wp-json\/wp\/v2\/product_tag?post=4777"}],"curies":[{"name":"wp","href":"https:\/\/api.w.org\/{rel}","templated":true}]}}