{"id":4754,"date":"2025-11-10T14:29:11","date_gmt":"2025-11-10T19:29:11","guid":{"rendered":"https:\/\/gmegatecnologia.com\/?post_type=product&#038;p=4754"},"modified":"2025-11-10T18:24:46","modified_gmt":"2025-11-10T23:24:46","slug":"placa-madre-gigabyte-amd-am4-a520m-ds3h-v2","status":"publish","type":"product","link":"https:\/\/gmegatecnologia.com\/index.php\/producto\/placa-madre-gigabyte-amd-am4-a520m-ds3h-v2\/","title":{"rendered":"PLACA MADRE GIGABYTE AMD AM4 (A520M DS3H V2)"},"content":{"rendered":"<p>Placa microATX con chipset A520, compatible con Ryzen 3000 a 5000, DDR4 hasta 4733 MHz (OC), 1\u00d7 M.2 Gen3, 4\u00d7 SATA III, conectividad b\u00e1sica, ideal para oficina y hogar.<\/p>\n","protected":false},"excerpt":{"rendered":"<p>&nbsp;<\/p>\n<ul>\n<li>Chipset A520, Micro ATX<\/li>\n<li>DDR4 hasta 4733\u202fMHz (OC)<\/li>\n<li>1\u00d7 M.2 PCIe Gen3, 4\u00d7 SATA<\/li>\n<li>HDMI, DVI-D, LAN 1Gbps<\/li>\n<\/ul>\n","protected":false},"featured_media":4755,"template":"","meta":[],"product_brand":[],"product_cat":[36],"product_tag":[],"class_list":{"0":"post-4754","1":"product","2":"type-product","3":"status-publish","4":"has-post-thumbnail","6":"product_cat-partes-de-pc","8":"first","9":"instock","10":"sale","11":"shipping-taxable","12":"purchasable","13":"product-type-simple"},"_links":{"self":[{"href":"https:\/\/gmegatecnologia.com\/index.php\/wp-json\/wp\/v2\/product\/4754","targetHints":{"allow":["GET"]}}],"collection":[{"href":"https:\/\/gmegatecnologia.com\/index.php\/wp-json\/wp\/v2\/product"}],"about":[{"href":"https:\/\/gmegatecnologia.com\/index.php\/wp-json\/wp\/v2\/types\/product"}],"wp:featuredmedia":[{"embeddable":true,"href":"https:\/\/gmegatecnologia.com\/index.php\/wp-json\/wp\/v2\/media\/4755"}],"wp:attachment":[{"href":"https:\/\/gmegatecnologia.com\/index.php\/wp-json\/wp\/v2\/media?parent=4754"}],"wp:term":[{"taxonomy":"product_brand","embeddable":true,"href":"https:\/\/gmegatecnologia.com\/index.php\/wp-json\/wp\/v2\/product_brand?post=4754"},{"taxonomy":"product_cat","embeddable":true,"href":"https:\/\/gmegatecnologia.com\/index.php\/wp-json\/wp\/v2\/product_cat?post=4754"},{"taxonomy":"product_tag","embeddable":true,"href":"https:\/\/gmegatecnologia.com\/index.php\/wp-json\/wp\/v2\/product_tag?post=4754"}],"curies":[{"name":"wp","href":"https:\/\/api.w.org\/{rel}","templated":true}]}}