{"id":4734,"date":"2025-11-10T13:10:14","date_gmt":"2025-11-10T18:10:14","guid":{"rendered":"https:\/\/gmegatecnologia.com\/?post_type=product&#038;p=4734"},"modified":"2025-11-10T18:22:07","modified_gmt":"2025-11-10T23:22:07","slug":"placa-madre-msi-intel-pro-b760m-p-ddr4-911-7e02-020","status":"publish","type":"product","link":"https:\/\/gmegatecnologia.com\/index.php\/producto\/placa-madre-msi-intel-pro-b760m-p-ddr4-911-7e02-020\/","title":{"rendered":"PLACA MADRE MSI INTEL PRO B760M-P DDR4 (911-7E02-020)"},"content":{"rendered":"<p>Placa microATX con chipset B760, soporte para Intel 12\u00aa\/13\u00aa gen, DDR4 hasta 5333 MHz (OC), 1\u00d7 M.2 Gen4, 4\u00d7 SATA III, PCIe 4.0 x16, dise\u00f1o compacto y eficiente para productividad y gaming moderado.<\/p>\n","protected":false},"excerpt":{"rendered":"<p>&nbsp;<\/p>\n<ul>\n<li>Chipset B760, Micro ATX<\/li>\n<li>DDR4 hasta 5333\u202fMHz (OC)<\/li>\n<li>1\u00d7 M.2 PCIe Gen4, 4\u00d7 SATA<\/li>\n<li>HDMI, VGA, LAN 1Gbps<\/li>\n<\/ul>\n","protected":false},"featured_media":4732,"template":"","meta":[],"product_brand":[],"product_cat":[36],"product_tag":[],"class_list":{"0":"post-4734","1":"product","2":"type-product","3":"status-publish","4":"has-post-thumbnail","6":"product_cat-partes-de-pc","8":"first","9":"instock","10":"sale","11":"shipping-taxable","12":"purchasable","13":"product-type-simple"},"_links":{"self":[{"href":"https:\/\/gmegatecnologia.com\/index.php\/wp-json\/wp\/v2\/product\/4734","targetHints":{"allow":["GET"]}}],"collection":[{"href":"https:\/\/gmegatecnologia.com\/index.php\/wp-json\/wp\/v2\/product"}],"about":[{"href":"https:\/\/gmegatecnologia.com\/index.php\/wp-json\/wp\/v2\/types\/product"}],"wp:featuredmedia":[{"embeddable":true,"href":"https:\/\/gmegatecnologia.com\/index.php\/wp-json\/wp\/v2\/media\/4732"}],"wp:attachment":[{"href":"https:\/\/gmegatecnologia.com\/index.php\/wp-json\/wp\/v2\/media?parent=4734"}],"wp:term":[{"taxonomy":"product_brand","embeddable":true,"href":"https:\/\/gmegatecnologia.com\/index.php\/wp-json\/wp\/v2\/product_brand?post=4734"},{"taxonomy":"product_cat","embeddable":true,"href":"https:\/\/gmegatecnologia.com\/index.php\/wp-json\/wp\/v2\/product_cat?post=4734"},{"taxonomy":"product_tag","embeddable":true,"href":"https:\/\/gmegatecnologia.com\/index.php\/wp-json\/wp\/v2\/product_tag?post=4734"}],"curies":[{"name":"wp","href":"https:\/\/api.w.org\/{rel}","templated":true}]}}