{"id":4683,"date":"2025-09-24T11:32:43","date_gmt":"2025-09-24T16:32:43","guid":{"rendered":"https:\/\/gmegatecnologia.com\/?post_type=product&#038;p=4683"},"modified":"2025-09-24T11:32:43","modified_gmt":"2025-09-24T16:32:43","slug":"ssd-adata-legend-710-256gb-m-2-nvme-1-3-g3-1700mb-s-aleg-710-256gcs","status":"publish","type":"product","link":"https:\/\/gmegatecnologia.com\/index.php\/producto\/ssd-adata-legend-710-256gb-m-2-nvme-1-3-g3-1700mb-s-aleg-710-256gcs\/","title":{"rendered":"SSD ADATA LEGEND 710 256GB M.2 NVME 1.3 G3 1700MB\/S (ALEG-710-256GCS)"},"content":{"rendered":"<p>M.2 NVMe 1.3, PCIe Gen3, lectura de 1700MB\/s. Opci\u00f3n econ\u00f3mica para almacenamiento r\u00e1pido.<\/p>\n","protected":false},"excerpt":{"rendered":"<ul>\n<li>Capacidad: 256GB<\/li>\n<li>Interfaz: M.2 NVMe 1.3<\/li>\n<li>PCIe Gen3<\/li>\n<li>Lectura: 1700MB\/s<\/li>\n<\/ul>\n","protected":false},"featured_media":4681,"template":"","meta":[],"product_brand":[],"product_cat":[36],"product_tag":[],"class_list":{"0":"post-4683","1":"product","2":"type-product","3":"status-publish","4":"has-post-thumbnail","6":"product_cat-partes-de-pc","8":"first","9":"instock","10":"sale","11":"shipping-taxable","12":"purchasable","13":"product-type-simple"},"_links":{"self":[{"href":"https:\/\/gmegatecnologia.com\/index.php\/wp-json\/wp\/v2\/product\/4683","targetHints":{"allow":["GET"]}}],"collection":[{"href":"https:\/\/gmegatecnologia.com\/index.php\/wp-json\/wp\/v2\/product"}],"about":[{"href":"https:\/\/gmegatecnologia.com\/index.php\/wp-json\/wp\/v2\/types\/product"}],"wp:featuredmedia":[{"embeddable":true,"href":"https:\/\/gmegatecnologia.com\/index.php\/wp-json\/wp\/v2\/media\/4681"}],"wp:attachment":[{"href":"https:\/\/gmegatecnologia.com\/index.php\/wp-json\/wp\/v2\/media?parent=4683"}],"wp:term":[{"taxonomy":"product_brand","embeddable":true,"href":"https:\/\/gmegatecnologia.com\/index.php\/wp-json\/wp\/v2\/product_brand?post=4683"},{"taxonomy":"product_cat","embeddable":true,"href":"https:\/\/gmegatecnologia.com\/index.php\/wp-json\/wp\/v2\/product_cat?post=4683"},{"taxonomy":"product_tag","embeddable":true,"href":"https:\/\/gmegatecnologia.com\/index.php\/wp-json\/wp\/v2\/product_tag?post=4683"}],"curies":[{"name":"wp","href":"https:\/\/api.w.org\/{rel}","templated":true}]}}