{"id":4660,"date":"2025-10-29T14:02:36","date_gmt":"2025-10-29T19:02:36","guid":{"rendered":"https:\/\/gmegatecnologia.com\/?post_type=product&#038;p=4660"},"modified":"2026-01-02T13:14:33","modified_gmt":"2026-01-02T18:14:33","slug":"docking-station-targus-usb-c-hdmi-vga-red-usb-3-0-power-delivery-100w-dock419usz","status":"publish","type":"product","link":"https:\/\/gmegatecnologia.com\/index.php\/producto\/docking-station-targus-usb-c-hdmi-vga-red-usb-3-0-power-delivery-100w-dock419usz\/","title":{"rendered":"DOCKING STATION TARGUS USB-C HDMI VGA RED USB 3.0 POWER DELIVERY 100W (DOCK419USZ)"},"content":{"rendered":"<p>Estaci\u00f3n de acoplamiento universal con conexi\u00f3n USB-C, compatible con laptops Windows, macOS y ChromeOS. Salidas de video HDMI y VGA (soporta hasta 2 monitores simult\u00e1neos), puerto Ethernet RJ-45, 3 puertos USB 3.0 tipo A, 1 puerto USB-C con Power Delivery de hasta 100W para carga r\u00e1pida. Plug &amp; Play, sin drivers adicionales.<\/p>\n","protected":false},"excerpt":{"rendered":"<p>&#8211; Interfaz host: USB-C<br \/>\n&#8211; Video: 1\u00d7 HDMI (hasta 4K @30\u202fHz), 1\u00d7 VGA (hasta 1080p @60\u202fHz)<br \/>\n&#8211; Red: 1\u00d7 RJ45 Ethernet Gigabit<br \/>\n&#8211; USB: 2\u00d7 USB-A 3.0<br \/>\n&#8211; Carga: USB-C Power Delivery hasta 100\u202fW<br \/>\n&#8211; Compatibilidad: Windows, macOS, Chrome OS<\/p>\n","protected":false},"featured_media":4658,"template":"","meta":[],"product_brand":[],"product_cat":[37],"product_tag":[],"class_list":{"0":"post-4660","1":"product","2":"type-product","3":"status-publish","4":"has-post-thumbnail","6":"product_cat-perifericos","8":"first","9":"instock","10":"sale","11":"shipping-taxable","12":"purchasable","13":"product-type-simple"},"_links":{"self":[{"href":"https:\/\/gmegatecnologia.com\/index.php\/wp-json\/wp\/v2\/product\/4660","targetHints":{"allow":["GET"]}}],"collection":[{"href":"https:\/\/gmegatecnologia.com\/index.php\/wp-json\/wp\/v2\/product"}],"about":[{"href":"https:\/\/gmegatecnologia.com\/index.php\/wp-json\/wp\/v2\/types\/product"}],"wp:featuredmedia":[{"embeddable":true,"href":"https:\/\/gmegatecnologia.com\/index.php\/wp-json\/wp\/v2\/media\/4658"}],"wp:attachment":[{"href":"https:\/\/gmegatecnologia.com\/index.php\/wp-json\/wp\/v2\/media?parent=4660"}],"wp:term":[{"taxonomy":"product_brand","embeddable":true,"href":"https:\/\/gmegatecnologia.com\/index.php\/wp-json\/wp\/v2\/product_brand?post=4660"},{"taxonomy":"product_cat","embeddable":true,"href":"https:\/\/gmegatecnologia.com\/index.php\/wp-json\/wp\/v2\/product_cat?post=4660"},{"taxonomy":"product_tag","embeddable":true,"href":"https:\/\/gmegatecnologia.com\/index.php\/wp-json\/wp\/v2\/product_tag?post=4660"}],"curies":[{"name":"wp","href":"https:\/\/api.w.org\/{rel}","templated":true}]}}