{"id":4613,"date":"2025-09-16T17:32:57","date_gmt":"2025-09-16T22:32:57","guid":{"rendered":"https:\/\/gmegatecnologia.com\/?post_type=product&#038;p=4613"},"modified":"2025-09-16T17:32:57","modified_gmt":"2025-09-16T22:32:57","slug":"multifuncional-epson-l6370-ethernet-wifi-duplex-adf","status":"publish","type":"product","link":"https:\/\/gmegatecnologia.com\/index.php\/producto\/multifuncional-epson-l6370-ethernet-wifi-duplex-adf\/","title":{"rendered":"MULTIFUNCIONAL EPSON L6370 ETHERNET WIFI\/ DUPLEX\/ ADF"},"content":{"rendered":"<p>Multifuncional Epson EcoTank L6370 con impresi\u00f3n, escaneo y copiado. Resoluci\u00f3n de hasta 4800\u00d71200 dpi, velocidad ISO de 18 ppm en negro y 9 ppm en color. Conectividad Ethernet, Wi-Fi dual band, Wi-Fi Direct y USB. Impresi\u00f3n d\u00faplex autom\u00e1tica, alimentador autom\u00e1tico de documentos (ADF) de 30 hojas. Pantalla LCD a color, compatible con app Epson Smart Panel. Rendimiento estimado: hasta 8,500 p\u00e1ginas en negro y 6,500 en color por carga.<\/p>\n","protected":false},"excerpt":{"rendered":"<p><!--StartFragment --><\/p>\n<ul>\n<li><strong>Funciones<\/strong>: impresi\u00f3n, copia y escaneo (3 en 1)<\/li>\n<li><strong>Conectividad<\/strong>: Wi-Fi dual band, Wi-Fi Direct, Ethernet, USB<\/li>\n<li><strong>Pantalla<\/strong>: LCD color de 2.4\u2033<\/li>\n<li><strong>Velocidad<\/strong>: 18 ppm negro \/ 9 ppm color<\/li>\n<li><strong>Resoluci\u00f3n<\/strong>: hasta 4800 \u00d7 1200 dpi<\/li>\n<li><strong>ADF<\/strong>: alimentador autom\u00e1tico de 30 hojas<\/li>\n<li><strong>D\u00faplex<\/strong>: impresi\u00f3n autom\u00e1tica a doble cara<\/li>\n<li><strong>Bandeja<\/strong>: entrada 250 hojas \/ salida 30 hojas<\/li>\n<li><strong>Rendimiento<\/strong>: hasta 8,500 p\u00e1ginas negro \/ 6,500 color por set de tintas<\/li>\n<li><strong>Sistema<\/strong>: EcoTank con botellas EcoFit\u2122<\/li>\n<li><strong>Dimensiones<\/strong>: 37.5 \u00d7 34.7 \u00d7 24\u202fcm \/ Peso: 7.2\u202fkg<\/li>\n<\/ul>\n<p>&nbsp;<\/p>\n<p><!--EndFragment --><\/p>\n","protected":false},"featured_media":4614,"template":"","meta":[],"product_brand":[],"product_cat":[30],"product_tag":[],"class_list":{"0":"post-4613","1":"product","2":"type-product","3":"status-publish","4":"has-post-thumbnail","6":"product_cat-impresoras","8":"first","9":"instock","10":"sale","11":"shipping-taxable","12":"purchasable","13":"product-type-simple"},"_links":{"self":[{"href":"https:\/\/gmegatecnologia.com\/index.php\/wp-json\/wp\/v2\/product\/4613","targetHints":{"allow":["GET"]}}],"collection":[{"href":"https:\/\/gmegatecnologia.com\/index.php\/wp-json\/wp\/v2\/product"}],"about":[{"href":"https:\/\/gmegatecnologia.com\/index.php\/wp-json\/wp\/v2\/types\/product"}],"wp:featuredmedia":[{"embeddable":true,"href":"https:\/\/gmegatecnologia.com\/index.php\/wp-json\/wp\/v2\/media\/4614"}],"wp:attachment":[{"href":"https:\/\/gmegatecnologia.com\/index.php\/wp-json\/wp\/v2\/media?parent=4613"}],"wp:term":[{"taxonomy":"product_brand","embeddable":true,"href":"https:\/\/gmegatecnologia.com\/index.php\/wp-json\/wp\/v2\/product_brand?post=4613"},{"taxonomy":"product_cat","embeddable":true,"href":"https:\/\/gmegatecnologia.com\/index.php\/wp-json\/wp\/v2\/product_cat?post=4613"},{"taxonomy":"product_tag","embeddable":true,"href":"https:\/\/gmegatecnologia.com\/index.php\/wp-json\/wp\/v2\/product_tag?post=4613"}],"curies":[{"name":"wp","href":"https:\/\/api.w.org\/{rel}","templated":true}]}}