{"id":4609,"date":"2025-09-16T17:21:42","date_gmt":"2025-09-16T22:21:42","guid":{"rendered":"https:\/\/gmegatecnologia.com\/?post_type=product&#038;p=4609"},"modified":"2025-09-16T17:26:36","modified_gmt":"2025-09-16T22:26:36","slug":"impresora-multifuncional-epson-ecotank-l4360-wifi-duplex","status":"publish","type":"product","link":"https:\/\/gmegatecnologia.com\/index.php\/producto\/impresora-multifuncional-epson-ecotank-l4360-wifi-duplex\/","title":{"rendered":"IMPRESORA MULTIFUNCIONAL EPSON ECOTANK L4360 WIFI\/DUPLEX"},"content":{"rendered":"<p>Impresora multifuncional Epson EcoTank L4360 con sistema de tanque de tinta integrado. Funciones de impresi\u00f3n, escaneo y copiado. Resoluci\u00f3n de impresi\u00f3n de hasta 4800\u00d71200 dpi, velocidad ISO de 15 ppm en negro y 8 ppm en color. Conectividad Wi-Fi, Wi-Fi Direct y USB. Pantalla LCD a color de 1.44&#8243;, impresi\u00f3n d\u00faplex autom\u00e1tica, compatible con la app Epson Smart Panel. Rendimiento estimado: hasta 8,500 p\u00e1ginas en negro y 6,500 en color por carga. Montaje compacto, bandeja de entrada de 100 hojas.<\/p>\n","protected":false},"excerpt":{"rendered":"<p><!--StartFragment --><\/p>\n<ul>\n<li><strong>Funciones<\/strong>: imprime, copia y escanea<\/li>\n<li><strong>Conectividad<\/strong>: Wi-Fi dual band, Wi-Fi Direct, USB<\/li>\n<li><strong>Pantalla<\/strong>: LCD color de 1.44\u2033<\/li>\n<li><strong>Impresi\u00f3n d\u00faplex autom\u00e1tica<\/strong><\/li>\n<li><strong>Velocidad<\/strong>: hasta 15 ppm negro \/ 8 ppm color<\/li>\n<li><strong>Resoluci\u00f3n<\/strong>: 4800 \u00d7 1200 dpi<\/li>\n<li><strong>Rendimiento<\/strong>: hasta 8,500 p\u00e1ginas en negro \/ 6,500 a color por set de tintas<\/li>\n<li><strong>Sistema<\/strong>: EcoTank con botellas EcoFit\u2122<\/li>\n<li><strong>Dimensiones<\/strong>: 37.5 \u00d7 34.7 \u00d7 18.7\u202fcm \/ Peso: 5.2\u202fkg<\/li>\n<\/ul>\n<p>&nbsp;<\/p>\n<p><!--EndFragment --><\/p>\n","protected":false},"featured_media":4611,"template":"","meta":[],"product_brand":[],"product_cat":[30],"product_tag":[],"class_list":{"0":"post-4609","1":"product","2":"type-product","3":"status-publish","4":"has-post-thumbnail","6":"product_cat-impresoras","8":"first","9":"instock","10":"sale","11":"shipping-taxable","12":"purchasable","13":"product-type-simple"},"_links":{"self":[{"href":"https:\/\/gmegatecnologia.com\/index.php\/wp-json\/wp\/v2\/product\/4609","targetHints":{"allow":["GET"]}}],"collection":[{"href":"https:\/\/gmegatecnologia.com\/index.php\/wp-json\/wp\/v2\/product"}],"about":[{"href":"https:\/\/gmegatecnologia.com\/index.php\/wp-json\/wp\/v2\/types\/product"}],"wp:featuredmedia":[{"embeddable":true,"href":"https:\/\/gmegatecnologia.com\/index.php\/wp-json\/wp\/v2\/media\/4611"}],"wp:attachment":[{"href":"https:\/\/gmegatecnologia.com\/index.php\/wp-json\/wp\/v2\/media?parent=4609"}],"wp:term":[{"taxonomy":"product_brand","embeddable":true,"href":"https:\/\/gmegatecnologia.com\/index.php\/wp-json\/wp\/v2\/product_brand?post=4609"},{"taxonomy":"product_cat","embeddable":true,"href":"https:\/\/gmegatecnologia.com\/index.php\/wp-json\/wp\/v2\/product_cat?post=4609"},{"taxonomy":"product_tag","embeddable":true,"href":"https:\/\/gmegatecnologia.com\/index.php\/wp-json\/wp\/v2\/product_tag?post=4609"}],"curies":[{"name":"wp","href":"https:\/\/api.w.org\/{rel}","templated":true}]}}