{"id":4581,"date":"2026-01-14T10:20:54","date_gmt":"2026-01-14T15:20:54","guid":{"rendered":"https:\/\/gmegatecnologia.com\/?post_type=product&#038;p=4581"},"modified":"2026-01-14T12:07:59","modified_gmt":"2026-01-14T17:07:59","slug":"monitor-samsung-24-essential-s4-ips-fhd-100hz-5ms-ls24d400galxpe","status":"publish","type":"product","link":"https:\/\/gmegatecnologia.com\/index.php\/producto\/monitor-samsung-24-essential-s4-ips-fhd-100hz-5ms-ls24d400galxpe\/","title":{"rendered":"MONITOR SAMSUNG 24 ESSENTIAL S4 IPS FHD 100HZ\/ 5MS (LS24D400GALXPE)"},"content":{"rendered":"<p>Monitor Samsung Essential S4 LS24D400GALXPE de 24&#8243; con panel IPS y resoluci\u00f3n Full HD (1920&#215;1080). Frecuencia de actualizaci\u00f3n de 100\u202fHz y tiempo de respuesta de 5\u202fms para visualizaci\u00f3n fluida. Brillo de 250\u202fcd\/m\u00b2, contraste 1000:1, \u00e1ngulos de visi\u00f3n de 178\u00b0. Incluye HDMI y DisplayPort, modo Eye Saver, Flicker-Free, dise\u00f1o ergon\u00f3mico con inclinaci\u00f3n, giro, pivote y soporte VESA 100\u00d7100.<\/p>\n","protected":false},"excerpt":{"rendered":"<p><!--StartFragment --><\/p>\n<ul>\n<li><strong>Resoluci\u00f3n<\/strong>: Full HD (1920 \u00d7 1080)<\/li>\n<li><strong>Panel<\/strong>: IPS plano, \u00e1ngulo de visi\u00f3n 178\u00b0<\/li>\n<li><strong>Frecuencia<\/strong>: 100\u202fHz<\/li>\n<li><strong>Tiempo de respuesta<\/strong>: 5\u202fms<\/li>\n<li><strong>Brillo<\/strong>: 250\u202fcd\/m\u00b2 \/ <strong>Contraste<\/strong>: 1000:1 (est\u00e1tico), MEGA (din\u00e1mico)<\/li>\n<li><strong>Conectividad<\/strong>: 1\u00d7 HDMI 1.4, 1\u00d7 DisplayPort 1.2<\/li>\n<li><strong>Funciones<\/strong>:<\/li>\n<\/ul>\n<ul>\n<li>Flicker-Free<\/li>\n<li>Eye Saver Mode<\/li>\n<li>Temporizador de apagado Plus<\/li>\n<li>Ahorro energ\u00e9tico<\/li>\n<li><strong>Ergonom\u00eda<\/strong>: inclinaci\u00f3n, giro, pivote, compatible con VESA 100 \u00d7 100<\/li>\n<li><strong>Color<\/strong>: 72% gama NTSC \/ 16.7 millones de colores<\/li>\n<\/ul>\n<p><!--EndFragment --><\/p>\n","protected":false},"featured_media":4582,"template":"","meta":[],"product_brand":[],"product_cat":[15],"product_tag":[],"class_list":{"0":"post-4581","1":"product","2":"type-product","3":"status-publish","4":"has-post-thumbnail","6":"product_cat-porta-laptop","8":"first","9":"instock","10":"sale","11":"shipping-taxable","12":"purchasable","13":"product-type-simple"},"_links":{"self":[{"href":"https:\/\/gmegatecnologia.com\/index.php\/wp-json\/wp\/v2\/product\/4581","targetHints":{"allow":["GET"]}}],"collection":[{"href":"https:\/\/gmegatecnologia.com\/index.php\/wp-json\/wp\/v2\/product"}],"about":[{"href":"https:\/\/gmegatecnologia.com\/index.php\/wp-json\/wp\/v2\/types\/product"}],"wp:featuredmedia":[{"embeddable":true,"href":"https:\/\/gmegatecnologia.com\/index.php\/wp-json\/wp\/v2\/media\/4582"}],"wp:attachment":[{"href":"https:\/\/gmegatecnologia.com\/index.php\/wp-json\/wp\/v2\/media?parent=4581"}],"wp:term":[{"taxonomy":"product_brand","embeddable":true,"href":"https:\/\/gmegatecnologia.com\/index.php\/wp-json\/wp\/v2\/product_brand?post=4581"},{"taxonomy":"product_cat","embeddable":true,"href":"https:\/\/gmegatecnologia.com\/index.php\/wp-json\/wp\/v2\/product_cat?post=4581"},{"taxonomy":"product_tag","embeddable":true,"href":"https:\/\/gmegatecnologia.com\/index.php\/wp-json\/wp\/v2\/product_tag?post=4581"}],"curies":[{"name":"wp","href":"https:\/\/api.w.org\/{rel}","templated":true}]}}