{"id":4566,"date":"2025-10-08T15:20:18","date_gmt":"2025-10-08T20:20:18","guid":{"rendered":"https:\/\/gmegatecnologia.com\/?post_type=product&#038;p=4566"},"modified":"2026-01-02T14:45:12","modified_gmt":"2026-01-02T19:45:12","slug":"monitor-viewsonic-va2714-h-27-fhd-100hz-ips-4ms-va2714-h","status":"publish","type":"product","link":"https:\/\/gmegatecnologia.com\/index.php\/producto\/monitor-viewsonic-va2714-h-27-fhd-100hz-ips-4ms-va2714-h\/","title":{"rendered":"MONITOR VIEWSONIC VA2714-H 27 FHD 100HZ IPS 4MS (VA2714-H)"},"content":{"rendered":"<p>Monitor ViewSonic VA2714-H de 27&#8243; con panel IPS Full HD (1920&#215;1080), frecuencia de actualizaci\u00f3n variable de 100\u202fHz y tiempo de respuesta de 4\u202fms (GtG). Ofrece brillo de 300\u202fcd\/m\u00b2, contraste est\u00e1tico de 1300:1 y \u00e1ngulos de visi\u00f3n de 178\u00b0. Incluye entradas HDMI y VGA, salida de audio, tecnolog\u00eda Eye ProTech (flicker-free y filtro de luz azul), dise\u00f1o sin bordes en 3 lados y soporte VESA 100&#215;100.<\/p>\n","protected":false},"excerpt":{"rendered":"<p><!--StartFragment --><\/p>\n<ul>\n<li>Resoluci\u00f3n: Full HD (1920 \u00d7 1080)<\/li>\n<li>Panel: IPS SuperClear\u00ae, \u00e1ngulo de visi\u00f3n 178\u00b0<\/li>\n<li>Frecuencia: 100\u202fHz variable<\/li>\n<li>Tiempo de respuesta: 4\u202fms<\/li>\n<li>Conectividad: HDMI, VGA<\/li>\n<li>Dise\u00f1o: sin bordes en 3 lados, compatible con VESA<\/li>\n<\/ul>\n<p>&nbsp;<\/p>\n","protected":false},"featured_media":4567,"template":"","meta":[],"product_brand":[],"product_cat":[29],"product_tag":[],"class_list":{"0":"post-4566","1":"product","2":"type-product","3":"status-publish","4":"has-post-thumbnail","6":"product_cat-monitores","8":"first","9":"instock","10":"sale","11":"shipping-taxable","12":"purchasable","13":"product-type-simple"},"_links":{"self":[{"href":"https:\/\/gmegatecnologia.com\/index.php\/wp-json\/wp\/v2\/product\/4566","targetHints":{"allow":["GET"]}}],"collection":[{"href":"https:\/\/gmegatecnologia.com\/index.php\/wp-json\/wp\/v2\/product"}],"about":[{"href":"https:\/\/gmegatecnologia.com\/index.php\/wp-json\/wp\/v2\/types\/product"}],"wp:featuredmedia":[{"embeddable":true,"href":"https:\/\/gmegatecnologia.com\/index.php\/wp-json\/wp\/v2\/media\/4567"}],"wp:attachment":[{"href":"https:\/\/gmegatecnologia.com\/index.php\/wp-json\/wp\/v2\/media?parent=4566"}],"wp:term":[{"taxonomy":"product_brand","embeddable":true,"href":"https:\/\/gmegatecnologia.com\/index.php\/wp-json\/wp\/v2\/product_brand?post=4566"},{"taxonomy":"product_cat","embeddable":true,"href":"https:\/\/gmegatecnologia.com\/index.php\/wp-json\/wp\/v2\/product_cat?post=4566"},{"taxonomy":"product_tag","embeddable":true,"href":"https:\/\/gmegatecnologia.com\/index.php\/wp-json\/wp\/v2\/product_tag?post=4566"}],"curies":[{"name":"wp","href":"https:\/\/api.w.org\/{rel}","templated":true}]}}