{"id":4528,"date":"2025-08-20T11:44:13","date_gmt":"2025-08-20T16:44:13","guid":{"rendered":"https:\/\/gmegatecnologia.com\/?post_type=product&#038;p=4528"},"modified":"2025-08-20T11:44:13","modified_gmt":"2025-08-20T16:44:13","slug":"audifono-con-microfono-razer-kaira-pro-50mm-30h-wireless-usb-c-bt-hypersense-smartswitch-chroma-blanco-rz04-04030100-r3u1","status":"publish","type":"product","link":"https:\/\/gmegatecnologia.com\/index.php\/producto\/audifono-con-microfono-razer-kaira-pro-50mm-30h-wireless-usb-c-bt-hypersense-smartswitch-chroma-blanco-rz04-04030100-r3u1\/","title":{"rendered":"AUDIFONO CON MICROFONO RAZER KAIRA PRO 50MM 30H WIRELESS USB-C \/ BT HYPERSENSE SMARTSWITCH CHROMA BLANCO (RZ04-04030100-R3U1)"},"content":{"rendered":"<p>Auriculares inal\u00e1mbricos con drivers de 50\u202fmm y tecnolog\u00eda Razer\u2122 HyperSense para retroalimentaci\u00f3n h\u00e1ptica inmersiva. Conectividad dual: Bluetooth 5.2 y dongle USB-C de 2.4\u202fGHz para baja latencia. Funci\u00f3n SmartSwitch para alternar entre dispositivos, iluminaci\u00f3n RGB Razer Chroma personalizable, micr\u00f3fono articulado con cancelaci\u00f3n de ruido, autonom\u00eda de hasta 30 horas. Compatibles con PC, consolas y m\u00f3viles.<\/p>\n","protected":false},"excerpt":{"rendered":"<ul>\n<li>Conectividad: USB-C 2.4\u202fGHz + Bluetooth 5.2<\/li>\n<li>Drivers: TriForce Titanium 50\u202fmm<\/li>\n<li>Audio h\u00e1ptico: Razer HyperSense<\/li>\n<li>Micr\u00f3fono: h\u00edbrido (integrado + externo HyperClear)<\/li>\n<li>Funci\u00f3n: SmartSwitch para alternar dispositivos<\/li>\n<li>Iluminaci\u00f3n: Razer Chroma RGB<\/li>\n<li>Bater\u00eda: hasta 30\u202fh<\/li>\n<\/ul>\n","protected":false},"featured_media":4529,"template":"","meta":[],"product_brand":[],"product_cat":[37],"product_tag":[],"class_list":{"0":"post-4528","1":"product","2":"type-product","3":"status-publish","4":"has-post-thumbnail","6":"product_cat-perifericos","8":"first","9":"instock","10":"sale","11":"shipping-taxable","12":"purchasable","13":"product-type-simple"},"_links":{"self":[{"href":"https:\/\/gmegatecnologia.com\/index.php\/wp-json\/wp\/v2\/product\/4528","targetHints":{"allow":["GET"]}}],"collection":[{"href":"https:\/\/gmegatecnologia.com\/index.php\/wp-json\/wp\/v2\/product"}],"about":[{"href":"https:\/\/gmegatecnologia.com\/index.php\/wp-json\/wp\/v2\/types\/product"}],"wp:featuredmedia":[{"embeddable":true,"href":"https:\/\/gmegatecnologia.com\/index.php\/wp-json\/wp\/v2\/media\/4529"}],"wp:attachment":[{"href":"https:\/\/gmegatecnologia.com\/index.php\/wp-json\/wp\/v2\/media?parent=4528"}],"wp:term":[{"taxonomy":"product_brand","embeddable":true,"href":"https:\/\/gmegatecnologia.com\/index.php\/wp-json\/wp\/v2\/product_brand?post=4528"},{"taxonomy":"product_cat","embeddable":true,"href":"https:\/\/gmegatecnologia.com\/index.php\/wp-json\/wp\/v2\/product_cat?post=4528"},{"taxonomy":"product_tag","embeddable":true,"href":"https:\/\/gmegatecnologia.com\/index.php\/wp-json\/wp\/v2\/product_tag?post=4528"}],"curies":[{"name":"wp","href":"https:\/\/api.w.org\/{rel}","templated":true}]}}