{"id":4525,"date":"2025-08-28T13:10:38","date_gmt":"2025-08-28T18:10:38","guid":{"rendered":"https:\/\/gmegatecnologia.com\/?post_type=product&#038;p=4525"},"modified":"2025-08-28T18:06:15","modified_gmt":"2025-08-28T23:06:15","slug":"audifono-con-microfono-razer-hammerhead-hyperspeed-wireless-usb-c-bt-multi-platform-ed-ps5-chroma-blanco-rz12-03820300-r3u1","status":"publish","type":"product","link":"https:\/\/gmegatecnologia.com\/index.php\/producto\/audifono-con-microfono-razer-hammerhead-hyperspeed-wireless-usb-c-bt-multi-platform-ed-ps5-chroma-blanco-rz12-03820300-r3u1\/","title":{"rendered":"AUDIFONO CON MICROFONO RAZER HAMMERHEAD HYPERSPEED WIRELESS USB-C \/ BT MULTI-PLATFORM ED.PS5 CHROMA BLANCO (RZ12-03820300-R3U1)"},"content":{"rendered":"<p>Auriculares inal\u00e1mbricos con conectividad dual: Bluetooth 5.2 y dongle USB-C HyperSpeed de 2.4\u202fGHz para baja latencia. Drivers de 10\u202fmm personalizados, sonido potente y envolvente, cancelaci\u00f3n activa de ruido (ANC) y micr\u00f3fonos duales con cancelaci\u00f3n ambiental (ENC). Iluminaci\u00f3n Razer Chroma RGB personalizable, controles t\u00e1ctiles, autonom\u00eda de hasta 30 horas con estuche de carga. Compatibles con PS5, PC, Nintendo Switch, Steam Deck y m\u00f3viles.<\/p>\n","protected":false},"excerpt":{"rendered":"<p><!--StartFragment --><\/p>\n<ul>\n<li>Conectividad: USB-C 2.4\u202fGHz + Bluetooth 5.2<\/li>\n<li>Cancelaci\u00f3n activa de ruido (ANC) + micr\u00f3fonos ambientales<\/li>\n<li>Drivers: 10\u202fmm \/ Sonido: 20\u202fHz \u2013 20\u202fkHz \/ 91\u202fdB<\/li>\n<li>Bater\u00eda: hasta 30\u202fh con estuche de carga<\/li>\n<li>Iluminaci\u00f3n: Razer Chroma RGB<\/li>\n<\/ul>\n<p>&nbsp;<\/p>\n","protected":false},"featured_media":4526,"template":"","meta":[],"product_brand":[],"product_cat":[37],"product_tag":[],"class_list":{"0":"post-4525","1":"product","2":"type-product","3":"status-publish","4":"has-post-thumbnail","6":"product_cat-perifericos","8":"first","9":"instock","10":"sale","11":"shipping-taxable","12":"purchasable","13":"product-type-simple"},"_links":{"self":[{"href":"https:\/\/gmegatecnologia.com\/index.php\/wp-json\/wp\/v2\/product\/4525","targetHints":{"allow":["GET"]}}],"collection":[{"href":"https:\/\/gmegatecnologia.com\/index.php\/wp-json\/wp\/v2\/product"}],"about":[{"href":"https:\/\/gmegatecnologia.com\/index.php\/wp-json\/wp\/v2\/types\/product"}],"wp:featuredmedia":[{"embeddable":true,"href":"https:\/\/gmegatecnologia.com\/index.php\/wp-json\/wp\/v2\/media\/4526"}],"wp:attachment":[{"href":"https:\/\/gmegatecnologia.com\/index.php\/wp-json\/wp\/v2\/media?parent=4525"}],"wp:term":[{"taxonomy":"product_brand","embeddable":true,"href":"https:\/\/gmegatecnologia.com\/index.php\/wp-json\/wp\/v2\/product_brand?post=4525"},{"taxonomy":"product_cat","embeddable":true,"href":"https:\/\/gmegatecnologia.com\/index.php\/wp-json\/wp\/v2\/product_cat?post=4525"},{"taxonomy":"product_tag","embeddable":true,"href":"https:\/\/gmegatecnologia.com\/index.php\/wp-json\/wp\/v2\/product_tag?post=4525"}],"curies":[{"name":"wp","href":"https:\/\/api.w.org\/{rel}","templated":true}]}}