{"id":4455,"date":"2025-08-07T15:19:47","date_gmt":"2025-08-07T20:19:47","guid":{"rendered":"https:\/\/gmegatecnologia.com\/?post_type=product&#038;p=4455"},"modified":"2025-08-07T16:05:44","modified_gmt":"2025-08-07T21:05:44","slug":"estabilizador-forza-8-tomas-1200va-600w-c-2usb-220v-negro-fz-fvr-1222usb","status":"publish","type":"product","link":"https:\/\/gmegatecnologia.com\/index.php\/producto\/estabilizador-forza-8-tomas-1200va-600w-c-2usb-220v-negro-fz-fvr-1222usb\/","title":{"rendered":"ESTABILIZADOR FORZA 8 TOMAS 1200VA\/600W C\/2USB 220V NEGRO (FZ- FVR- 1222USB)"},"content":{"rendered":"<p><!--StartFragment --><\/p>\n<p>Forza FVR-1222USB 1200VA\/600W: Estabilizador con 8 tomas NEMA y 2 puertos USB, voltaje de entrada\/salida de 220\u202fV. Incorpora tecnolog\u00eda AVR para regular autom\u00e1ticamente la tensi\u00f3n, protecci\u00f3n contra sobrecargas y picos, indicadores LED, termofusible de seguridad y cable de 1.5\u202fm. Ideal para proteger equipos electr\u00f3nicos delicados. <!--EndFragment --><\/p>\n","protected":false},"excerpt":{"rendered":"<p><!--StartFragment --><\/p>\n<p><strong>Estabilizador Forza FZ-FVR-1222USB<\/strong>:<\/p>\n<ul>\n<li><strong>Capacidad<\/strong>: 1200VA \/ 600W<\/li>\n<li><strong>Voltaje<\/strong>: Entrada\/salida 220V<\/li>\n<li><strong>Tomas<\/strong>: 8 salidas NEMA 5-15R<\/li>\n<li><strong>USB<\/strong>: 2 puertos USB para carga de dispositivos<\/li>\n<li><strong>Protecciones<\/strong>: Sobretensi\u00f3n, sobrecarga, descarga el\u00e9ctrica, fluctuaciones de voltaje<\/li>\n<li><strong>Tecnolog\u00eda<\/strong>: AVR (Regulaci\u00f3n Autom\u00e1tica de Voltaje), MOV (varistor de \u00f3xido de metal), termofusible<\/li>\n<li><strong>Indicadores LED<\/strong>: estado funcional<\/li>\n<li><strong>Montaje<\/strong>: opci\u00f3n para instalaci\u00f3n en pared<\/li>\n<li><strong>Material<\/strong>: ABS retardante de llama<\/li>\n<li><strong>Cable<\/strong>: 1.5 metros<\/li>\n<li><strong>Color<\/strong>: negro<\/li>\n<\/ul>\n<p><!--EndFragment --><\/p>\n","protected":false},"featured_media":4456,"template":"","meta":[],"product_brand":[],"product_cat":[36],"product_tag":[],"class_list":{"0":"post-4455","1":"product","2":"type-product","3":"status-publish","4":"has-post-thumbnail","6":"product_cat-partes-de-pc","8":"first","9":"instock","10":"sale","11":"shipping-taxable","12":"purchasable","13":"product-type-simple"},"_links":{"self":[{"href":"https:\/\/gmegatecnologia.com\/index.php\/wp-json\/wp\/v2\/product\/4455","targetHints":{"allow":["GET"]}}],"collection":[{"href":"https:\/\/gmegatecnologia.com\/index.php\/wp-json\/wp\/v2\/product"}],"about":[{"href":"https:\/\/gmegatecnologia.com\/index.php\/wp-json\/wp\/v2\/types\/product"}],"wp:featuredmedia":[{"embeddable":true,"href":"https:\/\/gmegatecnologia.com\/index.php\/wp-json\/wp\/v2\/media\/4456"}],"wp:attachment":[{"href":"https:\/\/gmegatecnologia.com\/index.php\/wp-json\/wp\/v2\/media?parent=4455"}],"wp:term":[{"taxonomy":"product_brand","embeddable":true,"href":"https:\/\/gmegatecnologia.com\/index.php\/wp-json\/wp\/v2\/product_brand?post=4455"},{"taxonomy":"product_cat","embeddable":true,"href":"https:\/\/gmegatecnologia.com\/index.php\/wp-json\/wp\/v2\/product_cat?post=4455"},{"taxonomy":"product_tag","embeddable":true,"href":"https:\/\/gmegatecnologia.com\/index.php\/wp-json\/wp\/v2\/product_tag?post=4455"}],"curies":[{"name":"wp","href":"https:\/\/api.w.org\/{rel}","templated":true}]}}