{"id":3900,"date":"2026-03-31T16:30:48","date_gmt":"2026-03-31T21:30:48","guid":{"rendered":"https:\/\/gmegatecnologia.com\/?post_type=product&#038;p=3900"},"modified":"2026-03-31T17:17:20","modified_gmt":"2026-03-31T22:17:20","slug":"viewfinity-samsung-s5-ultrawide-de-34-uwqhd-100hz-hdr-ls34c500galxpe","status":"publish","type":"product","link":"https:\/\/gmegatecnologia.com\/index.php\/producto\/viewfinity-samsung-s5-ultrawide-de-34-uwqhd-100hz-hdr-ls34c500galxpe\/","title":{"rendered":"VIEWFINITY SAMSUNG S5 ULTRAWIDE DE 34&#8243;, UWQHD, 100HZ, HDR (LS34C500GALXPE)"},"content":{"rendered":"<p><!--StartFragment --><\/p>\n<p>El <strong>Samsung ViewFinity S5 Ultrawide de 34&#8243; (LS34C500GALXPE)<\/strong> est\u00e1 dise\u00f1ado para quienes buscan productividad y entretenimiento envolvente. Su pantalla curva VA de 34&#8243; con resoluci\u00f3n <strong>Ultra WQHD (3440\u00d71440)<\/strong> y relaci\u00f3n de aspecto 21:9 ofrece un amplio espacio de trabajo ideal para multitarea, edici\u00f3n o visualizaci\u00f3n de contenido en alta calidad.<\/p>\n<p>Gracias a su tasa de refresco de <strong>100 Hz<\/strong> y compatibilidad con <strong>AMD FreeSync<\/strong>, proporciona una experiencia fluida tanto en trabajo como en juegos. Incorpora <strong>HDR10<\/strong> para colores m\u00e1s vivos y contrastes m\u00e1s profundos, y tecnolog\u00edas como <strong>Eye Saver Mode<\/strong> y <strong>Flicker Free<\/strong> para cuidar la vista en sesiones prolongadas.<\/p>\n<p><!--EndFragment --><\/p>\n","protected":false},"excerpt":{"rendered":"<p><!--StartFragment --><\/p>\n<ul>\n<li><strong>Pantalla: <\/strong>34&#8243; VA curva (1500R)<\/li>\n<li><strong>Resoluci\u00f3n:<\/strong> UWQHD (3440\u00d71440)<\/li>\n<li><strong>Relaci\u00f3n de aspecto:<\/strong> 21:9<\/li>\n<li><strong>Frecuencia:<\/strong> 100 Hz<\/li>\n<li><strong>Respuesta:<\/strong> 5 ms (GtG)<\/li>\n<li><strong>Brillo:<\/strong> 300 nits<\/li>\n<li><strong>Contraste:<\/strong> 3000:1<\/li>\n<li><strong>Colores:<\/strong> 1.07 mil millones, HDR10<\/li>\n<li><strong>Sincronizaci\u00f3n:<\/strong> AMD FreeSync<\/li>\n<li><strong>Entradas:<\/strong> 2\u00d7 HDMI 2.0, 1\u00d7 DisplayPort 1.2, salida de audio<\/li>\n<li><strong>Extras:<\/strong> PBP, PIP, Flicker Free, Eye Saver Mode<\/li>\n<li><strong>Montaje VESA:<\/strong> 100\u00d7100 mm<\/li>\n<\/ul>\n<p><!--EndFragment --><\/p>\n","protected":false},"featured_media":4108,"template":"","meta":[],"product_brand":[],"product_cat":[29],"product_tag":[],"class_list":{"0":"post-3900","1":"product","2":"type-product","3":"status-publish","4":"has-post-thumbnail","6":"product_cat-monitores","8":"first","9":"instock","10":"sale","11":"shipping-taxable","12":"purchasable","13":"product-type-simple"},"_links":{"self":[{"href":"https:\/\/gmegatecnologia.com\/index.php\/wp-json\/wp\/v2\/product\/3900","targetHints":{"allow":["GET"]}}],"collection":[{"href":"https:\/\/gmegatecnologia.com\/index.php\/wp-json\/wp\/v2\/product"}],"about":[{"href":"https:\/\/gmegatecnologia.com\/index.php\/wp-json\/wp\/v2\/types\/product"}],"wp:featuredmedia":[{"embeddable":true,"href":"https:\/\/gmegatecnologia.com\/index.php\/wp-json\/wp\/v2\/media\/4108"}],"wp:attachment":[{"href":"https:\/\/gmegatecnologia.com\/index.php\/wp-json\/wp\/v2\/media?parent=3900"}],"wp:term":[{"taxonomy":"product_brand","embeddable":true,"href":"https:\/\/gmegatecnologia.com\/index.php\/wp-json\/wp\/v2\/product_brand?post=3900"},{"taxonomy":"product_cat","embeddable":true,"href":"https:\/\/gmegatecnologia.com\/index.php\/wp-json\/wp\/v2\/product_cat?post=3900"},{"taxonomy":"product_tag","embeddable":true,"href":"https:\/\/gmegatecnologia.com\/index.php\/wp-json\/wp\/v2\/product_tag?post=3900"}],"curies":[{"name":"wp","href":"https:\/\/api.w.org\/{rel}","templated":true}]}}