{"id":3889,"date":"2025-06-20T14:01:18","date_gmt":"2025-06-20T19:01:18","guid":{"rendered":"https:\/\/gmegatecnologia.com\/?post_type=product&#038;p=3889"},"modified":"2025-07-10T13:05:10","modified_gmt":"2025-07-10T18:05:10","slug":"monitor-gaming-samsung-odyssey-g4-27-ips-fhd-240hz-1ms-ls27bg402enxgo","status":"publish","type":"product","link":"https:\/\/gmegatecnologia.com\/index.php\/producto\/monitor-gaming-samsung-odyssey-g4-27-ips-fhd-240hz-1ms-ls27bg402enxgo\/","title":{"rendered":"MONITOR GAMING SAMSUNG ODYSSEY G4 27&#8243; IPS FHD, 240HZ, 1MS (LS27BG402ENXGO)"},"content":{"rendered":"<p><!--StartFragment --><\/p>\n<p>El <strong>Samsung Odyssey G4 27&#8243; (LS27BG402ENXGO)<\/strong> es un monitor gaming dise\u00f1ado para ofrecer una experiencia fluida y envolvente. Su panel IPS Full HD brinda colores vivos y \u00e1ngulos amplios, mientras que su tasa de refresco de 240 Hz y tiempo de respuesta de 1 ms aseguran im\u00e1genes n\u00edtidas y sin desenfoques en juegos r\u00e1pidos. Compatible con AMD FreeSync Premium y G-Sync, elimina cortes y retrasos en pantalla. Incluye funciones como HDR10, Eye Saver Mode, Auto Source Switch+ y un soporte ergon\u00f3mico ajustable en altura, giro, pivote e inclinaci\u00f3n.<\/p>\n<p><!--EndFragment --><\/p>\n","protected":false},"excerpt":{"rendered":"<p><!--StartFragment --><\/p>\n<ul>\n<li><strong>Pantalla: <\/strong>27&#8243; IPS, plana<\/li>\n<li><strong>Resoluci\u00f3n:<\/strong> Full HD (1920\u00d71080)<\/li>\n<li><strong>Frecuencia:<\/strong> 240 Hz<\/li>\n<li><strong>Respuesta:<\/strong> 1 ms (GtG)<\/li>\n<li><strong>Brillo:<\/strong> 400 nits<\/li>\n<li><strong>Contraste:<\/strong> 1000:1<\/li>\n<li><strong>Colores:<\/strong> sRGB 99%, 16.7 millones<\/li>\n<li><strong>Sincronizaci\u00f3n:<\/strong> FreeSync Premium y G-Sync compatible<\/li>\n<li><strong>Entradas:<\/strong> 2\u00d7 HDMI 2.0, 1\u00d7 DisplayPort 1.2, salida de audio<\/li>\n<li><strong>Ergonom\u00eda:<\/strong> Altura, giro, pivote, inclinaci\u00f3n<\/li>\n<li><strong>Extras:<\/strong> HDR10, Eye Saver, Flicker Free, Auto Source Switch+<\/li>\n<li><strong>Montaje VESA:<\/strong> 100\u00d7100 mm<\/li>\n<\/ul>\n<p><!--EndFragment --><\/p>\n","protected":false},"featured_media":4110,"template":"","meta":[],"product_brand":[],"product_cat":[29],"product_tag":[],"class_list":{"0":"post-3889","1":"product","2":"type-product","3":"status-publish","4":"has-post-thumbnail","6":"product_cat-monitores","8":"first","9":"instock","10":"sale","11":"shipping-taxable","12":"purchasable","13":"product-type-simple"},"_links":{"self":[{"href":"https:\/\/gmegatecnologia.com\/index.php\/wp-json\/wp\/v2\/product\/3889","targetHints":{"allow":["GET"]}}],"collection":[{"href":"https:\/\/gmegatecnologia.com\/index.php\/wp-json\/wp\/v2\/product"}],"about":[{"href":"https:\/\/gmegatecnologia.com\/index.php\/wp-json\/wp\/v2\/types\/product"}],"wp:featuredmedia":[{"embeddable":true,"href":"https:\/\/gmegatecnologia.com\/index.php\/wp-json\/wp\/v2\/media\/4110"}],"wp:attachment":[{"href":"https:\/\/gmegatecnologia.com\/index.php\/wp-json\/wp\/v2\/media?parent=3889"}],"wp:term":[{"taxonomy":"product_brand","embeddable":true,"href":"https:\/\/gmegatecnologia.com\/index.php\/wp-json\/wp\/v2\/product_brand?post=3889"},{"taxonomy":"product_cat","embeddable":true,"href":"https:\/\/gmegatecnologia.com\/index.php\/wp-json\/wp\/v2\/product_cat?post=3889"},{"taxonomy":"product_tag","embeddable":true,"href":"https:\/\/gmegatecnologia.com\/index.php\/wp-json\/wp\/v2\/product_tag?post=3889"}],"curies":[{"name":"wp","href":"https:\/\/api.w.org\/{rel}","templated":true}]}}