{"id":3820,"date":"2025-06-26T15:00:08","date_gmt":"2025-06-26T20:00:08","guid":{"rendered":"https:\/\/gmegatecnologia.com\/?post_type=product&#038;p=3820"},"modified":"2025-07-09T11:18:28","modified_gmt":"2025-07-09T16:18:28","slug":"timon-con-pedal-logitech-g29-racing-wheel-ps5-ps4-ps3-pc-usb-negro-941-000111-2","status":"publish","type":"product","link":"https:\/\/gmegatecnologia.com\/index.php\/producto\/timon-con-pedal-logitech-g29-racing-wheel-ps5-ps4-ps3-pc-usb-negro-941-000111-2\/","title":{"rendered":"PALANCA DE CAMBIOS LOGITECH P\/ G29&#038;G923 6 VELOCIDADES BLACK (941- 000119)"},"content":{"rendered":"<p><!--StartFragment --><\/p>\n<p><!--StartFragment --><\/p>\n<p>La palanca de cambios Logitech Driving Force est\u00e1 dise\u00f1ada para los volantes G29, G923 y G920, ofreciendo una experiencia de conducci\u00f3n realista con su dise\u00f1o en \u201cH\u201d de 6 velocidades y marcha atr\u00e1s mediante presi\u00f3n hacia abajo. Fabricada con eje de acero y empu\u00f1adura forrada en cuero cosido a mano, garantiza durabilidad y sensaci\u00f3n aut\u00e9ntica.<\/p>\n<p><!--EndFragment --><\/p>\n<p><!--EndFragment --><\/p>\n","protected":false},"excerpt":{"rendered":"<p>\u2022 <strong>Marca:<\/strong> Logitech<br \/>\n\u2022 <strong>Modelo:<\/strong> Palanca de Cambios para G29 &amp; G923<br \/>\n\u2022 <strong>Compatibilidad:<\/strong> Volantes Logitech G29 y G923<br \/>\n\u2022 <strong>Tipo de Cambio:<\/strong> Manual<br \/>\n\u2022 <strong>N\u00famero de Velocidades:<\/strong> 6 velocidades + reversa<br \/>\n\u2022 <strong>Montaje:<\/strong> Sistema de sujeci\u00f3n con abrazaderas integradas<br \/>\n\u2022 <strong>Conectividad:<\/strong> Cable con conector estilo DIN<br \/>\n\u2022 <strong>Color:<\/strong> Negro<br \/>\n\u2022 <strong>Dimensiones:<\/strong> 206.5 x 176.4 x 146.4 mm<br \/>\n\u2022 <strong>Peso:<\/strong> 0.72 kg<\/p>\n","protected":false},"featured_media":4040,"template":"","meta":[],"product_brand":[],"product_cat":[37,31],"product_tag":[],"class_list":{"0":"post-3820","1":"product","2":"type-product","3":"status-publish","4":"has-post-thumbnail","6":"product_cat-perifericos","7":"product_cat-zona-gamer","9":"first","10":"instock","11":"sale","12":"shipping-taxable","13":"purchasable","14":"product-type-simple"},"_links":{"self":[{"href":"https:\/\/gmegatecnologia.com\/index.php\/wp-json\/wp\/v2\/product\/3820","targetHints":{"allow":["GET"]}}],"collection":[{"href":"https:\/\/gmegatecnologia.com\/index.php\/wp-json\/wp\/v2\/product"}],"about":[{"href":"https:\/\/gmegatecnologia.com\/index.php\/wp-json\/wp\/v2\/types\/product"}],"wp:featuredmedia":[{"embeddable":true,"href":"https:\/\/gmegatecnologia.com\/index.php\/wp-json\/wp\/v2\/media\/4040"}],"wp:attachment":[{"href":"https:\/\/gmegatecnologia.com\/index.php\/wp-json\/wp\/v2\/media?parent=3820"}],"wp:term":[{"taxonomy":"product_brand","embeddable":true,"href":"https:\/\/gmegatecnologia.com\/index.php\/wp-json\/wp\/v2\/product_brand?post=3820"},{"taxonomy":"product_cat","embeddable":true,"href":"https:\/\/gmegatecnologia.com\/index.php\/wp-json\/wp\/v2\/product_cat?post=3820"},{"taxonomy":"product_tag","embeddable":true,"href":"https:\/\/gmegatecnologia.com\/index.php\/wp-json\/wp\/v2\/product_tag?post=3820"}],"curies":[{"name":"wp","href":"https:\/\/api.w.org\/{rel}","templated":true}]}}