{"id":3607,"date":"2025-06-25T10:30:33","date_gmt":"2025-06-25T15:30:33","guid":{"rendered":"https:\/\/gmegatecnologia.com\/?post_type=product&#038;p=3607"},"modified":"2025-07-23T13:43:47","modified_gmt":"2025-07-23T18:43:47","slug":"hp-notebook-intel-celeron-n4500-8gb-ram-ddr4-256gb-ssd-15-6-hd-a12fjlaabm","status":"publish","type":"product","link":"https:\/\/gmegatecnologia.com\/index.php\/producto\/hp-notebook-intel-celeron-n4500-8gb-ram-ddr4-256gb-ssd-15-6-hd-a12fjlaabm\/","title":{"rendered":"HP NOTEBOOK INTEL CELERON N4500\/8GB RAM (DDR4)\/256GB SSD\/15.6 HD (A12FJLA#ABM)"},"content":{"rendered":"<p><!--StartFragment --><\/p>\n<p>El <strong>HP Notebook A12FJLA#ABM<\/strong> es un port\u00e1til b\u00e1sico con <strong>Intel Celeron N4500<\/strong>, <strong>8GB de RAM DDR4<\/strong> y <strong>256GB SSD<\/strong>, ideal para tareas diarias como navegaci\u00f3n web y ofim\u00e1tica. Su pantalla <strong>15.6&#8243; HD<\/strong> ofrece una visualizaci\u00f3n est\u00e1ndar, y su dise\u00f1o ligero lo hace pr\u00e1ctico para el uso cotidiano.<\/p>\n<p><!--EndFragment --><\/p>\n","protected":false},"excerpt":{"rendered":"<p><!--StartFragment --><\/p>\n<ul>\n<li><strong>Procesador: <\/strong>Intel Celeron N4500 (1.1 GHz &#8211; 2.8 GHz, 2 n\u00facleos)<\/li>\n<li><strong>Memoria RAM:<\/strong> 8 GB DDR4<\/li>\n<li><strong>Almacenamiento:<\/strong> 256 GB SSD M.2 PCIe NVMe<\/li>\n<li><strong>Pantalla:<\/strong> 15.6&#8243; HD (1366&#215;768) antirreflejo<\/li>\n<li><strong>Gr\u00e1ficos:<\/strong> Intel UHD Graphics integrado<\/li>\n<li><strong>Puertos:<\/strong> 2x USB 3.2 Tipo-A, 1x USB-C 3.2, 1x HDMI, 1x RJ45<\/li>\n<li><strong>Conectividad:<\/strong> Wi-Fi 802.11ac, Bluetooth<\/li>\n<li><strong>Bater\u00eda:<\/strong> 2 celdas Li-Ion<\/li>\n<li><strong>Sistema Operativo:<\/strong> FreeDOS<\/li>\n<li><strong>Peso:<\/strong> 1.74 kg<\/li>\n<\/ul>\n<p><!--EndFragment --><\/p>\n","protected":false},"featured_media":4319,"template":"","meta":[],"product_brand":[],"product_cat":[28],"product_tag":[],"class_list":{"0":"post-3607","1":"product","2":"type-product","3":"status-publish","4":"has-post-thumbnail","6":"product_cat-laptops-y-pc","8":"first","9":"instock","10":"sale","11":"shipping-taxable","12":"purchasable","13":"product-type-simple"},"_links":{"self":[{"href":"https:\/\/gmegatecnologia.com\/index.php\/wp-json\/wp\/v2\/product\/3607","targetHints":{"allow":["GET"]}}],"collection":[{"href":"https:\/\/gmegatecnologia.com\/index.php\/wp-json\/wp\/v2\/product"}],"about":[{"href":"https:\/\/gmegatecnologia.com\/index.php\/wp-json\/wp\/v2\/types\/product"}],"wp:featuredmedia":[{"embeddable":true,"href":"https:\/\/gmegatecnologia.com\/index.php\/wp-json\/wp\/v2\/media\/4319"}],"wp:attachment":[{"href":"https:\/\/gmegatecnologia.com\/index.php\/wp-json\/wp\/v2\/media?parent=3607"}],"wp:term":[{"taxonomy":"product_brand","embeddable":true,"href":"https:\/\/gmegatecnologia.com\/index.php\/wp-json\/wp\/v2\/product_brand?post=3607"},{"taxonomy":"product_cat","embeddable":true,"href":"https:\/\/gmegatecnologia.com\/index.php\/wp-json\/wp\/v2\/product_cat?post=3607"},{"taxonomy":"product_tag","embeddable":true,"href":"https:\/\/gmegatecnologia.com\/index.php\/wp-json\/wp\/v2\/product_tag?post=3607"}],"curies":[{"name":"wp","href":"https:\/\/api.w.org\/{rel}","templated":true}]}}