{"id":3556,"date":"2025-05-14T17:08:04","date_gmt":"2025-05-14T22:08:04","guid":{"rendered":"https:\/\/gmegatecnologia.com\/?post_type=product&#038;p=3556"},"modified":"2025-07-11T16:06:41","modified_gmt":"2025-07-11T21:06:41","slug":"ups-cdp-interactivo-portatil-li-504i-500va-250w-4salidas-bateria-litio","status":"publish","type":"product","link":"https:\/\/gmegatecnologia.com\/index.php\/producto\/ups-cdp-interactivo-portatil-li-504i-500va-250w-4salidas-bateria-litio\/","title":{"rendered":"UPS CDP INTERACTIVO PORTATIL LI-504I 500VA\/250W\/4SALIDAS\/BATERIA LITIO"},"content":{"rendered":"<p><!--StartFragment --><\/p>\n<ul>\n<li><!--StartFragment -->El <strong>UPS CDP LI-504I<\/strong> es un sistema de respaldo compacto con <strong>500VA \/ 250W<\/strong>, bater\u00eda de <strong>litio LiFePO4<\/strong>, <strong>4 salidas NEMA<\/strong> y <strong>puerto USB-A<\/strong> de carga r\u00e1pida. Ofrece <strong>hasta 10 horas<\/strong> de autonom\u00eda para dispositivos peque\u00f1os y m\u00e1s de <strong>1 hora<\/strong> para equipos avanzados.<!--EndFragment --><\/li>\n<\/ul>\n<p><!--EndFragment --><\/p>\n","protected":false},"excerpt":{"rendered":"<p><!--StartFragment --><\/p>\n<ul>\n<li><strong>Capacidad: <\/strong>500VA \/ 250W.<\/li>\n<li><strong>Bater\u00eda:<\/strong> Litio (LiFePO4) 12.8V \/ 51.2Wh.<\/li>\n<li><strong>Autonom\u00eda:<\/strong> Hasta 10 horas .<\/li>\n<li><strong>Tiempo de carga:<\/strong> \u2264 6 horas (90% de capacidad).<\/li>\n<li><strong>Salidas:<\/strong> 4 NEMA 5-15R.<\/li>\n<li><strong>Voltaje de entrada:<\/strong> 175 &#8211; 275Vca, 50\/60 Hz.<\/li>\n<li><strong>Forma de onda:<\/strong> Senoidal simulada.<\/li>\n<li><strong>Tiempo de transferencia:<\/strong> 2-4 ms.<\/li>\n<li><strong>Extras:<\/strong> Puerto USB-A de carga r\u00e1pida (2.4A).<\/li>\n<li><strong>Dimensiones:<\/strong> 182 x 125 x 47 mm, peso 0.88 kg.<\/li>\n<\/ul>\n<p><!--EndFragment --><\/p>\n","protected":false},"featured_media":4187,"template":"","meta":[],"product_brand":[],"product_cat":[36],"product_tag":[],"class_list":{"0":"post-3556","1":"product","2":"type-product","3":"status-publish","4":"has-post-thumbnail","6":"product_cat-partes-de-pc","8":"first","9":"instock","10":"sale","11":"shipping-taxable","12":"purchasable","13":"product-type-simple"},"_links":{"self":[{"href":"https:\/\/gmegatecnologia.com\/index.php\/wp-json\/wp\/v2\/product\/3556","targetHints":{"allow":["GET"]}}],"collection":[{"href":"https:\/\/gmegatecnologia.com\/index.php\/wp-json\/wp\/v2\/product"}],"about":[{"href":"https:\/\/gmegatecnologia.com\/index.php\/wp-json\/wp\/v2\/types\/product"}],"wp:featuredmedia":[{"embeddable":true,"href":"https:\/\/gmegatecnologia.com\/index.php\/wp-json\/wp\/v2\/media\/4187"}],"wp:attachment":[{"href":"https:\/\/gmegatecnologia.com\/index.php\/wp-json\/wp\/v2\/media?parent=3556"}],"wp:term":[{"taxonomy":"product_brand","embeddable":true,"href":"https:\/\/gmegatecnologia.com\/index.php\/wp-json\/wp\/v2\/product_brand?post=3556"},{"taxonomy":"product_cat","embeddable":true,"href":"https:\/\/gmegatecnologia.com\/index.php\/wp-json\/wp\/v2\/product_cat?post=3556"},{"taxonomy":"product_tag","embeddable":true,"href":"https:\/\/gmegatecnologia.com\/index.php\/wp-json\/wp\/v2\/product_tag?post=3556"}],"curies":[{"name":"wp","href":"https:\/\/api.w.org\/{rel}","templated":true}]}}