{"id":3546,"date":"2026-03-10T13:00:16","date_gmt":"2026-03-10T18:00:16","guid":{"rendered":"https:\/\/gmegatecnologia.com\/?post_type=product&#038;p=3546"},"modified":"2026-03-10T16:41:08","modified_gmt":"2026-03-10T21:41:08","slug":"ups-cdp-r-upr1008i-1000va-500w-autonomia-40-min-negro","status":"publish","type":"product","link":"https:\/\/gmegatecnologia.com\/index.php\/producto\/ups-cdp-r-upr1008i-1000va-500w-autonomia-40-min-negro\/","title":{"rendered":"UPS CDP R-UPR1008I 1000VA\/500W AUTONOMIA 40 MIN NEGRO"},"content":{"rendered":"<p><!--StartFragment --><\/p>\n<p>El <strong>UPS CDP R-UPR1008I<\/strong> es un sistema <strong>interactivo<\/strong> con <strong>1000VA \/ 500W<\/strong>, ideal para proteger equipos electr\u00f3nicos. Ofrece <strong>autonom\u00eda de hasta 40 minutos<\/strong>, <strong>8 tomas NEMA<\/strong> (4 con respaldo de bater\u00eda y AVR, 4 con supresi\u00f3n de picos) y <strong>protecci\u00f3n contra sobrecarga y cortocircuitos<\/strong>.<\/p>\n<p><!--EndFragment --><\/p>\n","protected":false},"excerpt":{"rendered":"<p><!--StartFragment --><\/p>\n<ul>\n<li><strong>Capacidad: <\/strong>1000VA \/ 500W.<\/li>\n<li><strong>Autonom\u00eda:<\/strong> Hasta 40 minutos.<\/li>\n<li><strong>Entradas:<\/strong> 220V \/ 50-60 Hz.<\/li>\n<li><strong>Salidas:<\/strong> 8 tomas NEMA<\/li>\n<li><strong>Protecci\u00f3n:<\/strong> Sobrecarga y cortocircuitos.<\/li>\n<li><strong>Tiempo de transferencia:<\/strong> 2-4 ms.<\/li>\n<li><strong>Bater\u00eda:<\/strong> Plomo-\u00e1cido sellada.<\/li>\n<li><strong>Extras:<\/strong> Indicadores LED, bot\u00f3n de encendido\/apagado.<\/li>\n<li><strong>Dimensiones:<\/strong> 95 x 140 x 300 mm, peso 5.45 kg.<\/li>\n<\/ul>\n<p><!--EndFragment --><\/p>\n","protected":false},"featured_media":4197,"template":"","meta":[],"product_brand":[],"product_cat":[36],"product_tag":[],"class_list":{"0":"post-3546","1":"product","2":"type-product","3":"status-publish","4":"has-post-thumbnail","6":"product_cat-partes-de-pc","8":"first","9":"instock","10":"sale","11":"shipping-taxable","12":"purchasable","13":"product-type-simple"},"_links":{"self":[{"href":"https:\/\/gmegatecnologia.com\/index.php\/wp-json\/wp\/v2\/product\/3546","targetHints":{"allow":["GET"]}}],"collection":[{"href":"https:\/\/gmegatecnologia.com\/index.php\/wp-json\/wp\/v2\/product"}],"about":[{"href":"https:\/\/gmegatecnologia.com\/index.php\/wp-json\/wp\/v2\/types\/product"}],"wp:featuredmedia":[{"embeddable":true,"href":"https:\/\/gmegatecnologia.com\/index.php\/wp-json\/wp\/v2\/media\/4197"}],"wp:attachment":[{"href":"https:\/\/gmegatecnologia.com\/index.php\/wp-json\/wp\/v2\/media?parent=3546"}],"wp:term":[{"taxonomy":"product_brand","embeddable":true,"href":"https:\/\/gmegatecnologia.com\/index.php\/wp-json\/wp\/v2\/product_brand?post=3546"},{"taxonomy":"product_cat","embeddable":true,"href":"https:\/\/gmegatecnologia.com\/index.php\/wp-json\/wp\/v2\/product_cat?post=3546"},{"taxonomy":"product_tag","embeddable":true,"href":"https:\/\/gmegatecnologia.com\/index.php\/wp-json\/wp\/v2\/product_tag?post=3546"}],"curies":[{"name":"wp","href":"https:\/\/api.w.org\/{rel}","templated":true}]}}