{"id":3525,"date":"2025-05-09T12:18:30","date_gmt":"2025-05-09T17:18:30","guid":{"rendered":"https:\/\/gmegatecnologia.com\/?post_type=product&#038;p=3525"},"modified":"2025-07-22T11:31:54","modified_gmt":"2025-07-22T16:31:54","slug":"parlante-logitech-s-150-usb-negro-retail-box-980-001004","status":"publish","type":"product","link":"https:\/\/gmegatecnologia.com\/index.php\/producto\/parlante-logitech-s-150-usb-negro-retail-box-980-001004\/","title":{"rendered":"PARLANTE LOGITECH S-150 USB NEGRO RETAIL BOX (980-001004)"},"content":{"rendered":"<p><!--StartFragment --><\/p>\n<p>El <strong>Logitech S-150<\/strong> es un parlante compacto con conexi\u00f3n <strong>USB-A<\/strong>, ideal para computadoras. Ofrece <strong>sonido est\u00e9reo n\u00edtido<\/strong>, controles simples de <strong>volumen y silencio<\/strong>, y un dise\u00f1o <strong>ligero y port\u00e1til<\/strong>. Su alimentaci\u00f3n y transmisi\u00f3n de audio se realizan a trav\u00e9s del mismo cable USB, sin necesidad de bater\u00edas.<\/p>\n<p><!--EndFragment --><\/p>\n","protected":false},"excerpt":{"rendered":"<p><!--StartFragment --><\/p>\n<p><!--StartFragment --><\/p>\n<ul>\n<li><strong>Conectividad: <\/strong>USB-A<\/li>\n<li><strong>Potencia:<\/strong> 1.2 W RMS<\/li>\n<li><strong>Configuraci\u00f3n:<\/strong> Sonido est\u00e9reo 2.0<\/li>\n<li><strong>Frecuencia:<\/strong> 90 Hz &#8211; 20 kHz<\/li>\n<li><strong>Controles:<\/strong> Volumen y silencio integrados<\/li>\n<li><strong>Indicador:<\/strong> LED \u00e1mbar de encendido<\/li>\n<li><strong>Dimensiones:<\/strong> 6.8 cm x 6.4 cm x 15.8 cm<\/li>\n<li><strong>Peso:<\/strong> 400 g<\/li>\n<li><strong>Cable USB:<\/strong> 1.2 m de longitud<\/li>\n<\/ul>\n<p><!--EndFragment --><\/p>\n<p><!--EndFragment --><\/p>\n","protected":false},"featured_media":4236,"template":"","meta":[],"product_brand":[],"product_cat":[37],"product_tag":[],"class_list":{"0":"post-3525","1":"product","2":"type-product","3":"status-publish","4":"has-post-thumbnail","6":"product_cat-perifericos","8":"first","9":"instock","10":"sale","11":"shipping-taxable","12":"purchasable","13":"product-type-simple"},"_links":{"self":[{"href":"https:\/\/gmegatecnologia.com\/index.php\/wp-json\/wp\/v2\/product\/3525","targetHints":{"allow":["GET"]}}],"collection":[{"href":"https:\/\/gmegatecnologia.com\/index.php\/wp-json\/wp\/v2\/product"}],"about":[{"href":"https:\/\/gmegatecnologia.com\/index.php\/wp-json\/wp\/v2\/types\/product"}],"wp:featuredmedia":[{"embeddable":true,"href":"https:\/\/gmegatecnologia.com\/index.php\/wp-json\/wp\/v2\/media\/4236"}],"wp:attachment":[{"href":"https:\/\/gmegatecnologia.com\/index.php\/wp-json\/wp\/v2\/media?parent=3525"}],"wp:term":[{"taxonomy":"product_brand","embeddable":true,"href":"https:\/\/gmegatecnologia.com\/index.php\/wp-json\/wp\/v2\/product_brand?post=3525"},{"taxonomy":"product_cat","embeddable":true,"href":"https:\/\/gmegatecnologia.com\/index.php\/wp-json\/wp\/v2\/product_cat?post=3525"},{"taxonomy":"product_tag","embeddable":true,"href":"https:\/\/gmegatecnologia.com\/index.php\/wp-json\/wp\/v2\/product_tag?post=3525"}],"curies":[{"name":"wp","href":"https:\/\/api.w.org\/{rel}","templated":true}]}}