{"id":3385,"date":"2025-04-23T13:30:27","date_gmt":"2025-04-23T18:30:27","guid":{"rendered":"https:\/\/gmegatecnologia.com\/?post_type=product&#038;p=3385"},"modified":"2025-07-22T16:11:27","modified_gmt":"2025-07-22T21:11:27","slug":"fuente-de-poder-gamdias-helios-m1-750b-750w-negro-16214-03800-10000-g","status":"publish","type":"product","link":"https:\/\/gmegatecnologia.com\/index.php\/producto\/fuente-de-poder-gamdias-helios-m1-750b-750w-negro-16214-03800-10000-g\/","title":{"rendered":"FUENTE DE PODER GAMDIAS HELIOS M1-750B 750W NEGRO (16214-03800-10000-G)"},"content":{"rendered":"<p><!--StartFragment --><\/p>\n<p>La <strong>Gamdias Helios M1-750B<\/strong> es una fuente de alimentaci\u00f3n <strong>ATX de 750W<\/strong> con certificaci\u00f3n <strong>80 PLUS Bronze<\/strong>, ofreciendo hasta <strong>85% de eficiencia<\/strong>. Cuenta con un <strong>ventilador de 120 mm<\/strong> con ajuste autom\u00e1tico, cables planos para mejor gesti\u00f3n y m\u00faltiples protecciones como <strong>OVP, UVP, OPP, SCP y OCP<\/strong>.<\/p>\n<p><!--EndFragment --><\/p>\n","protected":false},"excerpt":{"rendered":"<p><!--StartFragment --><\/p>\n<ul>\n<li><strong>Potencia:<\/strong> 750W.<\/li>\n<li><strong>Certificaci\u00f3n:<\/strong> 80 PLUS Bronze (hasta 85% de eficiencia).<\/li>\n<li><strong>Factor de forma:<\/strong> ATX12V v2.4.<\/li>\n<li><strong>Correcci\u00f3n de potencia:<\/strong> APFC con PF de 0.99.<\/li>\n<li><strong>Ventilador:<\/strong> 120 mm con cojinete hidr\u00e1ulico y ajuste autom\u00e1tico.<\/li>\n<li><strong>Protecci\u00f3n:<\/strong> OVP, UVP, OPP, SCP, OCP.<\/li>\n<li><strong>Cables:<\/strong> Planos negros para mejor gesti\u00f3n.<\/li>\n<li><strong>Dimensiones:<\/strong> 140 x 150 x 86 mm.<\/li>\n<li><strong>Conectores:<\/strong> 1x 20+4 Pin, 1x 4+4 Pin CPU, 4x 6+2 Pin PCI-E, 5x SATA, 3x Molex.<\/li>\n<\/ul>\n<p><!--EndFragment --><\/p>\n","protected":false},"featured_media":4284,"template":"","meta":[],"product_brand":[],"product_cat":[36],"product_tag":[],"class_list":{"0":"post-3385","1":"product","2":"type-product","3":"status-publish","4":"has-post-thumbnail","6":"product_cat-partes-de-pc","8":"first","9":"instock","10":"sale","11":"shipping-taxable","12":"purchasable","13":"product-type-simple"},"_links":{"self":[{"href":"https:\/\/gmegatecnologia.com\/index.php\/wp-json\/wp\/v2\/product\/3385","targetHints":{"allow":["GET"]}}],"collection":[{"href":"https:\/\/gmegatecnologia.com\/index.php\/wp-json\/wp\/v2\/product"}],"about":[{"href":"https:\/\/gmegatecnologia.com\/index.php\/wp-json\/wp\/v2\/types\/product"}],"wp:featuredmedia":[{"embeddable":true,"href":"https:\/\/gmegatecnologia.com\/index.php\/wp-json\/wp\/v2\/media\/4284"}],"wp:attachment":[{"href":"https:\/\/gmegatecnologia.com\/index.php\/wp-json\/wp\/v2\/media?parent=3385"}],"wp:term":[{"taxonomy":"product_brand","embeddable":true,"href":"https:\/\/gmegatecnologia.com\/index.php\/wp-json\/wp\/v2\/product_brand?post=3385"},{"taxonomy":"product_cat","embeddable":true,"href":"https:\/\/gmegatecnologia.com\/index.php\/wp-json\/wp\/v2\/product_cat?post=3385"},{"taxonomy":"product_tag","embeddable":true,"href":"https:\/\/gmegatecnologia.com\/index.php\/wp-json\/wp\/v2\/product_tag?post=3385"}],"curies":[{"name":"wp","href":"https:\/\/api.w.org\/{rel}","templated":true}]}}