{"id":3376,"date":"2025-04-23T10:30:04","date_gmt":"2025-04-23T15:30:04","guid":{"rendered":"https:\/\/gmegatecnologia.com\/?post_type=product&#038;p=3376"},"modified":"2025-07-22T17:34:24","modified_gmt":"2025-07-22T22:34:24","slug":"mochila-cool-capital-zilker-15-6-laptop-tinto-cc-b86300","status":"publish","type":"product","link":"https:\/\/gmegatecnologia.com\/index.php\/producto\/mochila-cool-capital-zilker-15-6-laptop-tinto-cc-b86300\/","title":{"rendered":"MOCHILA COOL CAPITAL ZILKER 15.6&#8243; LAPTOP TINTO (CC-B86300)"},"content":{"rendered":"<p>Esta mochila es perfecta para laptops de hasta 15.6&#8243;. Sus dimensiones compactas (27 cm de ancho, 42 cm de alto, 9.5 cm de profundidad) y capacidad de 9.86 litros la hacen ideal para el uso diario. Fabricada en poli\u00e9ster resistente, es ligera (500 g) y est\u00e1 dise\u00f1ada con material repelente al agua para mayor protecci\u00f3n. Ofrece un compartimento principal acolchado para laptops, espacio adicional para tablets y accesorios, y bolsillos laterales para botellas u objetos peque\u00f1os.<\/p>\n","protected":false},"excerpt":{"rendered":"<p><!--StartFragment --><\/p>\n<ul>\n<li><strong>Tama\u00f1o: <\/strong>27 x 42 x 9.5 cm.<\/li>\n<li><strong>Capacidad:<\/strong> 9.86 litros.<\/li>\n<li><strong>Material:<\/strong> 100% poli\u00e9ster.<\/li>\n<li><strong>Compartimentos:<\/strong> Principal acolchado para laptop, espacio para tablet y accesorios.<\/li>\n<li><strong>Bolsillos:<\/strong> Laterales y externos con cierre.<\/li>\n<li><strong>Resistencia:<\/strong> Impermeable.<\/li>\n<li><strong>Peso:<\/strong> 0.35 kg.<\/li>\n<\/ul>\n<p><!--EndFragment --><\/p>\n","protected":false},"featured_media":4304,"template":"","meta":[],"product_brand":[],"product_cat":[15],"product_tag":[],"class_list":{"0":"post-3376","1":"product","2":"type-product","3":"status-publish","4":"has-post-thumbnail","6":"product_cat-porta-laptop","8":"first","9":"instock","10":"sale","11":"shipping-taxable","12":"purchasable","13":"product-type-simple"},"_links":{"self":[{"href":"https:\/\/gmegatecnologia.com\/index.php\/wp-json\/wp\/v2\/product\/3376","targetHints":{"allow":["GET"]}}],"collection":[{"href":"https:\/\/gmegatecnologia.com\/index.php\/wp-json\/wp\/v2\/product"}],"about":[{"href":"https:\/\/gmegatecnologia.com\/index.php\/wp-json\/wp\/v2\/types\/product"}],"wp:featuredmedia":[{"embeddable":true,"href":"https:\/\/gmegatecnologia.com\/index.php\/wp-json\/wp\/v2\/media\/4304"}],"wp:attachment":[{"href":"https:\/\/gmegatecnologia.com\/index.php\/wp-json\/wp\/v2\/media?parent=3376"}],"wp:term":[{"taxonomy":"product_brand","embeddable":true,"href":"https:\/\/gmegatecnologia.com\/index.php\/wp-json\/wp\/v2\/product_brand?post=3376"},{"taxonomy":"product_cat","embeddable":true,"href":"https:\/\/gmegatecnologia.com\/index.php\/wp-json\/wp\/v2\/product_cat?post=3376"},{"taxonomy":"product_tag","embeddable":true,"href":"https:\/\/gmegatecnologia.com\/index.php\/wp-json\/wp\/v2\/product_tag?post=3376"}],"curies":[{"name":"wp","href":"https:\/\/api.w.org\/{rel}","templated":true}]}}