{"id":3351,"date":"2025-03-19T11:52:51","date_gmt":"2025-03-19T16:52:51","guid":{"rendered":"https:\/\/gmegatecnologia.com\/?post_type=product&#038;p=3351"},"modified":"2025-05-28T17:15:20","modified_gmt":"2025-05-28T22:15:20","slug":"teclado-targus-antimicrobial-multi-device-bluetooth-inalambrico-negro-akb864es","status":"publish","type":"product","link":"https:\/\/gmegatecnologia.com\/index.php\/producto\/teclado-targus-antimicrobial-multi-device-bluetooth-inalambrico-negro-akb864es\/","title":{"rendered":"TECLADO TARGUS ANTIMICROBIAL MULTI-DEVICE BLUETOOTH\/INALAMBRICO NEGRO (AKB864ES)"},"content":{"rendered":"<p>El <strong>Teclado Targus Antimicrobial Multi-Device Bluetooth\/Inal\u00e1mbrico Negro (AKB864ES)<\/strong> es un teclado de tama\u00f1o completo con 104 teclas, dise\u00f1ado para ofrecer comodidad y funcionalidad. Incluye tecnolog\u00eda antimicrobiana DefenseGuard\u2122 que reduce el crecimiento de microorganismos, ideal para entornos compartidos. Permite conectarse a trav\u00e9s de Bluetooth 5.1 a hasta tres dispositivos, siendo compatible con Windows, macOS, iOS, Android y Chrome OS. Su dise\u00f1o delgado pero resistente incluye indicadores de bater\u00eda y un interruptor de encendido\/apagado. Funciona con 2 pilas AAA (incluidas) y pesa solo 0.90 libras.<\/p>\n","protected":false},"excerpt":{"rendered":"<p><!--StartFragment --><\/p>\n<ul>\n<li><strong>Dise\u00f1o: <\/strong>Tama\u00f1o completo con 104 teclas.<\/li>\n<li><strong>Protecci\u00f3n:<\/strong> Antimicrobiana DefenseGuard\u2122.<\/li>\n<li><strong>Conectividad:<\/strong> Bluetooth 5.1, multidispositivo (hasta 3 dispositivos).<\/li>\n<li><strong>Seguridad:<\/strong> Cifrado AES-CCM de 128 bits.<\/li>\n<li><strong>Indicadores:<\/strong> Estado de bater\u00eda, bot\u00f3n de encendido\/apagado.<\/li>\n<li><strong>Bater\u00eda:<\/strong> 2 pilas AAA incluidas.<\/li>\n<li><strong>Compatibilidad:<\/strong> Windows, macOS, ChromeOS, iOS, Android.<\/li>\n<li><strong>Dimensiones:<\/strong> 17.26 x 0.30 x 5.08 pulgadas.<\/li>\n<li><strong>Peso:<\/strong> 0.90 lb.<\/li>\n<li><strong>Color:<\/strong> Negro.<\/li>\n<\/ul>\n<p><!--EndFragment --><\/p>\n","protected":false},"featured_media":3352,"template":"","meta":[],"product_brand":[],"product_cat":[37],"product_tag":[],"class_list":{"0":"post-3351","1":"product","2":"type-product","3":"status-publish","4":"has-post-thumbnail","6":"product_cat-perifericos","8":"first","9":"instock","10":"sale","11":"shipping-taxable","12":"purchasable","13":"product-type-simple"},"_links":{"self":[{"href":"https:\/\/gmegatecnologia.com\/index.php\/wp-json\/wp\/v2\/product\/3351","targetHints":{"allow":["GET"]}}],"collection":[{"href":"https:\/\/gmegatecnologia.com\/index.php\/wp-json\/wp\/v2\/product"}],"about":[{"href":"https:\/\/gmegatecnologia.com\/index.php\/wp-json\/wp\/v2\/types\/product"}],"wp:featuredmedia":[{"embeddable":true,"href":"https:\/\/gmegatecnologia.com\/index.php\/wp-json\/wp\/v2\/media\/3352"}],"wp:attachment":[{"href":"https:\/\/gmegatecnologia.com\/index.php\/wp-json\/wp\/v2\/media?parent=3351"}],"wp:term":[{"taxonomy":"product_brand","embeddable":true,"href":"https:\/\/gmegatecnologia.com\/index.php\/wp-json\/wp\/v2\/product_brand?post=3351"},{"taxonomy":"product_cat","embeddable":true,"href":"https:\/\/gmegatecnologia.com\/index.php\/wp-json\/wp\/v2\/product_cat?post=3351"},{"taxonomy":"product_tag","embeddable":true,"href":"https:\/\/gmegatecnologia.com\/index.php\/wp-json\/wp\/v2\/product_tag?post=3351"}],"curies":[{"name":"wp","href":"https:\/\/api.w.org\/{rel}","templated":true}]}}