{"id":3291,"date":"2025-03-10T17:02:56","date_gmt":"2025-03-10T22:02:56","guid":{"rendered":"https:\/\/gmegatecnologia.com\/?post_type=product&#038;p=3291"},"modified":"2025-05-31T13:38:22","modified_gmt":"2025-05-31T18:38:22","slug":"mochila-teros-te-acs9023gr-poliester-15-6-gris-marron","status":"publish","type":"product","link":"https:\/\/gmegatecnologia.com\/index.php\/producto\/mochila-teros-te-acs9023gr-poliester-15-6-gris-marron\/","title":{"rendered":"MOCHILA TEROS TE-ACS9023GR, POLI\u00c9STER, 15.6&#8243; GRIS + MARR\u00d3N"},"content":{"rendered":"<p>La mochila TEROS TE-ACS9023GR ofrece un dise\u00f1o moderno y funcional en poli\u00e9ster gris con detalles marrones, ideal para laptops de hasta 15.6&#8243;. Cuenta con tres compartimentos principales: uno con espacio acolchado para port\u00e1til y bolsillo para documentos, un bolsillo frontal con organizadores para peque\u00f1os accesorios y un bolsillo trasero oculto para mayor seguridad. Adem\u00e1s, incluye dos bolsillos laterales perfectos para botellas o paraguas. Su comodidad est\u00e1 garantizada gracias a las correas ajustables, el panel trasero acolchado con malla de aire y un asa superior para transporte manual.<\/p>\n","protected":false},"excerpt":{"rendered":"<ul>\n<li><strong>Material<\/strong>: Poli\u00e9ster.<\/li>\n<li><strong>Colores<\/strong>: Gris y marr\u00f3n.<\/li>\n<li><strong>Compatibilidad<\/strong>: Dise\u00f1ada para laptops de hasta 15.6 pulgadas.<\/li>\n<li><strong>Compartimentos<\/strong>:\n<ul>\n<li>Tres bolsillos con cremallera.<\/li>\n<li>Bolsillo frontal con organizadores para accesorios peque\u00f1os.<\/li>\n<li>Bolsillo trasero oculto para mayor seguridad.<\/li>\n<li>Compartimento principal con espacio acolchado para port\u00e1til y bolsillo adicional para documentos.<\/li>\n<li>Dos bolsillos laterales para botellas o paraguas.<\/li>\n<\/ul>\n<\/li>\n<li><strong>Comodidad<\/strong>:\n<ul>\n<li>Asa superior para transporte manual.<\/li>\n<li>Panel trasero y correas acolchadas con malla de aire para ventilaci\u00f3n y confort.<\/li>\n<li>Tira para carry-on, ideal para viajes.<\/li>\n<\/ul>\n<\/li>\n<li><strong>Dise\u00f1o<\/strong>: Pr\u00e1ctico y funcional, perfecto para mantener tus pertenencias organizadas y seguras.<\/li>\n<\/ul>\n","protected":false},"featured_media":3274,"template":"","meta":[],"product_brand":[],"product_cat":[15],"product_tag":[],"class_list":{"0":"post-3291","1":"product","2":"type-product","3":"status-publish","4":"has-post-thumbnail","6":"product_cat-porta-laptop","8":"first","9":"instock","10":"sale","11":"shipping-taxable","12":"purchasable","13":"product-type-simple"},"_links":{"self":[{"href":"https:\/\/gmegatecnologia.com\/index.php\/wp-json\/wp\/v2\/product\/3291","targetHints":{"allow":["GET"]}}],"collection":[{"href":"https:\/\/gmegatecnologia.com\/index.php\/wp-json\/wp\/v2\/product"}],"about":[{"href":"https:\/\/gmegatecnologia.com\/index.php\/wp-json\/wp\/v2\/types\/product"}],"wp:featuredmedia":[{"embeddable":true,"href":"https:\/\/gmegatecnologia.com\/index.php\/wp-json\/wp\/v2\/media\/3274"}],"wp:attachment":[{"href":"https:\/\/gmegatecnologia.com\/index.php\/wp-json\/wp\/v2\/media?parent=3291"}],"wp:term":[{"taxonomy":"product_brand","embeddable":true,"href":"https:\/\/gmegatecnologia.com\/index.php\/wp-json\/wp\/v2\/product_brand?post=3291"},{"taxonomy":"product_cat","embeddable":true,"href":"https:\/\/gmegatecnologia.com\/index.php\/wp-json\/wp\/v2\/product_cat?post=3291"},{"taxonomy":"product_tag","embeddable":true,"href":"https:\/\/gmegatecnologia.com\/index.php\/wp-json\/wp\/v2\/product_tag?post=3291"}],"curies":[{"name":"wp","href":"https:\/\/api.w.org\/{rel}","templated":true}]}}