{"id":3287,"date":"2025-03-10T16:55:51","date_gmt":"2025-03-10T21:55:51","guid":{"rendered":"https:\/\/gmegatecnologia.com\/?post_type=product&#038;p=3287"},"modified":"2025-05-31T13:38:13","modified_gmt":"2025-05-31T18:38:13","slug":"maletin-gris-teros-te-9019s-15-6-poliester-gris","status":"publish","type":"product","link":"https:\/\/gmegatecnologia.com\/index.php\/producto\/maletin-gris-teros-te-9019s-15-6-poliester-gris\/","title":{"rendered":"MALET\u00cdN GRIS TEROS TE-9019S, 15.6&#8243;, POLI\u00c9STER, GRIS"},"content":{"rendered":"<p>El malet\u00edn TEROS TE-9019S en color gris ofrece un dise\u00f1o delgado, ligero y elegante, ideal para laptops de hasta 15.6 pulgadas. Fabricado en poli\u00e9ster resistente, cuenta con un compartimento principal con cremallera y un forro interior que garantiza la protecci\u00f3n del port\u00e1til. Adem\u00e1s, incorpora dos bolsillos frontales con cremallera para una organizaci\u00f3n eficiente de accesorios como cargadores, documentos y m\u00e1s. Su dise\u00f1o pr\u00e1ctico incluye asas superiores para un f\u00e1cil transporte y una correa posterior que permite fijarlo a maletas de viaje, convirti\u00e9ndolo en un compa\u00f1ero perfecto para profesionales en movimiento.<\/p>\n","protected":false},"excerpt":{"rendered":"<ul>\n<li><strong>Material<\/strong>: Poli\u00e9ster resistente.<\/li>\n<li><strong>Color<\/strong>: Gris.<\/li>\n<li><strong>Dise\u00f1o<\/strong>: Delgado, ligero y elegante.<\/li>\n<li><strong>Compartimento principal<\/strong>:\n<ul>\n<li>Bolsillo con cremallera.<\/li>\n<li>Forro interior para mayor protecci\u00f3n del port\u00e1til.<\/li>\n<\/ul>\n<\/li>\n<li><strong>Bolsillos adicionales<\/strong>:\n<ul>\n<li>Dos bolsillos frontales con cremallera para almacenamiento organizado.<\/li>\n<\/ul>\n<\/li>\n<li><strong>Extras<\/strong>:\n<ul>\n<li>Asas superiores para f\u00e1cil transporte.<\/li>\n<li>Correa posterior para sujetarlo a maletas de viaje.<\/li>\n<\/ul>\n<\/li>\n<li><strong>Dimensiones<\/strong>: 41 cm (ancho) x 30 cm (alto) x 2.5 cm (profundidad).<\/li>\n<\/ul>\n","protected":false},"featured_media":3266,"template":"","meta":[],"product_brand":[],"product_cat":[15],"product_tag":[],"class_list":{"0":"post-3287","1":"product","2":"type-product","3":"status-publish","4":"has-post-thumbnail","6":"product_cat-porta-laptop","8":"first","9":"instock","10":"sale","11":"shipping-taxable","12":"purchasable","13":"product-type-simple"},"_links":{"self":[{"href":"https:\/\/gmegatecnologia.com\/index.php\/wp-json\/wp\/v2\/product\/3287","targetHints":{"allow":["GET"]}}],"collection":[{"href":"https:\/\/gmegatecnologia.com\/index.php\/wp-json\/wp\/v2\/product"}],"about":[{"href":"https:\/\/gmegatecnologia.com\/index.php\/wp-json\/wp\/v2\/types\/product"}],"wp:featuredmedia":[{"embeddable":true,"href":"https:\/\/gmegatecnologia.com\/index.php\/wp-json\/wp\/v2\/media\/3266"}],"wp:attachment":[{"href":"https:\/\/gmegatecnologia.com\/index.php\/wp-json\/wp\/v2\/media?parent=3287"}],"wp:term":[{"taxonomy":"product_brand","embeddable":true,"href":"https:\/\/gmegatecnologia.com\/index.php\/wp-json\/wp\/v2\/product_brand?post=3287"},{"taxonomy":"product_cat","embeddable":true,"href":"https:\/\/gmegatecnologia.com\/index.php\/wp-json\/wp\/v2\/product_cat?post=3287"},{"taxonomy":"product_tag","embeddable":true,"href":"https:\/\/gmegatecnologia.com\/index.php\/wp-json\/wp\/v2\/product_tag?post=3287"}],"curies":[{"name":"wp","href":"https:\/\/api.w.org\/{rel}","templated":true}]}}