{"id":3286,"date":"2025-03-10T16:53:54","date_gmt":"2025-03-10T21:53:54","guid":{"rendered":"https:\/\/gmegatecnologia.com\/?post_type=product&#038;p=3286"},"modified":"2025-05-31T13:38:11","modified_gmt":"2025-05-31T18:38:11","slug":"mochila-teros-te-acs9019bl-poliester-15-6-azul-marron","status":"publish","type":"product","link":"https:\/\/gmegatecnologia.com\/index.php\/producto\/mochila-teros-te-acs9019bl-poliester-15-6-azul-marron\/","title":{"rendered":"MOCHILA TEROS TE-ACS9019BL, POLI\u00c9STER, 15.6&#8243; AZUL + MARR\u00d3N"},"content":{"rendered":"<p>La mochila TEROS TE-ACS9019BL combina funcionalidad y estilo con su dise\u00f1o en azul y detalles en marr\u00f3n, ideal para laptops de hasta 15.6 pulgadas. Fabricada en poli\u00e9ster resistente, su compartimento principal incluye un bolsillo acolchado que protege tu port\u00e1til y otro con cierre de velcro para mayor organizaci\u00f3n. Adem\u00e1s, cuenta con un bolsillo frontal con cierre para acceder f\u00e1cilmente a art\u00edculos peque\u00f1os y dos bolsillos laterales perfectos para botellas o accesorios. Sus correas ajustables garantizan comodidad al transportarla, mientras que el asa superior facilita su manejo. Con dimensiones de 45 cm de alto, 35 cm de ancho y 15 cm de profundidad, es una opci\u00f3n pr\u00e1ctica y vers\u00e1til tanto para estudiantes como para profesionales en movimiento.<\/p>\n","protected":false},"excerpt":{"rendered":"<ul>\n<li><strong>Material<\/strong>: Poli\u00e9ster resistente.<\/li>\n<li><strong>Color<\/strong>: Azul con detalles en marr\u00f3n.<\/li>\n<li><strong>Compartimento principal<\/strong>:\n<ul>\n<li>Bolsillo acolchado para port\u00e1til de hasta 15.6&#8243;.<\/li>\n<li>Bolsillo interior con cierre de velcro.<\/li>\n<\/ul>\n<\/li>\n<li><strong>Bolsillos adicionales<\/strong>:\n<ul>\n<li>Bolsillo frontal con cierre.<\/li>\n<li>Dos bolsillos laterales para accesorios o botellas.<\/li>\n<\/ul>\n<\/li>\n<li><strong>Dise\u00f1o<\/strong>:\n<ul>\n<li>Correas ajustables para los hombros.<\/li>\n<li>Asa superior para f\u00e1cil transporte.<\/li>\n<\/ul>\n<\/li>\n<\/ul>\n","protected":false},"featured_media":3264,"template":"","meta":[],"product_brand":[],"product_cat":[15],"product_tag":[],"class_list":{"0":"post-3286","1":"product","2":"type-product","3":"status-publish","4":"has-post-thumbnail","6":"product_cat-porta-laptop","8":"first","9":"instock","10":"sale","11":"shipping-taxable","12":"purchasable","13":"product-type-simple"},"_links":{"self":[{"href":"https:\/\/gmegatecnologia.com\/index.php\/wp-json\/wp\/v2\/product\/3286","targetHints":{"allow":["GET"]}}],"collection":[{"href":"https:\/\/gmegatecnologia.com\/index.php\/wp-json\/wp\/v2\/product"}],"about":[{"href":"https:\/\/gmegatecnologia.com\/index.php\/wp-json\/wp\/v2\/types\/product"}],"wp:featuredmedia":[{"embeddable":true,"href":"https:\/\/gmegatecnologia.com\/index.php\/wp-json\/wp\/v2\/media\/3264"}],"wp:attachment":[{"href":"https:\/\/gmegatecnologia.com\/index.php\/wp-json\/wp\/v2\/media?parent=3286"}],"wp:term":[{"taxonomy":"product_brand","embeddable":true,"href":"https:\/\/gmegatecnologia.com\/index.php\/wp-json\/wp\/v2\/product_brand?post=3286"},{"taxonomy":"product_cat","embeddable":true,"href":"https:\/\/gmegatecnologia.com\/index.php\/wp-json\/wp\/v2\/product_cat?post=3286"},{"taxonomy":"product_tag","embeddable":true,"href":"https:\/\/gmegatecnologia.com\/index.php\/wp-json\/wp\/v2\/product_tag?post=3286"}],"curies":[{"name":"wp","href":"https:\/\/api.w.org\/{rel}","templated":true}]}}