{"id":3284,"date":"2025-03-10T16:47:06","date_gmt":"2025-03-10T21:47:06","guid":{"rendered":"https:\/\/gmegatecnologia.com\/?post_type=product&#038;p=3284"},"modified":"2025-05-31T13:38:07","modified_gmt":"2025-05-31T18:38:07","slug":"cartuchera-teros-te-acs9017db-azul-marino","status":"publish","type":"product","link":"https:\/\/gmegatecnologia.com\/index.php\/producto\/cartuchera-teros-te-acs9017db-azul-marino\/","title":{"rendered":"CARTUCHERA TEROS TE-ACS9017DB, AZUL MARINO"},"content":{"rendered":"<p>La cartuchera TEROS TE-ACS9017DB, en color azul marino, combina funcionalidad y dise\u00f1o compacto. Fabricada en poli\u00e9ster resistente, ofrece m\u00faltiples compartimentos para organizaci\u00f3n \u00f3ptima. Su bolsillo frontal con cierre de velcro permite f\u00e1cil acceso, mientras que el interior est\u00e1 equipado con bolsillos el\u00e1sticos, de malla y uno largo con cierre, ideales para l\u00e1pices, accesorios y otros art\u00edculos. Mide 25 cm de largo, 14 cm de alto y 9 cm de ancho, lo que la convierte en una opci\u00f3n pr\u00e1ctica para el uso diario. Adem\u00e1s, luce un distintivo parche con el logotipo de la marca TEROS, a\u00f1adiendo un toque moderno a su dise\u00f1o.<\/p>\n","protected":false},"excerpt":{"rendered":"<ul>\n<li><strong>Material<\/strong>: Poli\u00e9ster.<\/li>\n<li><strong>Color<\/strong>: Azul marino.<\/li>\n<li><strong>Bolsillo frontal<\/strong>: Con cierre de velcro.<\/li>\n<li><strong>Interior<\/strong>:\n<ul>\n<li>2 bolsillos el\u00e1sticos.<\/li>\n<li>3 bolsillos el\u00e1sticos con malla.<\/li>\n<li>1 bolsillo largo con cierre.<\/li>\n<\/ul>\n<\/li>\n<li><strong>Dimensiones<\/strong>: 25 cm (largo) x 14 cm (alto) x 9 cm (ancho).<\/li>\n<\/ul>\n","protected":false},"featured_media":3260,"template":"","meta":[],"product_brand":[],"product_cat":[15],"product_tag":[],"class_list":{"0":"post-3284","1":"product","2":"type-product","3":"status-publish","4":"has-post-thumbnail","6":"product_cat-porta-laptop","8":"first","9":"instock","10":"sale","11":"shipping-taxable","12":"purchasable","13":"product-type-simple"},"_links":{"self":[{"href":"https:\/\/gmegatecnologia.com\/index.php\/wp-json\/wp\/v2\/product\/3284","targetHints":{"allow":["GET"]}}],"collection":[{"href":"https:\/\/gmegatecnologia.com\/index.php\/wp-json\/wp\/v2\/product"}],"about":[{"href":"https:\/\/gmegatecnologia.com\/index.php\/wp-json\/wp\/v2\/types\/product"}],"wp:featuredmedia":[{"embeddable":true,"href":"https:\/\/gmegatecnologia.com\/index.php\/wp-json\/wp\/v2\/media\/3260"}],"wp:attachment":[{"href":"https:\/\/gmegatecnologia.com\/index.php\/wp-json\/wp\/v2\/media?parent=3284"}],"wp:term":[{"taxonomy":"product_brand","embeddable":true,"href":"https:\/\/gmegatecnologia.com\/index.php\/wp-json\/wp\/v2\/product_brand?post=3284"},{"taxonomy":"product_cat","embeddable":true,"href":"https:\/\/gmegatecnologia.com\/index.php\/wp-json\/wp\/v2\/product_cat?post=3284"},{"taxonomy":"product_tag","embeddable":true,"href":"https:\/\/gmegatecnologia.com\/index.php\/wp-json\/wp\/v2\/product_tag?post=3284"}],"curies":[{"name":"wp","href":"https:\/\/api.w.org\/{rel}","templated":true}]}}