{"id":3186,"date":"2025-02-19T14:50:26","date_gmt":"2025-02-19T19:50:26","guid":{"rendered":"https:\/\/gmegatecnologia.com\/?post_type=product&#038;p=3186"},"modified":"2025-02-19T14:50:26","modified_gmt":"2025-02-19T19:50:26","slug":"impresora-termica-ocom-usb-ethernet-80-mm-ocpp-80s-ul","status":"publish","type":"product","link":"https:\/\/gmegatecnologia.com\/index.php\/producto\/impresora-termica-ocom-usb-ethernet-80-mm-ocpp-80s-ul\/","title":{"rendered":"IMPRESORA TERMICA OCOM USB | ETHERNET | 80 MM ( OCPP-80S-UL )"},"content":{"rendered":"<ul>\n<li><strong>M\u00e9todo de impresi\u00f3n<\/strong>: T\u00e9rmica<\/li>\n<li><strong>Velocidad m\u00e1xima de impresi\u00f3n<\/strong>: 300 mm por segundo<\/li>\n<li><strong>Compatibilidad<\/strong>: Windows, Android, Linux y MAC<\/li>\n<li><strong>Puertos de conexi\u00f3n<\/strong>: USB, Ethernet y RS232<\/li>\n<li><strong>Formato de papel<\/strong>: 80 mm<\/li>\n<li><strong>Corte autom\u00e1tico<\/strong>: S\u00ed<\/li>\n<\/ul>\n","protected":false},"excerpt":{"rendered":"<p>La impresora t\u00e9rmica OCOM OCPP-80S-UL es una impresora de recibos de 80 mm con cortador autom\u00e1tico, dise\u00f1ada para ofrecer una impresi\u00f3n r\u00e1pida y eficiente. Tiene una velocidad de impresi\u00f3n de hasta 300 mm por segundo y una resoluci\u00f3n de 203 ppp (puntos por pulgada). La impresora es compatible con m\u00faltiples sistemas operativos, incluyendo Windows, Android, iOS y Linux. Ofrece varias opciones de interfaz de conexi\u00f3n, como USB, Ethernet, Bluetooth y WiFi. Adem\u00e1s, cuenta con sensores de detecci\u00f3n de bordes de etiquetas, falta de papel y atascos, lo que facilita su uso en entornos comerciales. La impresora tambi\u00e9n soporta la impresi\u00f3n de m\u00faltiples c\u00f3digos de barras 1D y 2D (QR). Su dise\u00f1o compacto y su capacidad de montaje en la pared la hacen ideal para puntos de venta y cajas registradoras. La vida \u00fatil del cabezal de impresi\u00f3n es de hasta 150 km, lo que garantiza una larga duraci\u00f3n y bajo costo de mantenimiento.<\/p>\n","protected":false},"featured_media":3187,"template":"","meta":[],"product_brand":[],"product_cat":[38],"product_tag":[],"class_list":{"0":"post-3186","1":"product","2":"type-product","3":"status-publish","4":"has-post-thumbnail","6":"product_cat-puntos-de-venta","8":"first","9":"instock","10":"sale","11":"shipping-taxable","12":"purchasable","13":"product-type-simple"},"_links":{"self":[{"href":"https:\/\/gmegatecnologia.com\/index.php\/wp-json\/wp\/v2\/product\/3186","targetHints":{"allow":["GET"]}}],"collection":[{"href":"https:\/\/gmegatecnologia.com\/index.php\/wp-json\/wp\/v2\/product"}],"about":[{"href":"https:\/\/gmegatecnologia.com\/index.php\/wp-json\/wp\/v2\/types\/product"}],"wp:featuredmedia":[{"embeddable":true,"href":"https:\/\/gmegatecnologia.com\/index.php\/wp-json\/wp\/v2\/media\/3187"}],"wp:attachment":[{"href":"https:\/\/gmegatecnologia.com\/index.php\/wp-json\/wp\/v2\/media?parent=3186"}],"wp:term":[{"taxonomy":"product_brand","embeddable":true,"href":"https:\/\/gmegatecnologia.com\/index.php\/wp-json\/wp\/v2\/product_brand?post=3186"},{"taxonomy":"product_cat","embeddable":true,"href":"https:\/\/gmegatecnologia.com\/index.php\/wp-json\/wp\/v2\/product_cat?post=3186"},{"taxonomy":"product_tag","embeddable":true,"href":"https:\/\/gmegatecnologia.com\/index.php\/wp-json\/wp\/v2\/product_tag?post=3186"}],"curies":[{"name":"wp","href":"https:\/\/api.w.org\/{rel}","templated":true}]}}