{"id":3088,"date":"2025-01-31T17:31:42","date_gmt":"2025-01-31T22:31:42","guid":{"rendered":"https:\/\/gmegatecnologia.com\/?post_type=product&#038;p=3088"},"modified":"2025-01-31T17:31:43","modified_gmt":"2025-01-31T22:31:43","slug":"parlante-teros-te-6045n-bluetooth-inalambrico-negro-60-w","status":"publish","type":"product","link":"https:\/\/gmegatecnologia.com\/index.php\/producto\/parlante-teros-te-6045n-bluetooth-inalambrico-negro-60-w\/","title":{"rendered":"PARLANTE TEROS TE-6045N, BLUETOOTH\/INALAMBRICO NEGRO, 60 W\u00a0"},"content":{"rendered":"<ul>\n<li><strong>Potencia<\/strong>: 60 W<\/li>\n<li><strong>Conectividad<\/strong>: Bluetooth e inal\u00e1mbrica<\/li>\n<li><strong>Color<\/strong>: Negro<\/li>\n<li><strong>Audio Dual<\/strong>: Reproducci\u00f3n de dos dispositivos simult\u00e1neamente<\/li>\n<li><strong>Interfaz<\/strong>: USB tipo C<\/li>\n<li><strong>Ranura para tarjeta TF<\/strong><\/li>\n<li><strong>Ranura para microSD<\/strong><\/li>\n<li><strong>Sintonizador de radio FM<\/strong><\/li>\n<li><strong>Bater\u00eda<\/strong>: 3.7V y 3600mAh (hasta 3 horas de autonom\u00eda)<\/li>\n<li><strong>Resistencia al agua<\/strong>: IPX5<\/li>\n<li><strong>Luz LED<\/strong>: Incluye luz LED<\/li>\n<li><strong>Micr\u00f3fono<\/strong>: Incluye micr\u00f3fono<\/li>\n<li><strong>Dimensiones<\/strong>: 39.7 x 17.3 x 21.7 cm<\/li>\n<\/ul>\n","protected":false},"excerpt":{"rendered":"<p>El <strong>Parlante TEROS TE-6045N<\/strong> es una potente y vers\u00e1til opci\u00f3n con <strong>60 W<\/strong> de potencia de salida. Ofrece conectividad <strong>Bluetooth<\/strong> e inal\u00e1mbrica, facilitando la transmisi\u00f3n de m\u00fasica desde diversos dispositivos. Su dise\u00f1o en <strong>negro<\/strong> elegante lo hace adecuado para cualquier entorno. La tecnolog\u00eda <strong>True Wireless Stereo (TWS)<\/strong> permite la reproducci\u00f3n simult\u00e1nea desde dos fuentes. La bater\u00eda de <strong>3.7V y 3600mAh<\/strong> proporciona horas de entretenimiento continuo, y es resistente al agua con certificaci\u00f3n <strong>IPX5<\/strong>, ideal para usar en exteriores. Incluye <strong>radio FM<\/strong>, <strong>puerto USB tipo C<\/strong>, y ranuras para <strong>tarjeta TF<\/strong> y <strong>microSD<\/strong>, ofreciendo m\u00faltiples opciones de reproducci\u00f3n. Con <strong>luces LED<\/strong> integradas y un <strong>micr\u00f3fono<\/strong> para llamadas manos libres, este parlante combina funcionalidad y estilo. Sus dimensiones son <strong>39.7 x 17.3 x 21.7 cm<\/strong>, lo que lo hace lo suficientemente port\u00e1til para llevar a cualquier lugar.<\/p>\n","protected":false},"featured_media":3089,"template":"","meta":[],"product_brand":[],"product_cat":[37],"product_tag":[],"class_list":{"0":"post-3088","1":"product","2":"type-product","3":"status-publish","4":"has-post-thumbnail","6":"product_cat-perifericos","8":"first","9":"instock","10":"sale","11":"shipping-taxable","12":"purchasable","13":"product-type-simple"},"_links":{"self":[{"href":"https:\/\/gmegatecnologia.com\/index.php\/wp-json\/wp\/v2\/product\/3088","targetHints":{"allow":["GET"]}}],"collection":[{"href":"https:\/\/gmegatecnologia.com\/index.php\/wp-json\/wp\/v2\/product"}],"about":[{"href":"https:\/\/gmegatecnologia.com\/index.php\/wp-json\/wp\/v2\/types\/product"}],"wp:featuredmedia":[{"embeddable":true,"href":"https:\/\/gmegatecnologia.com\/index.php\/wp-json\/wp\/v2\/media\/3089"}],"wp:attachment":[{"href":"https:\/\/gmegatecnologia.com\/index.php\/wp-json\/wp\/v2\/media?parent=3088"}],"wp:term":[{"taxonomy":"product_brand","embeddable":true,"href":"https:\/\/gmegatecnologia.com\/index.php\/wp-json\/wp\/v2\/product_brand?post=3088"},{"taxonomy":"product_cat","embeddable":true,"href":"https:\/\/gmegatecnologia.com\/index.php\/wp-json\/wp\/v2\/product_cat?post=3088"},{"taxonomy":"product_tag","embeddable":true,"href":"https:\/\/gmegatecnologia.com\/index.php\/wp-json\/wp\/v2\/product_tag?post=3088"}],"curies":[{"name":"wp","href":"https:\/\/api.w.org\/{rel}","templated":true}]}}