{"id":3033,"date":"2025-01-20T16:44:38","date_gmt":"2025-01-20T21:44:38","guid":{"rendered":"https:\/\/gmegatecnologia.com\/?post_type=product&#038;p=3033"},"modified":"2025-07-23T11:13:49","modified_gmt":"2025-07-23T16:13:49","slug":"ticketera-termica-bienex-portatil-de-80mm-usbbluetooth","status":"publish","type":"product","link":"https:\/\/gmegatecnologia.com\/index.php\/producto\/ticketera-termica-bienex-portatil-de-80mm-usbbluetooth\/","title":{"rendered":"TICKETERA T\u00c9RMICA BIENEX PORT\u00c1TIL DE 80MM USB+BLUETOOTH"},"content":{"rendered":"<p>\u2022Imprime tickets de facturaci\u00f3n electr\u00f3nica.<br \/>\n\u2022Tipo de impresi\u00f3n: Monocrom\u00e1tica.<br \/>\n\u2022Marca: BIENEX.<br \/>\n\u2022Modelo: POS E300B.<br \/>\n\u2022Conexi\u00f3n Bluetooth solo para ser utilizado con Sistema<br \/>\nAndroid.<br \/>\n\u2022Estado: Nuevo Sellado.<br \/>\n\u2022Interfaces de conexi\u00f3n: USB+Bluetooth.<br \/>\n\u2022Conexi\u00f3n USB Compatible con sistema operativo Windows.<br \/>\n\u2022Compatible con papel T\u00e9rmico de 80mm X 40 mm.<br \/>\n\u2022Velocidad de impresi\u00f3n: 90 mm \/ seg.<br \/>\n\u2022Resoluci\u00f3n 576 dots\/line (8 dots\/mm, 203 dpi).<br \/>\n\u2022Compatible con comandos ESC\/POS.<br \/>\n\u2022Modo de carga: 9V \/ 2A.<br \/>\n\u2022Bater\u00eda: 2000 mAh\/7.4V<br \/>\n\u2022Peso: 224 gr.<\/p>\n","protected":false},"excerpt":{"rendered":"<p>La <strong>Impresora Ticketera T\u00e9rmica Bienex POS E300B Port\u00e1til de 80mm con Interfaz USB + Bluetooth<\/strong> es una impresora eficiente y vers\u00e1til para la impresi\u00f3n de tickets y recibos. Con un ancho de impresi\u00f3n de 80 mm, asegura resultados n\u00edtidos y r\u00e1pidos, optimizando la atenci\u00f3n al cliente y los procesos comerciales. Su velocidad de impresi\u00f3n es de 70 mm\/s y una resoluci\u00f3n de 384 dots\/line (8 dots\/mm, 203dpi). Adem\u00e1s, incluye corte autom\u00e1tico de papel y es compatible con comandos ESC\/POS. Ideal para restaurantes, tiendas y oficinas, esta impresora ofrece conectividad USB y Bluetooth, permitiendo su conexi\u00f3n a dispositivos m\u00f3viles y computadoras. Compatible con Windows y Android, es perfecta para diferentes tipos de comercios como minimarkets, farmacias, bodegas, ferreter\u00edas, restaurantes, pizzer\u00edas, mercados minoristas, librer\u00edas y bazares.<\/p>\n","protected":false},"featured_media":3030,"template":"","meta":[],"product_brand":[],"product_cat":[30,38],"product_tag":[],"class_list":{"0":"post-3033","1":"product","2":"type-product","3":"status-publish","4":"has-post-thumbnail","6":"product_cat-impresoras","7":"product_cat-puntos-de-venta","9":"first","10":"instock","11":"sale","12":"shipping-taxable","13":"purchasable","14":"product-type-simple"},"_links":{"self":[{"href":"https:\/\/gmegatecnologia.com\/index.php\/wp-json\/wp\/v2\/product\/3033","targetHints":{"allow":["GET"]}}],"collection":[{"href":"https:\/\/gmegatecnologia.com\/index.php\/wp-json\/wp\/v2\/product"}],"about":[{"href":"https:\/\/gmegatecnologia.com\/index.php\/wp-json\/wp\/v2\/types\/product"}],"wp:featuredmedia":[{"embeddable":true,"href":"https:\/\/gmegatecnologia.com\/index.php\/wp-json\/wp\/v2\/media\/3030"}],"wp:attachment":[{"href":"https:\/\/gmegatecnologia.com\/index.php\/wp-json\/wp\/v2\/media?parent=3033"}],"wp:term":[{"taxonomy":"product_brand","embeddable":true,"href":"https:\/\/gmegatecnologia.com\/index.php\/wp-json\/wp\/v2\/product_brand?post=3033"},{"taxonomy":"product_cat","embeddable":true,"href":"https:\/\/gmegatecnologia.com\/index.php\/wp-json\/wp\/v2\/product_cat?post=3033"},{"taxonomy":"product_tag","embeddable":true,"href":"https:\/\/gmegatecnologia.com\/index.php\/wp-json\/wp\/v2\/product_tag?post=3033"}],"curies":[{"name":"wp","href":"https:\/\/api.w.org\/{rel}","templated":true}]}}