{"id":3031,"date":"2025-01-20T16:27:04","date_gmt":"2025-01-20T21:27:04","guid":{"rendered":"https:\/\/gmegatecnologia.com\/?post_type=product&#038;p=3031"},"modified":"2025-07-23T11:14:08","modified_gmt":"2025-07-23T16:14:08","slug":"impresora-ticketera-termica-bienex-e802l-de-80mm-con-interfaz-usb-ethernet-lan","status":"publish","type":"product","link":"https:\/\/gmegatecnologia.com\/index.php\/producto\/impresora-ticketera-termica-bienex-e802l-de-80mm-con-interfaz-usb-ethernet-lan\/","title":{"rendered":"IMPRESORA TICKETERA T\u00c9RMICA BIENEX E802L DE 80MM CON INTERFAZ USB + ETHERNET (LAN)"},"content":{"rendered":"<p>\u2022 Interfaces de conexi\u00f3n: USB+LAN<br \/>\n\u2022 Puerto RJ11 para disparo de gaveta<br \/>\n\u2022 Conexi\u00f3n USB Compatible con sistema operativo Windows<br \/>\n\u2022 Compatible con papel T\u00e9rmico de 80X80mm<br \/>\n\u2022 Velocidad de impresi\u00f3n r\u00e1pida 260 mm\/s.<br \/>\n\u2022 Resoluci\u00f3n 576 dots\/line (8 dots\/mm, 203dpi) .<br \/>\n\u2022 Compatible con comandos ESC\/POS<br \/>\n\u2022 Dimensiones 186x145x133 mm.<br \/>\n\u2022 Peso 1.2 kg<\/p>\n","protected":false},"excerpt":{"rendered":"<p>La <strong>Impresora Ticketera T\u00e9rmica Bienex E802L de 80mm con Interfaz USB + Ethernet (LAN)<\/strong> es una impresora eficiente y vers\u00e1til para la impresi\u00f3n de tickets y recibos. Con un ancho de impresi\u00f3n de 80 mm, asegura resultados n\u00edtidos y r\u00e1pidos, optimizando la atenci\u00f3n al cliente y los procesos comerciales. Su velocidad de impresi\u00f3n es de 260 mm\/s y una resoluci\u00f3n de 576 dots\/line (8 dots\/mm, 203dpi). Adem\u00e1s, incluye corte autom\u00e1tico de papel y es compatible con comandos ESC\/POS. Ideal para restaurantes, tiendas y oficinas, esta impresora ofrece conectividad USB y Ethernet (LAN), permitiendo su conexi\u00f3n a una red de computadoras. Compatible con Windows, es perfecta para diferentes tipos de comercios como minimarkets, farmacias, bodegas, ferreter\u00edas, restaurantes, pizzer\u00edas, mercados minoristas, librer\u00edas y bazares.<\/p>\n","protected":false},"featured_media":3026,"template":"","meta":[],"product_brand":[],"product_cat":[30,38],"product_tag":[],"class_list":{"0":"post-3031","1":"product","2":"type-product","3":"status-publish","4":"has-post-thumbnail","6":"product_cat-impresoras","7":"product_cat-puntos-de-venta","9":"first","10":"instock","11":"sale","12":"shipping-taxable","13":"purchasable","14":"product-type-simple"},"_links":{"self":[{"href":"https:\/\/gmegatecnologia.com\/index.php\/wp-json\/wp\/v2\/product\/3031","targetHints":{"allow":["GET"]}}],"collection":[{"href":"https:\/\/gmegatecnologia.com\/index.php\/wp-json\/wp\/v2\/product"}],"about":[{"href":"https:\/\/gmegatecnologia.com\/index.php\/wp-json\/wp\/v2\/types\/product"}],"wp:featuredmedia":[{"embeddable":true,"href":"https:\/\/gmegatecnologia.com\/index.php\/wp-json\/wp\/v2\/media\/3026"}],"wp:attachment":[{"href":"https:\/\/gmegatecnologia.com\/index.php\/wp-json\/wp\/v2\/media?parent=3031"}],"wp:term":[{"taxonomy":"product_brand","embeddable":true,"href":"https:\/\/gmegatecnologia.com\/index.php\/wp-json\/wp\/v2\/product_brand?post=3031"},{"taxonomy":"product_cat","embeddable":true,"href":"https:\/\/gmegatecnologia.com\/index.php\/wp-json\/wp\/v2\/product_cat?post=3031"},{"taxonomy":"product_tag","embeddable":true,"href":"https:\/\/gmegatecnologia.com\/index.php\/wp-json\/wp\/v2\/product_tag?post=3031"}],"curies":[{"name":"wp","href":"https:\/\/api.w.org\/{rel}","templated":true}]}}