{"id":3022,"date":"2025-01-20T16:24:50","date_gmt":"2025-01-20T21:24:50","guid":{"rendered":"https:\/\/gmegatecnologia.com\/?post_type=product&#038;p=3022"},"modified":"2025-07-23T11:14:16","modified_gmt":"2025-07-23T16:14:16","slug":"impresora-ticketera-termica-bienex-e802u-de-80mm-con-interfaz-usb","status":"publish","type":"product","link":"https:\/\/gmegatecnologia.com\/index.php\/producto\/impresora-ticketera-termica-bienex-e802u-de-80mm-con-interfaz-usb\/","title":{"rendered":"IMPRESORA TICKETERA T\u00c9RMICA BIENEX  E802U DE 80MM CON INTERFAZ USB"},"content":{"rendered":"<p>\u2022 Interfaces de conexi\u00f3n: USB<br \/>\n\u2022 Puerto RJ11 para disparo de gaveta<br \/>\n\u2022 Conexi\u00f3n USB Compatible con sistema operativo Windows<br \/>\n\u2022 Compatible con papel T\u00e9rmico de 80X80mm<br \/>\n\u2022 Velocidad de impresi\u00f3n r\u00e1pida 260 mm\/s.<br \/>\n\u2022 Resoluci\u00f3n 576 dots\/line (8 dots\/mm, 203dpi) .<br \/>\n\u2022 Compatible con comandos ESC\/POS<br \/>\n\u2022 Dimensiones 186x145x133 mm.<br \/>\n\u2022 Peso 1.2 kg<\/p>\n","protected":false},"excerpt":{"rendered":"<p>La <strong>Impresora Ticketera T\u00e9rmica Bienex E802U de 80mm con Interfaz USB<\/strong> es una impresora eficiente y confiable para la impresi\u00f3n de tickets y recibos. Con un ancho de impresi\u00f3n de 80 mm, asegura resultados n\u00edtidos y r\u00e1pidos, optimizando la atenci\u00f3n al cliente y los procesos comerciales. Su velocidad de impresi\u00f3n es de 300 mm\/s y una resoluci\u00f3n de 576 dots\/line (8 dots\/mm, 203dpi). Adem\u00e1s, incluye corte autom\u00e1tico de papel y es compatible con comandos ESC\/POS. Ideal para restaurantes, tiendas y oficinas, esta impresora ofrece conectividad USB y es compatible con Windows.<\/p>\n","protected":false},"featured_media":3024,"template":"","meta":[],"product_brand":[],"product_cat":[30,38],"product_tag":[],"class_list":{"0":"post-3022","1":"product","2":"type-product","3":"status-publish","4":"has-post-thumbnail","6":"product_cat-impresoras","7":"product_cat-puntos-de-venta","9":"first","10":"instock","11":"sale","12":"shipping-taxable","13":"purchasable","14":"product-type-simple"},"_links":{"self":[{"href":"https:\/\/gmegatecnologia.com\/index.php\/wp-json\/wp\/v2\/product\/3022","targetHints":{"allow":["GET"]}}],"collection":[{"href":"https:\/\/gmegatecnologia.com\/index.php\/wp-json\/wp\/v2\/product"}],"about":[{"href":"https:\/\/gmegatecnologia.com\/index.php\/wp-json\/wp\/v2\/types\/product"}],"wp:featuredmedia":[{"embeddable":true,"href":"https:\/\/gmegatecnologia.com\/index.php\/wp-json\/wp\/v2\/media\/3024"}],"wp:attachment":[{"href":"https:\/\/gmegatecnologia.com\/index.php\/wp-json\/wp\/v2\/media?parent=3022"}],"wp:term":[{"taxonomy":"product_brand","embeddable":true,"href":"https:\/\/gmegatecnologia.com\/index.php\/wp-json\/wp\/v2\/product_brand?post=3022"},{"taxonomy":"product_cat","embeddable":true,"href":"https:\/\/gmegatecnologia.com\/index.php\/wp-json\/wp\/v2\/product_cat?post=3022"},{"taxonomy":"product_tag","embeddable":true,"href":"https:\/\/gmegatecnologia.com\/index.php\/wp-json\/wp\/v2\/product_tag?post=3022"}],"curies":[{"name":"wp","href":"https:\/\/api.w.org\/{rel}","templated":true}]}}