{"id":2973,"date":"2025-01-08T15:37:32","date_gmt":"2025-01-08T20:37:32","guid":{"rendered":"https:\/\/gmegatecnologia.com\/?post_type=product&#038;p=2973"},"modified":"2025-01-08T15:39:40","modified_gmt":"2025-01-08T20:39:40","slug":"toner-brother-tn-1060-negro-1000-paginas","status":"publish","type":"product","link":"https:\/\/gmegatecnologia.com\/index.php\/producto\/toner-brother-tn-1060-negro-1000-paginas\/","title":{"rendered":"TONER BROTHER TN-1060 NEGRO 1000 P\u00c1GINAS"},"content":{"rendered":"<ul>\n<li><strong>Rendimiento<\/strong>: Hasta <strong>1,000 p\u00e1ginas<\/strong>.<\/li>\n<li class=\"ps-2\"><strong>Compatibilidad<\/strong>: Compatible con impresoras Brother HL-1110, HL-1112, HL-1200, HL-1202, HL-1210W, HL-1212W, DCP-1512, DCP-1602, DCP-1617NW, MFC-1810, MFC-1815, MFC-1900 y MFC-1905.<\/li>\n<li class=\"ps-2\"><strong>Color<\/strong>: Negro.<\/li>\n<li class=\"ps-2\"><strong>Material<\/strong>: Cartucho de t\u00f3ner.<\/li>\n<li class=\"ps-2\"><strong>Peso<\/strong>: 600 gramos.<\/li>\n<li class=\"ps-2\"><strong>Dimensiones<\/strong>: 30 cm de ancho, 13 cm de altura y 8 cm de profundidad.<\/li>\n<li class=\"ps-2\"><strong>Chip inteligente<\/strong>: Monitorea el uso del t\u00f3ner.<\/li>\n<\/ul>\n","protected":false},"excerpt":{"rendered":"<p>El <strong>Toner Brother TN-1060<\/strong> es un cartucho de t\u00f3ner negro dise\u00f1ado para impresoras Brother HL-1112, DCP-1512 y MFC-1810. Ofrece un rendimiento de hasta <strong>1,000 p\u00e1ginas<\/strong>. Este cartucho proporciona impresiones de alta resoluci\u00f3n y colores negros intensos, ideales para oficinas en casa o negocios. Adem\u00e1s, cuenta con un chip inteligente que monitorea el uso del t\u00f3ner.<\/p>\n","protected":false},"featured_media":2974,"template":"","meta":[],"product_brand":[],"product_cat":[32],"product_tag":[],"class_list":{"0":"post-2973","1":"product","2":"type-product","3":"status-publish","4":"has-post-thumbnail","6":"product_cat-suministros","8":"first","9":"instock","10":"sale","11":"shipping-taxable","12":"purchasable","13":"product-type-simple"},"_links":{"self":[{"href":"https:\/\/gmegatecnologia.com\/index.php\/wp-json\/wp\/v2\/product\/2973","targetHints":{"allow":["GET"]}}],"collection":[{"href":"https:\/\/gmegatecnologia.com\/index.php\/wp-json\/wp\/v2\/product"}],"about":[{"href":"https:\/\/gmegatecnologia.com\/index.php\/wp-json\/wp\/v2\/types\/product"}],"wp:featuredmedia":[{"embeddable":true,"href":"https:\/\/gmegatecnologia.com\/index.php\/wp-json\/wp\/v2\/media\/2974"}],"wp:attachment":[{"href":"https:\/\/gmegatecnologia.com\/index.php\/wp-json\/wp\/v2\/media?parent=2973"}],"wp:term":[{"taxonomy":"product_brand","embeddable":true,"href":"https:\/\/gmegatecnologia.com\/index.php\/wp-json\/wp\/v2\/product_brand?post=2973"},{"taxonomy":"product_cat","embeddable":true,"href":"https:\/\/gmegatecnologia.com\/index.php\/wp-json\/wp\/v2\/product_cat?post=2973"},{"taxonomy":"product_tag","embeddable":true,"href":"https:\/\/gmegatecnologia.com\/index.php\/wp-json\/wp\/v2\/product_tag?post=2973"}],"curies":[{"name":"wp","href":"https:\/\/api.w.org\/{rel}","templated":true}]}}