{"id":2942,"date":"2025-01-03T17:08:19","date_gmt":"2025-01-03T22:08:19","guid":{"rendered":"https:\/\/gmegatecnologia.com\/?post_type=product&#038;p=2942"},"modified":"2025-01-07T16:22:54","modified_gmt":"2025-01-07T21:22:54","slug":"hikvision-camara-de-tablero-ae-dc2015-b1","status":"publish","type":"product","link":"https:\/\/gmegatecnologia.com\/index.php\/producto\/hikvision-camara-de-tablero-ae-dc2015-b1\/","title":{"rendered":"HIKVISION C\u00c1MARA DE TABLERO (AE-DC2015-B1)"},"content":{"rendered":"<ul>\n<li><strong>Resoluci\u00f3n<\/strong>: Hasta 1080p (1920 x 1080 p\u00edxeles) a 25 fps, y 720p (1280 x 720 p\u00edxeles) a 25 fps<\/li>\n<li><strong>Campo de visi\u00f3n<\/strong>: 166\u00b0 horizontalmente y 115\u00b0 verticalmente<\/li>\n<li><strong>Sensor de imagen<\/strong>: COMS<\/li>\n<li><strong>Lente<\/strong>: 5 G+P con apertura F2.0<\/li>\n<li><strong>Compresi\u00f3n de video<\/strong>: H.264<\/li>\n<li><strong>Almacenamiento<\/strong>: Tarjeta SD, hasta 128 GB (sobrescribiendo soportado)<\/li>\n<li><strong>Sensor G<\/strong>: Integrado para grabaci\u00f3n autom\u00e1tica en caso de colisi\u00f3n o vibraci\u00f3n fuerte<\/li>\n<li><strong>Wi-Fi<\/strong>: Integrado con funci\u00f3n de punto de acceso Wi-Fi<\/li>\n<li><strong>GPS<\/strong>: Integrado<\/li>\n<li><strong>Interfaz de energ\u00eda<\/strong>: 5V DC, 1A<\/li>\n<li><strong>Dimensiones<\/strong>: 59.3 mm x 59.2 mm x 25.6 mm (2.33&#8243; x 2.33&#8243; x 1.01&#8243;)<\/li>\n<li><strong>Peso<\/strong>: 47.3 g (0.10 lb)<\/li>\n<li><strong>Temperatura de operaci\u00f3n<\/strong>: -20\u00b0C a 70\u00b0C (-4\u00b0F a 158\u00b0F)<\/li>\n<li><strong>Humedad de operaci\u00f3n<\/strong>: Hasta 95%<\/li>\n<li><strong>Formato de imagen<\/strong>: JPEG<\/li>\n<li><strong>Actualizaci\u00f3n en l\u00ednea<\/strong>: S\u00ed<\/li>\n<\/ul>\n","protected":false},"excerpt":{"rendered":"<p>El <strong>HIKVISION AE-DC2015-B1<\/strong> es una c\u00e1mara de tablero con resoluci\u00f3n de hasta 1080p (1920 x 1080 p\u00edxeles) y un campo de visi\u00f3n de 166\u00b0 horizontalmente y 115\u00b0 verticalmente. Utiliza un sensor COMS y un lente de 5 G+P con apertura F2.0. La c\u00e1mara cuenta con un sensor G integrado que activa la grabaci\u00f3n autom\u00e1tica en caso de colisi\u00f3n o vibraci\u00f3n fuerte. Tambi\u00e9n incluye Wi-Fi con funci\u00f3n de punto de acceso, GPS y una interfaz USB. La duraci\u00f3n de la bater\u00eda es de hasta 36 meses y soporta tarjetas SD de hasta 128 GB. Es f\u00e1cil de instalar y operar, con bajo consumo de energ\u00eda y alto rendimiento.<\/p>\n","protected":false},"featured_media":2943,"template":"","meta":[],"product_brand":[],"product_cat":[37],"product_tag":[],"class_list":{"0":"post-2942","1":"product","2":"type-product","3":"status-publish","4":"has-post-thumbnail","6":"product_cat-perifericos","8":"first","9":"instock","10":"sale","11":"shipping-taxable","12":"purchasable","13":"product-type-simple"},"_links":{"self":[{"href":"https:\/\/gmegatecnologia.com\/index.php\/wp-json\/wp\/v2\/product\/2942","targetHints":{"allow":["GET"]}}],"collection":[{"href":"https:\/\/gmegatecnologia.com\/index.php\/wp-json\/wp\/v2\/product"}],"about":[{"href":"https:\/\/gmegatecnologia.com\/index.php\/wp-json\/wp\/v2\/types\/product"}],"wp:featuredmedia":[{"embeddable":true,"href":"https:\/\/gmegatecnologia.com\/index.php\/wp-json\/wp\/v2\/media\/2943"}],"wp:attachment":[{"href":"https:\/\/gmegatecnologia.com\/index.php\/wp-json\/wp\/v2\/media?parent=2942"}],"wp:term":[{"taxonomy":"product_brand","embeddable":true,"href":"https:\/\/gmegatecnologia.com\/index.php\/wp-json\/wp\/v2\/product_brand?post=2942"},{"taxonomy":"product_cat","embeddable":true,"href":"https:\/\/gmegatecnologia.com\/index.php\/wp-json\/wp\/v2\/product_cat?post=2942"},{"taxonomy":"product_tag","embeddable":true,"href":"https:\/\/gmegatecnologia.com\/index.php\/wp-json\/wp\/v2\/product_tag?post=2942"}],"curies":[{"name":"wp","href":"https:\/\/api.w.org\/{rel}","templated":true}]}}