{"id":2939,"date":"2025-01-03T17:27:50","date_gmt":"2025-01-03T22:27:50","guid":{"rendered":"https:\/\/gmegatecnologia.com\/?post_type=product&#038;p=2939"},"modified":"2025-01-03T18:03:44","modified_gmt":"2025-01-03T23:03:44","slug":"hikvision-surveillance-camera-indoor-outdoor-ds-2ce56d8t-itzf","status":"publish","type":"product","link":"https:\/\/gmegatecnologia.com\/index.php\/producto\/hikvision-surveillance-camera-indoor-outdoor-ds-2ce56d8t-itzf\/","title":{"rendered":"CAMARA DE VIGILANCIA HIKVISION SURVEILLANCE (DS-2CE56D8T-ITZF)"},"content":{"rendered":"<ul>\n<li><strong>Resoluci\u00f3n<\/strong>: 2 MP (1920 x 1080 p\u00edxeles)<\/li>\n<li><strong>Rendimiento nocturno<\/strong>: Captura im\u00e1genes en ultra-baja iluminaci\u00f3n hasta 0.003 lux<\/li>\n<li><strong>Tecnolog\u00eda WDR<\/strong>: 130 dB para im\u00e1genes claras incluso con fuerte iluminaci\u00f3n de fondo<\/li>\n<li><strong>Tecnolog\u00eda DNR<\/strong>: 3D para im\u00e1genes limpias y n\u00edtidas<\/li>\n<li><strong>Lente<\/strong>: Motorizado, varifocal, 2.7 mm a 13.5 mm (103\u00b0 a 32.1\u00b0)<\/li>\n<li><strong>IR EXIR<\/strong>: Infrarrojos avanzados con alcance de hasta 60 metros<\/li>\n<li><strong>Protecci\u00f3n<\/strong>: Resistente al agua y polvo (IP67) y a vandalismo (IK10)<\/li>\n<li><strong>Modo de operaci\u00f3n<\/strong>: D\u00eda\/Negro autom\u00e1tico, color, blanco y negro<\/li>\n<li><strong>Sistema de se\u00f1al<\/strong>: PAL\/NTSC<\/li>\n<li><strong>Salida de video<\/strong>: TVI\/AHD\/CVI\/CVBS<\/li>\n<li><strong>Dimensiones<\/strong>: 145.2 mm x 124.1 mm (5.72&#8243; x 4.9&#8243;)<\/li>\n<li><strong>Peso<\/strong>: Aproximadamente 610 g (1.34 lb)<\/li>\n<li><strong>Condiciones de operaci\u00f3n<\/strong>: -40\u00b0C a 60\u00b0C (-40\u00b0F a 140\u00b0F), humedad del 90% o menos<\/li>\n<li><strong>Consumo de energ\u00eda<\/strong>: M\u00e1ximo 5.8 W<\/li>\n<\/ul>\n","protected":false},"excerpt":{"rendered":"<p>El <strong>HIKVISION DS-2CE56D8T-ITZF<\/strong> es una c\u00e1mara de vigilancia de 2 MP, ideal tanto para interiores como exteriores. Ofrece un rendimiento nocturno excelente, capturando im\u00e1genes en ultra-baja iluminaci\u00f3n hasta 0.003 lux. Utiliza tecnolog\u00eda WDR de 130 dB para im\u00e1genes claras incluso con fuerte iluminaci\u00f3n de fondo y tecnolog\u00eda DNR 3D para im\u00e1genes limpias y n\u00edtidas. El lente es motorizado y varifocal, con un rango de 2.7 mm a 13.5 mm (103\u00b0 a 32.1\u00b0). Adem\u00e1s, cuenta con infrarrojos avanzados EXIR con alcance de hasta 60 metros, protecci\u00f3n IP67 contra agua y polvo, y protecci\u00f3n IK10 contra vandalismo. Es adecuado tanto para interiores como exteriores y soporta m\u00faltiples sistemas de se\u00f1al (TVI\/AHD\/CVI\/CVBS).<\/p>\n","protected":false},"featured_media":2941,"template":"","meta":[],"product_brand":[],"product_cat":[37],"product_tag":[],"class_list":{"0":"post-2939","1":"product","2":"type-product","3":"status-publish","4":"has-post-thumbnail","6":"product_cat-perifericos","8":"first","9":"instock","10":"shipping-taxable","11":"product-type-simple"},"_links":{"self":[{"href":"https:\/\/gmegatecnologia.com\/index.php\/wp-json\/wp\/v2\/product\/2939","targetHints":{"allow":["GET"]}}],"collection":[{"href":"https:\/\/gmegatecnologia.com\/index.php\/wp-json\/wp\/v2\/product"}],"about":[{"href":"https:\/\/gmegatecnologia.com\/index.php\/wp-json\/wp\/v2\/types\/product"}],"wp:featuredmedia":[{"embeddable":true,"href":"https:\/\/gmegatecnologia.com\/index.php\/wp-json\/wp\/v2\/media\/2941"}],"wp:attachment":[{"href":"https:\/\/gmegatecnologia.com\/index.php\/wp-json\/wp\/v2\/media?parent=2939"}],"wp:term":[{"taxonomy":"product_brand","embeddable":true,"href":"https:\/\/gmegatecnologia.com\/index.php\/wp-json\/wp\/v2\/product_brand?post=2939"},{"taxonomy":"product_cat","embeddable":true,"href":"https:\/\/gmegatecnologia.com\/index.php\/wp-json\/wp\/v2\/product_cat?post=2939"},{"taxonomy":"product_tag","embeddable":true,"href":"https:\/\/gmegatecnologia.com\/index.php\/wp-json\/wp\/v2\/product_tag?post=2939"}],"curies":[{"name":"wp","href":"https:\/\/api.w.org\/{rel}","templated":true}]}}