{"id":2938,"date":"2025-01-03T17:28:05","date_gmt":"2025-01-03T22:28:05","guid":{"rendered":"https:\/\/gmegatecnologia.com\/?post_type=product&#038;p=2938"},"modified":"2025-01-07T16:27:29","modified_gmt":"2025-01-07T21:27:29","slug":"hikvision-network-surveillance-camera-ds-2cd1623g2-lizu","status":"publish","type":"product","link":"https:\/\/gmegatecnologia.com\/index.php\/producto\/hikvision-network-surveillance-camera-ds-2cd1623g2-lizu\/","title":{"rendered":"CAMARA DE VIGILANCIA HIKVISION NETWORK SURVEILLANCE (DS-2CD1623G2-LIZU)"},"content":{"rendered":"<ul>\n<li><strong>Resoluci\u00f3n<\/strong>: 2 MP (1920 x 1080 p\u00edxeles)<\/li>\n<li><strong>Rendimiento nocturno<\/strong>: Captura im\u00e1genes en baja iluminaci\u00f3n hasta 0.005 lux con IR<\/li>\n<li><strong>Tecnolog\u00eda DWDR<\/strong>: 120 dB para im\u00e1genes claras incluso con fuerte iluminaci\u00f3n de fondo<\/li>\n<li><strong>Lente<\/strong>: Motorizado, varifocal, 2.8 mm a 12 mm (102.4\u00b0 a 31.2\u00b0)<\/li>\n<li><strong>IR EXIR<\/strong>: Infrarrojos avanzados con alcance de hasta 50 metros<\/li>\n<li><strong>Protecci\u00f3n<\/strong>: Resistente al agua y polvo (IP67)<\/li>\n<li><strong>Modo de operaci\u00f3n<\/strong>: D\u00eda\/Negro autom\u00e1tico, color, blanco y negro<\/li>\n<li><strong>Sistema de se\u00f1al<\/strong>: TCP\/IP, HTTP, RTP, RTSP, RTCP, NTP, IGMP, IPv6, UDP, QoS, FTP, SMTP<\/li>\n<li><strong>Salida de video<\/strong>: H.265+\/H.265\/H.264+\/H.264, sub-stream H.265\/H.264\/MJPEG<\/li>\n<li><strong>Dimensiones<\/strong>: 145 mm x 124 mm (5.7&#8243; x 4.9&#8243;)<\/li>\n<li><strong>Peso<\/strong>: Aproximadamente 600 g (1.32 lb)<\/li>\n<li><strong>Condiciones de operaci\u00f3n<\/strong>: -40\u00b0C a 60\u00b0C (-40\u00b0F a 140\u00b0F), humedad del 90% o menos<\/li>\n<li><strong>Consumo de energ\u00eda<\/strong>: M\u00e1ximo 11 W<\/li>\n<\/ul>\n","protected":false},"excerpt":{"rendered":"<p>El <strong>HIKVISION DS-2CD1623G2-LIZU<\/strong> es una c\u00e1mara de vigilancia de red con una resoluci\u00f3n de 2 MP, ideal para aplicaciones tanto interiores como exteriores. Utiliza tecnolog\u00eda DWDR de 120 dB para im\u00e1genes claras incluso con fuerte iluminaci\u00f3n de fondo y cuenta con un lente motorizado varifocal de 2.8 mm a 12 mm. Adem\u00e1s, ofrece infrarrojos avanzados EXIR con alcance de hasta 50 metros y protecci\u00f3n IP67 contra agua y polvo. La c\u00e1mara soporta m\u00faltiples protocolos de red, incluyendo TCP\/IP, HTTP, RTP, RTSP, y m\u00e1s. Tambi\u00e9n incluye detecci\u00f3n de personas y veh\u00edculos, y puede almacenar hasta 512 GB en una tarjeta SD.<\/p>\n","protected":false},"featured_media":2937,"template":"","meta":[],"product_brand":[],"product_cat":[37],"product_tag":[],"class_list":{"0":"post-2938","1":"product","2":"type-product","3":"status-publish","4":"has-post-thumbnail","6":"product_cat-perifericos","8":"first","9":"instock","10":"sale","11":"shipping-taxable","12":"purchasable","13":"product-type-simple"},"_links":{"self":[{"href":"https:\/\/gmegatecnologia.com\/index.php\/wp-json\/wp\/v2\/product\/2938","targetHints":{"allow":["GET"]}}],"collection":[{"href":"https:\/\/gmegatecnologia.com\/index.php\/wp-json\/wp\/v2\/product"}],"about":[{"href":"https:\/\/gmegatecnologia.com\/index.php\/wp-json\/wp\/v2\/types\/product"}],"wp:featuredmedia":[{"embeddable":true,"href":"https:\/\/gmegatecnologia.com\/index.php\/wp-json\/wp\/v2\/media\/2937"}],"wp:attachment":[{"href":"https:\/\/gmegatecnologia.com\/index.php\/wp-json\/wp\/v2\/media?parent=2938"}],"wp:term":[{"taxonomy":"product_brand","embeddable":true,"href":"https:\/\/gmegatecnologia.com\/index.php\/wp-json\/wp\/v2\/product_brand?post=2938"},{"taxonomy":"product_cat","embeddable":true,"href":"https:\/\/gmegatecnologia.com\/index.php\/wp-json\/wp\/v2\/product_cat?post=2938"},{"taxonomy":"product_tag","embeddable":true,"href":"https:\/\/gmegatecnologia.com\/index.php\/wp-json\/wp\/v2\/product_tag?post=2938"}],"curies":[{"name":"wp","href":"https:\/\/api.w.org\/{rel}","templated":true}]}}