{"id":2930,"date":"2024-12-31T12:57:01","date_gmt":"2024-12-31T17:57:01","guid":{"rendered":"https:\/\/gmegatecnologia.com\/?post_type=product&#038;p=2930"},"modified":"2024-12-31T12:57:01","modified_gmt":"2024-12-31T17:57:01","slug":"parlante-creative-t60-2-0-30w-usb-c-bluetooth-inalambrico-negro","status":"publish","type":"product","link":"https:\/\/gmegatecnologia.com\/index.php\/producto\/parlante-creative-t60-2-0-30w-usb-c-bluetooth-inalambrico-negro\/","title":{"rendered":"PARLANTE CREATIVE T60 2.0 30W USB-C BLUETOOTH\/INALAMBRICO NEGRO"},"content":{"rendered":"<ul>\n<li><strong>Potencia<\/strong>: 30W<\/li>\n<li><strong>Conectividad<\/strong>: USB-C, Bluetooth 5.0, Conector de 3.5 mm<\/li>\n<li><strong>Color<\/strong>: Negro<\/li>\n<li><strong>Tecnolog\u00eda de audio<\/strong>: Sound Blaster Clear Dialog y Surround<\/li>\n<li><strong>Amplificador<\/strong>: Digital incorporado<\/li>\n<li><strong>Rango de frecuencia<\/strong>: 50Hz &#8211; 20kHz<\/li>\n<li><strong>Dimensiones<\/strong>: 15.7 cm x 9.2 cm x 19.9 cm<\/li>\n<li><strong>Peso<\/strong>: Altavoz Izquierdo: 850g, Altavoz Derecho: 983g<\/li>\n<li><strong>Resistencia a golpes<\/strong>: 1500 G\/0.5 ms<\/li>\n<\/ul>\n","protected":false},"excerpt":{"rendered":"<p>El <strong>parlante Creative T60 2.0<\/strong> es un altavoz de escritorio compacto con una potencia de <strong>30W<\/strong>. Cuenta con conectividad <strong>USB-C<\/strong>, <strong>Bluetooth 5.0<\/strong> y un conector de 3.5 mm para aud\u00edfonos y micr\u00f3fonos. Ofrece un sonido de alta calidad con tecnolog\u00eda <strong>Sound Blaster<\/strong> para una mejor claridad de di\u00e1logos y un sonido envolvente. Su dise\u00f1o elegante en negro y su f\u00e1cil acceso al conmutador entre altavoces y aud\u00edfonos lo hacen ideal para PC, consolas de videojuegos y llamadas de trabajo.<\/p>\n","protected":false},"featured_media":2931,"template":"","meta":[],"product_brand":[],"product_cat":[37],"product_tag":[],"class_list":{"0":"post-2930","1":"product","2":"type-product","3":"status-publish","4":"has-post-thumbnail","6":"product_cat-perifericos","8":"first","9":"instock","10":"sale","11":"shipping-taxable","12":"purchasable","13":"product-type-simple"},"_links":{"self":[{"href":"https:\/\/gmegatecnologia.com\/index.php\/wp-json\/wp\/v2\/product\/2930","targetHints":{"allow":["GET"]}}],"collection":[{"href":"https:\/\/gmegatecnologia.com\/index.php\/wp-json\/wp\/v2\/product"}],"about":[{"href":"https:\/\/gmegatecnologia.com\/index.php\/wp-json\/wp\/v2\/types\/product"}],"wp:featuredmedia":[{"embeddable":true,"href":"https:\/\/gmegatecnologia.com\/index.php\/wp-json\/wp\/v2\/media\/2931"}],"wp:attachment":[{"href":"https:\/\/gmegatecnologia.com\/index.php\/wp-json\/wp\/v2\/media?parent=2930"}],"wp:term":[{"taxonomy":"product_brand","embeddable":true,"href":"https:\/\/gmegatecnologia.com\/index.php\/wp-json\/wp\/v2\/product_brand?post=2930"},{"taxonomy":"product_cat","embeddable":true,"href":"https:\/\/gmegatecnologia.com\/index.php\/wp-json\/wp\/v2\/product_cat?post=2930"},{"taxonomy":"product_tag","embeddable":true,"href":"https:\/\/gmegatecnologia.com\/index.php\/wp-json\/wp\/v2\/product_tag?post=2930"}],"curies":[{"name":"wp","href":"https:\/\/api.w.org\/{rel}","templated":true}]}}